{"id":1681,"date":"2026-02-03T02:09:44","date_gmt":"2026-02-03T02:09:44","guid":{"rendered":"https:\/\/www.fsyougel.com\/?post_type=product&#038;p=1681"},"modified":"2026-03-16T08:34:33","modified_gmt":"2026-03-16T08:34:33","slug":"tpo-free-nail-gel-polish-bulk-supply","status":"publish","type":"product","link":"https:\/\/www.fsyougel.com\/fr\/produit\/tpo-free-nail-gel-polish-bulk-supply\/","title":{"rendered":"TPO-Free Nail Gel Polish Bulk Supply | OEM\/ODM Manufacturer 3000+ Colors KG Package"},"content":{"rendered":"<div class=\"wp-block-columns is-layout-flex wp-container-core-columns-is-layout-9d6595d7 wp-block-columns-is-layout-flex\">\n<div class=\"wp-block-column is-layout-flow wp-block-column-is-layout-flow\">\n<h2 class=\"wp-block-heading\">Approvisionnement en vrac de gel de vernis \u00e0 ongles sans TPO Caract\u00e9ristiques :<\/h2>\n\n\n\n<ul class=\"wp-block-list\">\n<li><strong>Plus de 3 000 options de couleurs :<\/strong> Nous proposons plus de 3 000 nuances de couleurs tendance qui peuvent \u00eatre combin\u00e9es de mani\u00e8re flexible pour r\u00e9pondre aux demandes du march\u00e9, ce qui permet aux clients de cr\u00e9er une gamme diversifi\u00e9e de vernis \u00e0 ongles en gel sans TPO en vrac.<\/li>\n\n\n\n<li><strong>Approvisionnement en gros volumes :<\/strong> Disponibles en 1 kg, 5 kg et autres options de conditionnement en kilogrammes, ils conviennent \u00e0 l'embouteillage de marques, \u00e0 la production OEM et \u00e0 l'achat en vrac pour r\u00e9pondre aux besoins des clients de toutes tailles.<\/li>\n\n\n\n<li><strong>Formulation s\u00fbre sans TPO :<\/strong> Utilise un syst\u00e8me de formulation de soin des ongles plus s\u00fbr, \u00e0 faible odeur et plus doux, qui s'aligne sur les tendances actuelles du march\u00e9 international en faveur de produits pour les ongles sains et respectueux de l'environnement.<\/li>\n\n\n\n<li><strong>Texture de gel lisse et stable : <\/strong>Le gel a une consistance fine et uniforme qui s'applique de mani\u00e8re riche et lisse sans former de grumeaux ni couler, ce qui le rend adapt\u00e9 aux salons de coiffure professionnels et au d\u00e9veloppement de produits de marque.<\/li>\n\n\n\n<li><strong>Avantage de la tarification directe<\/strong>: En tant que fabricant professionnel, nous offrons un approvisionnement stable de vernis \u00e0 ongles sans TPO en vrac \u00e0 des prix de gros comp\u00e9titifs, aidant ainsi les clients \u00e0 r\u00e9duire leurs co\u00fbts d'approvisionnement.<\/li>\n\n\n\n<li><strong>Soutien aux \u00e9chantillons gratuits :<\/strong> Nous proposons des tests sur \u00e9chantillons afin que les clients puissent v\u00e9rifier la couleur, la texture et la qualit\u00e9 avant d'acheter en gros, minimisant ainsi les risques li\u00e9s \u00e0 l'approvisionnement.<\/li>\n\n\n\n<li><strong>Services de personnalisation OEM\/ODM : <\/strong>Nous prenons en charge le d\u00e9veloppement des couleurs, l'ajustement des formules, la conception des emballages et la cr\u00e9ation de logos personnalis\u00e9s, afin d'aider les clients \u00e0 \u00e9tablir rapidement leurs propres marques exclusives de soins des ongles.<\/li>\n\n\n\n<li><strong>Convient aux ventes multi-canaux :<\/strong> Id\u00e9al pour la fabrication de marques priv\u00e9es, le d\u00e9veloppement de produits pour salons de manucure, les plateformes de commerce \u00e9lectronique et les march\u00e9s transfrontaliers, avec un fort potentiel de croissance du march\u00e9.<\/li>\n<\/ul>\n<\/div>\n\n\n\n<div class=\"wp-block-column is-layout-flow wp-block-column-is-layout-flow\">\n<figure class=\"wp-block-image size-full\"><img decoding=\"async\" width=\"1500\" height=\"1500\" src=\"https:\/\/www.fsyougel.com\/wp-content\/uploads\/2026\/03\/TPO-Free-Nail-Gel-Polish-Bulk-Supply-4.webp\" alt=\"Approvisionnement en vrac de gel de vernis \u00e0 ongles sans TPO (4)\" class=\"wp-image-1685\" srcset=\"https:\/\/www.fsyougel.com\/wp-content\/uploads\/2026\/03\/TPO-Free-Nail-Gel-Polish-Bulk-Supply-4.webp 1500w, https:\/\/www.fsyougel.com\/wp-content\/uploads\/2026\/03\/TPO-Free-Nail-Gel-Polish-Bulk-Supply-4-300x300.webp 300w, https:\/\/www.fsyougel.com\/wp-content\/uploads\/2026\/03\/TPO-Free-Nail-Gel-Polish-Bulk-Supply-4-150x150.webp 150w, https:\/\/www.fsyougel.com\/wp-content\/uploads\/2026\/03\/TPO-Free-Nail-Gel-Polish-Bulk-Supply-4-768x768.webp 768w, https:\/\/www.fsyougel.com\/wp-content\/uploads\/2026\/03\/TPO-Free-Nail-Gel-Polish-Bulk-Supply-4-12x12.webp 12w, https:\/\/www.fsyougel.com\/wp-content\/uploads\/2026\/03\/TPO-Free-Nail-Gel-Polish-Bulk-Supply-4-1200x1200.webp 1200w, https:\/\/www.fsyougel.com\/wp-content\/uploads\/2026\/03\/TPO-Free-Nail-Gel-Polish-Bulk-Supply-4-600x600.webp 600w, https:\/\/www.fsyougel.com\/wp-content\/uploads\/2026\/03\/TPO-Free-Nail-Gel-Polish-Bulk-Supply-4-100x100.webp 100w\" sizes=\"(max-width: 1500px) 100vw, 1500px\" \/><\/figure>\n<\/div>\n<\/div>","protected":false},"excerpt":{"rendered":"<p data-start=\"398\" data-end=\"682\">Nous vous invitons \u00e0 acheter notre vernis \u00e0 ongles en gel sans TPO en vrac, avec plus de 3000 options de couleurs et un grand emballage KG. Prix de gros direct, \u00e9chantillons gratuits, qualit\u00e9 stable et fabrication professionnelle OEM\/ODM pour les marques d'ongles et les salons de coiffure du monde entier.<\/p>\n<table border=\"0\" width=\"854\" cellspacing=\"0\" cellpadding=\"0\">\n<tbody>\n<tr>\n<td class=\"et3\" width=\"257\" height=\"44\">Marque<\/td>\n<td class=\"et3\" width=\"597\">YouGel<\/td>\n<\/tr>\n<tr>\n<td class=\"et4\" width=\"257\" height=\"44\">Num\u00e9ro de mod\u00e8le<\/td>\n<td class=\"et4\" width=\"597\">S202<\/td>\n<\/tr>\n<tr>\n<td class=\"et4\" width=\"257\" height=\"44\">Type de produit<\/td>\n<td class=\"et4\" width=\"597\">Gel de polissage UV\/LED<\/td>\n<\/tr>\n<tr>\n<td class=\"et4\" width=\"257\" height=\"44\">Mat\u00e9riau<\/td>\n<td class=\"et4\" width=\"597\">R\u00e9sine<\/td>\n<\/tr>\n<tr>\n<td class=\"et4\" width=\"257\" height=\"44\">Couleur<\/td>\n<td class=\"et4\" width=\"597\">3000+ couleurs<\/td>\n<\/tr>\n<tr>\n<td class=\"et4\" width=\"257\" height=\"44\">Volume<\/td>\n<td class=\"et4\" width=\"597\">1 kg\/5 kg\/20 kg<\/td>\n<\/tr>\n<tr>\n<td class=\"et4\" width=\"257\" height=\"44\">S\u00e9curit\u00e9<\/td>\n<td class=\"et4\" width=\"597\">Sans HEMA, sans TPO, non toxique, MSDS disponible<\/td>\n<\/tr>\n<tr>\n<td class=\"et4\" width=\"257\" height=\"44\">MOQ<\/td>\n<td class=\"et4\" width=\"597\">Faible MOQ<\/td>\n<\/tr>\n<tr>\n<td class=\"et4\" width=\"257\" height=\"44\">\u00c9chantillon gratuit<\/td>\n<td class=\"et4\" width=\"597\">Disponible<\/td>\n<\/tr>\n<tr>\n<td class=\"et4\" width=\"257\" height=\"82\">Option personnalis\u00e9e<\/td>\n<td class=\"et4\" width=\"597\">Services OEM\/ODM, prise en charge des logos, \u00e9tiquettes et emballages personnalis\u00e9s<\/td>\n<\/tr>\n<\/tbody>\n<\/table>\n<h2 class=\"brxe-heading\">Du fabricant de vernis en gel<\/h2>\n<p><a href=\"https:\/\/www.fsyougel.com\/fr\/\"><strong>YouGel<\/strong><\/a> est un fabricant de vernis en gel de confiance, qui propose des couches de base en gel de haute qualit\u00e9 adapt\u00e9es aux ongles UV\/LED. Nos produits sont con\u00e7us pour garantir une application en douceur, une tenue longue dur\u00e9e et un retrait facile.<\/p>","protected":false},"featured_media":1683,"comment_status":"closed","ping_status":"closed","template":"","meta":{"_acf_changed":false},"product_brand":[],"product_cat":[19],"product_tag":[],"class_list":{"0":"post-1681","1":"product","2":"type-product","3":"status-publish","4":"has-post-thumbnail","6":"product_cat-gel-polish-color-wholesale","8":"first","9":"instock","10":"shipping-taxable","11":"product-type-simple"},"acf":[],"_links":{"self":[{"href":"https:\/\/www.fsyougel.com\/fr\/wp-json\/wp\/v2\/product\/1681","targetHints":{"allow":["GET"]}}],"collection":[{"href":"https:\/\/www.fsyougel.com\/fr\/wp-json\/wp\/v2\/product"}],"about":[{"href":"https:\/\/www.fsyougel.com\/fr\/wp-json\/wp\/v2\/types\/product"}],"replies":[{"embeddable":true,"href":"https:\/\/www.fsyougel.com\/fr\/wp-json\/wp\/v2\/comments?post=1681"}],"wp:featuredmedia":[{"embeddable":true,"href":"https:\/\/www.fsyougel.com\/fr\/wp-json\/wp\/v2\/media\/1683"}],"wp:attachment":[{"href":"https:\/\/www.fsyougel.com\/fr\/wp-json\/wp\/v2\/media?parent=1681"}],"wp:term":[{"taxonomy":"product_brand","embeddable":true,"href":"https:\/\/www.fsyougel.com\/fr\/wp-json\/wp\/v2\/product_brand?post=1681"},{"taxonomy":"product_cat","embeddable":true,"href":"https:\/\/www.fsyougel.com\/fr\/wp-json\/wp\/v2\/product_cat?post=1681"},{"taxonomy":"product_tag","embeddable":true,"href":"https:\/\/www.fsyougel.com\/fr\/wp-json\/wp\/v2\/product_tag?post=1681"}],"curies":[{"name":"wp","href":"https:\/\/api.w.org\/{rel}","templated":true}]}}