{"id":1696,"date":"2026-02-06T03:08:30","date_gmt":"2026-02-06T03:08:30","guid":{"rendered":"https:\/\/www.fsyougel.com\/?post_type=product&#038;p=1696"},"modified":"2026-03-16T08:34:10","modified_gmt":"2026-03-16T08:34:10","slug":"15ml-vegan-gel-nail-polish-wholesale","status":"publish","type":"product","link":"https:\/\/www.fsyougel.com\/fr\/produit\/15ml-vegan-gel-nail-polish-wholesale\/","title":{"rendered":"15ML Vegan Gel Nail Polish Wholesale, TPO-Free Formula UV\/LED Esmalte Permanente Supplier"},"content":{"rendered":"<div class=\"wp-block-columns is-layout-flex wp-container-core-columns-is-layout-9d6595d7 wp-block-columns-is-layout-flex\">\n<div class=\"wp-block-column is-layout-flow wp-block-column-is-layout-flow\">\n<h2 class=\"wp-block-heading\">15ML Vegan Gel Nail Polish Wholesale Caract\u00e9ristiques :<\/h2>\n\n\n\n<ul class=\"wp-block-list\">\n<li><strong>Formule v\u00e9g\u00e9talienne tr\u00e8s bien accept\u00e9e par le march\u00e9<\/strong>: Notre ligne de vernis \u00e0 ongles gel vegan 15ml en gros pr\u00e9sente un syst\u00e8me de formulation vegan sans ingr\u00e9dients d'origine animale, s'alignant sur les tendances actuelles des consommateurs sur les march\u00e9s europ\u00e9ens et am\u00e9ricains pour des produits de beaut\u00e9 \u00e9cologiques et durables.<\/li>\n\n\n\n<li><strong>Formule sans TPO et sans danger : <\/strong>Le produit est formul\u00e9 avec une conception sans TPO plus s\u00fbre, ce qui se traduit par une odeur plus faible et une exp\u00e9rience d'utilisation plus confortable, ce qui le rend id\u00e9al pour cr\u00e9er une s\u00e9rie de vernis \u00e0 ongles en gel v\u00e9g\u00e9talien de 15 ml de haute qualit\u00e9 en gros.<\/li>\n\n\n\n<li><strong>15mL Grande capacit\u00e9, conditionnement \u00e9conomique :<\/strong> Le flacon standard de 15 ml r\u00e9pond aux exigences d'utilisation fr\u00e9quente des salons de manucure professionnels, tout en \u00e9tant adapt\u00e9 aux canaux de vente en gros et de commerce \u00e9lectronique, ce qui am\u00e9liore le rapport qualit\u00e9-prix du produit.<\/li>\n\n\n\n<li><strong>Durcissement stable avec les lampes UV\/LED :<\/strong> Compatible avec les lampes \u00e0 ongles UV et LED pour un durcissement rapide, il offre une finition uniforme et une forte adh\u00e9rence, offrant des r\u00e9sultats durables et brillants pour notre vernis \u00e0 ongles gel vegan de 15mL en gros.<\/li>\n\n\n\n<li><strong>Couleur riche et application douce : <\/strong>La formule du gel est fine et lisse, avec une grande saturation des couleurs. Elle s'applique uniform\u00e9ment sans couler, ce qui la rend id\u00e9ale pour les salons professionnels et le d\u00e9veloppement de produits de marque.<\/li>\n\n\n\n<li><strong>Prix de gros direct de l'usine : <\/strong>En tant que fabricant d'origine, nous offrons des capacit\u00e9s d'approvisionnement stables pour le vernis \u00e0 ongles gel vegan 15ml en gros et fournissons des prix de gros comp\u00e9titifs.<\/li>\n\n\n\n<li><strong>\u00c9chantillons gratuits pour essai : <\/strong>Pour aider les clients \u00e0 acheter en toute confiance, nous proposons des services d'essai d'\u00e9chantillons gratuits. Les clients peuvent ainsi v\u00e9rifier la couleur, la texture et la qualit\u00e9 avant de passer une commande en gros.<\/li>\n\n\n\n<li><strong>Convient aux ventes multi-canaux : <\/strong>Notre vernis \u00e0 ongles en gel v\u00e9g\u00e9talien de 15 ml est id\u00e9al pour les propri\u00e9taires de marques, les grossistes, les cha\u00eenes de salons de manucure et les plateformes de commerce \u00e9lectronique transfrontali\u00e8res, offrant un fort potentiel de croissance du march\u00e9.<\/li>\n<\/ul>\n<\/div>\n\n\n\n<div class=\"wp-block-column is-layout-flow wp-block-column-is-layout-flow\">\n<figure class=\"wp-block-image size-full\"><img decoding=\"async\" width=\"1500\" height=\"1500\" src=\"https:\/\/www.fsyougel.com\/wp-content\/uploads\/2026\/03\/15ML-Vegan-Gel-Nail-Polish-Wholesale-6.webp\" alt=\"15ML Vernis \u00e0 ongles gel v\u00e9g\u00e9talien en gros (6)\" class=\"wp-image-1702\" srcset=\"https:\/\/www.fsyougel.com\/wp-content\/uploads\/2026\/03\/15ML-Vegan-Gel-Nail-Polish-Wholesale-6.webp 1500w, https:\/\/www.fsyougel.com\/wp-content\/uploads\/2026\/03\/15ML-Vegan-Gel-Nail-Polish-Wholesale-6-300x300.webp 300w, https:\/\/www.fsyougel.com\/wp-content\/uploads\/2026\/03\/15ML-Vegan-Gel-Nail-Polish-Wholesale-6-150x150.webp 150w, https:\/\/www.fsyougel.com\/wp-content\/uploads\/2026\/03\/15ML-Vegan-Gel-Nail-Polish-Wholesale-6-768x768.webp 768w, https:\/\/www.fsyougel.com\/wp-content\/uploads\/2026\/03\/15ML-Vegan-Gel-Nail-Polish-Wholesale-6-12x12.webp 12w, https:\/\/www.fsyougel.com\/wp-content\/uploads\/2026\/03\/15ML-Vegan-Gel-Nail-Polish-Wholesale-6-1200x1200.webp 1200w, https:\/\/www.fsyougel.com\/wp-content\/uploads\/2026\/03\/15ML-Vegan-Gel-Nail-Polish-Wholesale-6-600x600.webp 600w, https:\/\/www.fsyougel.com\/wp-content\/uploads\/2026\/03\/15ML-Vegan-Gel-Nail-Polish-Wholesale-6-100x100.webp 100w\" sizes=\"(max-width: 1500px) 100vw, 1500px\" \/><\/figure>\n<\/div>\n<\/div>","protected":false},"excerpt":{"rendered":"<p data-start=\"398\" data-end=\"682\">Bienvenue sur notre site de vente en gros de vernis \u00e0 ongles en gel v\u00e9g\u00e9talien 15ML, avec une formule sans TPO et un s\u00e9chage UV\/LED en douceur. Prix de gros direct, \u00e9chantillons gratuits et approvisionnement fiable pour les marques d'ongles, les distributeurs et les salons.<\/p>\n<table border=\"0\" width=\"854\" cellspacing=\"0\" cellpadding=\"0\">\n<tbody>\n<tr>\n<td class=\"et3\" width=\"257\" height=\"44\">Marque<\/td>\n<td class=\"et3\" width=\"597\">YouGel<\/td>\n<\/tr>\n<tr>\n<td class=\"et4\" width=\"257\" height=\"44\">Num\u00e9ro de mod\u00e8le<\/td>\n<td class=\"et4\" width=\"597\">S202<\/td>\n<\/tr>\n<tr>\n<td class=\"et4\" width=\"257\" height=\"44\">Type de produit<\/td>\n<td class=\"et4\" width=\"597\">Gel de polissage UV\/LED<\/td>\n<\/tr>\n<tr>\n<td class=\"et4\" width=\"257\" height=\"44\">Mat\u00e9riau<\/td>\n<td class=\"et4\" width=\"597\">R\u00e9sine<\/td>\n<\/tr>\n<tr>\n<td class=\"et4\" width=\"257\" height=\"44\">Couleur<\/td>\n<td class=\"et4\" width=\"597\">3000+ couleurs<\/td>\n<\/tr>\n<tr>\n<td class=\"et4\" width=\"257\" height=\"44\">Volume<\/td>\n<td class=\"et4\" width=\"597\">15ml<\/td>\n<\/tr>\n<tr>\n<td class=\"et4\" width=\"257\" height=\"44\">S\u00e9curit\u00e9<\/td>\n<td class=\"et4\" width=\"597\">Sans HEMA, sans TPO, non toxique, MSDS disponible<\/td>\n<\/tr>\n<tr>\n<td class=\"et4\" width=\"257\" height=\"44\">MOQ<\/td>\n<td class=\"et4\" width=\"597\">Faible MOQ<\/td>\n<\/tr>\n<tr>\n<td class=\"et4\" width=\"257\" height=\"44\">\u00c9chantillon gratuit<\/td>\n<td class=\"et4\" width=\"597\">Disponible<\/td>\n<\/tr>\n<tr>\n<td class=\"et4\" width=\"257\" height=\"82\">Option personnalis\u00e9e<\/td>\n<td class=\"et4\" width=\"597\">Services OEM\/ODM, prise en charge des logos, \u00e9tiquettes et emballages personnalis\u00e9s<\/td>\n<\/tr>\n<\/tbody>\n<\/table>\n<h2 class=\"brxe-heading\">Du fabricant de vernis en gel<\/h2>\n<p><a href=\"https:\/\/www.fsyougel.com\/fr\/\"><strong>YouGel<\/strong><\/a> est un fabricant de vernis en gel de confiance, qui propose des couches de base en gel de haute qualit\u00e9 adapt\u00e9es aux ongles UV\/LED. Nos produits sont con\u00e7us pour garantir une application en douceur, une tenue longue dur\u00e9e et un retrait facile.<\/p>","protected":false},"featured_media":1699,"comment_status":"closed","ping_status":"closed","template":"","meta":{"_acf_changed":false},"product_brand":[],"product_cat":[19],"product_tag":[],"class_list":{"0":"post-1696","1":"product","2":"type-product","3":"status-publish","4":"has-post-thumbnail","6":"product_cat-gel-polish-color-wholesale","8":"first","9":"instock","10":"shipping-taxable","11":"product-type-simple"},"acf":[],"_links":{"self":[{"href":"https:\/\/www.fsyougel.com\/fr\/wp-json\/wp\/v2\/product\/1696","targetHints":{"allow":["GET"]}}],"collection":[{"href":"https:\/\/www.fsyougel.com\/fr\/wp-json\/wp\/v2\/product"}],"about":[{"href":"https:\/\/www.fsyougel.com\/fr\/wp-json\/wp\/v2\/types\/product"}],"replies":[{"embeddable":true,"href":"https:\/\/www.fsyougel.com\/fr\/wp-json\/wp\/v2\/comments?post=1696"}],"wp:featuredmedia":[{"embeddable":true,"href":"https:\/\/www.fsyougel.com\/fr\/wp-json\/wp\/v2\/media\/1699"}],"wp:attachment":[{"href":"https:\/\/www.fsyougel.com\/fr\/wp-json\/wp\/v2\/media?parent=1696"}],"wp:term":[{"taxonomy":"product_brand","embeddable":true,"href":"https:\/\/www.fsyougel.com\/fr\/wp-json\/wp\/v2\/product_brand?post=1696"},{"taxonomy":"product_cat","embeddable":true,"href":"https:\/\/www.fsyougel.com\/fr\/wp-json\/wp\/v2\/product_cat?post=1696"},{"taxonomy":"product_tag","embeddable":true,"href":"https:\/\/www.fsyougel.com\/fr\/wp-json\/wp\/v2\/product_tag?post=1696"}],"curies":[{"name":"wp","href":"https:\/\/api.w.org\/{rel}","templated":true}]}}