{"id":1722,"date":"2026-03-16T18:32:33","date_gmt":"2026-03-16T18:32:33","guid":{"rendered":"https:\/\/www.fsyougel.com\/?post_type=product&#038;p=1722"},"modified":"2026-03-16T18:48:24","modified_gmt":"2026-03-16T18:48:24","slug":"bulk-fruit-cat-eye-gel-polish","status":"publish","type":"product","link":"https:\/\/www.fsyougel.com\/fr\/produit\/bulk-fruit-cat-eye-gel-polish\/","title":{"rendered":"Vernis gel pour yeux de chat en vrac, Nouveau vernis \u00e0 ongles magn\u00e9tique Professionnel ODM Fournisseur de vernis \u00e0 ongles sur mesure"},"content":{"rendered":"<div class=\"wp-block-columns is-layout-flex wp-container-core-columns-is-layout-9d6595d7 wp-block-columns-is-layout-flex\">\n<div class=\"wp-block-column is-layout-flow wp-block-column-is-layout-flow\">\n<h2 class=\"wp-block-heading\">Bulk Fruit Cat Eye Gel Polish Caract\u00e9ristiques :<\/h2>\n\n\n\n<ul class=\"wp-block-list\">\n<li><strong>Effets cat-eye inspir\u00e9s des fruits, avec une touche tendance :<\/strong> Notre vernis gel en vrac Fruit Cat Eye pr\u00e9sente des couleurs vibrantes, inspir\u00e9es des fruits, combin\u00e9es \u00e0 un effet \u0153il de chat magn\u00e9tique, cr\u00e9ant des changements de lumi\u00e8re et d'ombre dimensionnels qui rendent vos dessins d'ongles plus \u00e0 la mode et plus accrocheurs.<\/li>\n\n\n\n<li><strong>Effets visuels de l'\u0153il de chat fortement magn\u00e9tique<\/strong>: En tant que fabricant professionnel, notre gel polonais en vrac Fruit Cat Eye contient des particules magn\u00e9tiques distinctes qui, lorsqu'elles sont activ\u00e9es par un aimant, forment facilement une vari\u00e9t\u00e9 de motifs d'yeux de chat, tels que des effets de galaxie et de lumi\u00e8re fluide.<\/li>\n\n\n\n<li><strong>UV\/LED Dual-Light Rapid Curing (durcissement rapide) : <\/strong>Compatible avec les lampes UV et LED, ce produit durcit rapidement et offre une forte adh\u00e9rence, garantissant une performance efficace et fiable dans les salons de manucure professionnels.<\/li>\n\n\n\n<li><strong>Gel lisse \u00e0 texture fine pour une application facile :<\/strong> Le gel a une texture fine et lisse avec d'excellentes propri\u00e9t\u00e9s autonivelantes. Il s'applique uniform\u00e9ment sans s'affaisser, ce qui permet aux proth\u00e9sistes ongulaires de cr\u00e9er sans effort d'exquis dessins en forme d'\u0153il de chat.<\/li>\n\n\n\n<li><strong>ODM Personnalisation de la marque :<\/strong> Nous offrons des services ODM complets pour le vernis en vrac Fruit Cat Eye Gel Polish, y compris le d\u00e9veloppement des couleurs, la s\u00e9lection des bouteilles, l'impression du logo et la conception de l'emballage, afin d'aider les clients \u00e0 cr\u00e9er leurs propres marques d'ongles ind\u00e9pendantes.<\/li>\n\n\n\n<li><strong>Prix de gros direct de l'usine : <\/strong>En tant que fabricant direct, nous assurons un approvisionnement stable en Gel Polish yeux de chat aux fruits en vrac et offrons des prix de gros tr\u00e8s comp\u00e9titifs.<\/li>\n\n\n\n<li><strong>\u00c9chantillons gratuits \u00e0 tester<\/strong>: Pour aider les acheteurs \u00e0 minimiser les risques li\u00e9s \u00e0 l'approvisionnement, nous proposons des services d'essai d'\u00e9chantillons gratuits. Les clients peuvent ainsi v\u00e9rifier la performance et la qualit\u00e9 des produits avant de passer des commandes en gros.<\/li>\n<\/ul>\n<\/div>\n\n\n\n<div class=\"wp-block-column is-layout-flow wp-block-column-is-layout-flow\">\n<figure class=\"wp-block-image size-full\"><img decoding=\"async\" width=\"1500\" height=\"1789\" src=\"https:\/\/www.fsyougel.com\/wp-content\/uploads\/2026\/03\/Bulk-Fruit-Cat-Eye-Gel-Polish-Supplier-3.webp\" alt=\"Bulk Fruit Cat Eye Gel Polish Supplier (3)\" class=\"wp-image-1725\" srcset=\"https:\/\/www.fsyougel.com\/wp-content\/uploads\/2026\/03\/Bulk-Fruit-Cat-Eye-Gel-Polish-Supplier-3.webp 1500w, https:\/\/www.fsyougel.com\/wp-content\/uploads\/2026\/03\/Bulk-Fruit-Cat-Eye-Gel-Polish-Supplier-3-252x300.webp 252w, https:\/\/www.fsyougel.com\/wp-content\/uploads\/2026\/03\/Bulk-Fruit-Cat-Eye-Gel-Polish-Supplier-3-768x916.webp 768w, https:\/\/www.fsyougel.com\/wp-content\/uploads\/2026\/03\/Bulk-Fruit-Cat-Eye-Gel-Polish-Supplier-3-10x12.webp 10w, https:\/\/www.fsyougel.com\/wp-content\/uploads\/2026\/03\/Bulk-Fruit-Cat-Eye-Gel-Polish-Supplier-3-1200x1431.webp 1200w, https:\/\/www.fsyougel.com\/wp-content\/uploads\/2026\/03\/Bulk-Fruit-Cat-Eye-Gel-Polish-Supplier-3-600x716.webp 600w\" sizes=\"(max-width: 1500px) 100vw, 1500px\" \/><\/figure>\n<\/div>\n<\/div>","protected":false},"excerpt":{"rendered":"<p>Bienvenue \u00e0 l'achat de notre vernis gel en vrac Fruit Cat Eye aux couleurs vibrantes inspir\u00e9es des fruits et aux effets magn\u00e9tiques puissants. Prix de gros direct, \u00e9chantillons gratuits et personnalisation ODM professionnelle pour les marques d'ongles et les distributeurs.<\/p>\n<table border=\"0\" width=\"854\" cellspacing=\"0\" cellpadding=\"0\">\n<tbody>\n<tr>\n<td class=\"et3\" width=\"257\" height=\"44\">Marque<\/td>\n<td class=\"et3\" width=\"597\">YouGel<\/td>\n<\/tr>\n<tr>\n<td class=\"et4\" width=\"257\" height=\"44\">Num\u00e9ro de mod\u00e8le<\/td>\n<td class=\"et4\" width=\"597\">25CG01<\/td>\n<\/tr>\n<tr>\n<td class=\"et4\" width=\"257\" height=\"44\">Type de produit<\/td>\n<td class=\"et4\" width=\"597\">Gel de polissage UV\/LED<\/td>\n<\/tr>\n<tr>\n<td class=\"et4\" width=\"257\" height=\"44\">Mat\u00e9riau<\/td>\n<td class=\"et4\" width=\"597\">R\u00e9sine<\/td>\n<\/tr>\n<tr>\n<td class=\"et4\" width=\"257\" height=\"44\">Couleur<\/td>\n<td class=\"et4\" width=\"597\">16 Couleurs<\/td>\n<\/tr>\n<tr>\n<td class=\"et4\" width=\"257\" height=\"44\">Volume<\/td>\n<td class=\"et4\" width=\"597\">8 ml<\/td>\n<\/tr>\n<tr>\n<td class=\"et4\" width=\"257\" height=\"44\">S\u00e9curit\u00e9<\/td>\n<td class=\"et4\" width=\"597\">Sans HEMA, sans TPO, non toxique, MSDS disponible<\/td>\n<\/tr>\n<tr>\n<td class=\"et4\" width=\"257\" height=\"44\">MOQ<\/td>\n<td class=\"et4\" width=\"597\">Faible MOQ<\/td>\n<\/tr>\n<tr>\n<td class=\"et4\" width=\"257\" height=\"44\">\u00c9chantillon gratuit<\/td>\n<td class=\"et4\" width=\"597\">Disponible<\/td>\n<\/tr>\n<tr>\n<td class=\"et4\" width=\"257\" height=\"82\">Option personnalis\u00e9e<\/td>\n<td class=\"et4\" width=\"597\">Services OEM\/ODM, prise en charge des logos, \u00e9tiquettes et emballages personnalis\u00e9s<\/td>\n<\/tr>\n<\/tbody>\n<\/table>\n<h2 class=\"brxe-heading\">Du fabricant de vernis en gel<\/h2>\n<p><a href=\"https:\/\/www.fsyougel.com\/fr\/\"><strong>YouGel<\/strong><\/a> est un fabricant de vernis en gel de confiance, qui propose des couches de base en gel de haute qualit\u00e9 adapt\u00e9es aux ongles UV\/LED. Nos produits sont con\u00e7us pour garantir une application en douceur, une tenue longue dur\u00e9e et un retrait facile.<\/p>","protected":false},"featured_media":1726,"comment_status":"closed","ping_status":"closed","template":"","meta":{"_acf_changed":false},"product_brand":[],"product_cat":[19,28],"product_tag":[],"class_list":{"0":"post-1722","1":"product","2":"type-product","3":"status-publish","4":"has-post-thumbnail","6":"product_cat-gel-polish-color-wholesale","7":"product_cat-cat-eye-gel-supplier","9":"first","10":"instock","11":"shipping-taxable","12":"product-type-simple"},"acf":[],"_links":{"self":[{"href":"https:\/\/www.fsyougel.com\/fr\/wp-json\/wp\/v2\/product\/1722","targetHints":{"allow":["GET"]}}],"collection":[{"href":"https:\/\/www.fsyougel.com\/fr\/wp-json\/wp\/v2\/product"}],"about":[{"href":"https:\/\/www.fsyougel.com\/fr\/wp-json\/wp\/v2\/types\/product"}],"replies":[{"embeddable":true,"href":"https:\/\/www.fsyougel.com\/fr\/wp-json\/wp\/v2\/comments?post=1722"}],"wp:featuredmedia":[{"embeddable":true,"href":"https:\/\/www.fsyougel.com\/fr\/wp-json\/wp\/v2\/media\/1726"}],"wp:attachment":[{"href":"https:\/\/www.fsyougel.com\/fr\/wp-json\/wp\/v2\/media?parent=1722"}],"wp:term":[{"taxonomy":"product_brand","embeddable":true,"href":"https:\/\/www.fsyougel.com\/fr\/wp-json\/wp\/v2\/product_brand?post=1722"},{"taxonomy":"product_cat","embeddable":true,"href":"https:\/\/www.fsyougel.com\/fr\/wp-json\/wp\/v2\/product_cat?post=1722"},{"taxonomy":"product_tag","embeddable":true,"href":"https:\/\/www.fsyougel.com\/fr\/wp-json\/wp\/v2\/product_tag?post=1722"}],"curies":[{"name":"wp","href":"https:\/\/api.w.org\/{rel}","templated":true}]}}