{"id":1784,"date":"2026-03-28T02:49:14","date_gmt":"2026-03-28T02:49:14","guid":{"rendered":"https:\/\/www.fsyougel.com\/?post_type=product&#038;p=1784"},"modified":"2026-03-28T03:06:45","modified_gmt":"2026-03-28T03:06:45","slug":"private-label-mousse-gel-builder-factory","status":"publish","type":"product","link":"https:\/\/www.fsyougel.com\/fr\/produit\/private-label-mousse-gel-builder-factory\/","title":{"rendered":"Private Label Mousse Gel Builder Hema &amp; Tpo Free Nails Extension Gel Bulk Factory Supply"},"content":{"rendered":"<div class=\"wp-block-columns is-layout-flex wp-container-core-columns-is-layout-9d6595d7 wp-block-columns-is-layout-flex\">\n<div class=\"wp-block-column is-layout-flow wp-block-column-is-layout-flow\">\n<div class=\"wp-block-columns is-layout-flex wp-container-core-columns-is-layout-9d6595d7 wp-block-columns-is-layout-flex\">\n<div class=\"wp-block-column is-layout-flow wp-block-column-is-layout-flow\">\n<h2 class=\"wp-block-heading\">Label priv\u00e9 Mousse Gel Builder Caract\u00e9ristiques :<\/h2>\n\n\n\n<ul class=\"wp-block-list\">\n<li><strong>Mousse lisse et finement textur\u00e9e<\/strong>: Notre gel moussant de marque d\u00e9pos\u00e9e pr\u00e9sente une texture mousse fine et lisse qui s'\u00e9tale facilement sans filer ni s'agglutiner, ce qui le rend facile \u00e0 contr\u00f4ler et \u00e0 modeler - id\u00e9al pour les proth\u00e9sistes ongulaires professionnels \u00e0 la recherche d'une application efficace.<\/li>\n\n\n\n<li><strong>Formule s\u00fbre sans HEMA ni TPO : <\/strong>Cette marque priv\u00e9e de mousse de gel utilise un syst\u00e8me de formulation plus \u00e9cologique et plus s\u00fbr, avec une odeur plus faible et plus douce pour les ongles, s'alignant sur la tendance aux produits de soin des ongles sains sur les march\u00e9s europ\u00e9ens et am\u00e9ricains.<\/li>\n\n\n\n<li><strong>Performance d'allongement et de renforcement :<\/strong> Apr\u00e8s durcissement, il poss\u00e8de une excellente r\u00e9sistance et une grande souplesse, ce qui le rend r\u00e9sistant \u00e0 la rupture ou au soul\u00e8vement, garantissant ainsi que le gel moussant de marque de distributeur fonctionne de mani\u00e8re fiable et coh\u00e9rente pendant l'allongement, le renforcement et la r\u00e9paration.<\/li>\n\n\n\n<li><strong>Compatible avec la polym\u00e9risation \u00e0 double lampe UV\/LED : <\/strong>Le produit permet un durcissement rapide sous lampes UV et LED, offrant une forte adh\u00e9rence et une formation de film stable, ce qui le rend adapt\u00e9 aux salons de manucure professionnels et au d\u00e9veloppement de produits de marque.<\/li>\n\n\n\n<li><strong>Aide \u00e0 la personnalisation des marques priv\u00e9es :<\/strong> Nous proposons des services complets de personnalisation des b\u00e2tisseurs de gel mousse sous marque de distributeur, y compris le d\u00e9veloppement des couleurs, l'ajustement des formules, la conception de l'emballage et l'impression du logo, afin d'aider les clients \u00e0 cr\u00e9er leurs marques exclusives.<\/li>\n\n\n\n<li><strong>Prix direct usine + faible quantit\u00e9 minimale de commande : <\/strong>En tant que fabricant direct, nous offrons un approvisionnement stable de Mousse Gel Builder Private Label \u00e0 des prix de gros comp\u00e9titifs, tout en soutenant des partenariats flexibles avec de faibles quantit\u00e9s minimales de commande (MOQ).<\/li>\n\n\n\n<li><strong>\u00c9chantillons gratuits pour essai :<\/strong> Nous fournissons des \u00e9chantillons gratuits afin que les clients puissent tester la texture, les performances et les r\u00e9sultats du produit avant de l'acheter en gros, r\u00e9duisant ainsi les risques li\u00e9s \u00e0 l'approvisionnement.<\/li>\n<\/ul>\n<\/div>\n\n\n\n<div class=\"wp-block-column is-layout-flow wp-block-column-is-layout-flow\">\n<figure class=\"wp-block-image size-full\"><img decoding=\"async\" width=\"1500\" height=\"1500\" src=\"https:\/\/www.fsyougel.com\/wp-content\/uploads\/2026\/03\/Private-Label-Mousse-Gel-Builder-Hema-Tpo-Free-1.webp\" alt=\"Private Label Mousse Gel Builder Hema &amp; Tpo Free (1)\" class=\"wp-image-1785\" srcset=\"https:\/\/www.fsyougel.com\/wp-content\/uploads\/2026\/03\/Private-Label-Mousse-Gel-Builder-Hema-Tpo-Free-1.webp 1500w, https:\/\/www.fsyougel.com\/wp-content\/uploads\/2026\/03\/Private-Label-Mousse-Gel-Builder-Hema-Tpo-Free-1-300x300.webp 300w, https:\/\/www.fsyougel.com\/wp-content\/uploads\/2026\/03\/Private-Label-Mousse-Gel-Builder-Hema-Tpo-Free-1-150x150.webp 150w, https:\/\/www.fsyougel.com\/wp-content\/uploads\/2026\/03\/Private-Label-Mousse-Gel-Builder-Hema-Tpo-Free-1-768x768.webp 768w, https:\/\/www.fsyougel.com\/wp-content\/uploads\/2026\/03\/Private-Label-Mousse-Gel-Builder-Hema-Tpo-Free-1-12x12.webp 12w, https:\/\/www.fsyougel.com\/wp-content\/uploads\/2026\/03\/Private-Label-Mousse-Gel-Builder-Hema-Tpo-Free-1-1200x1200.webp 1200w, https:\/\/www.fsyougel.com\/wp-content\/uploads\/2026\/03\/Private-Label-Mousse-Gel-Builder-Hema-Tpo-Free-1-600x600.webp 600w, https:\/\/www.fsyougel.com\/wp-content\/uploads\/2026\/03\/Private-Label-Mousse-Gel-Builder-Hema-Tpo-Free-1-100x100.webp 100w\" sizes=\"(max-width: 1500px) 100vw, 1500px\" \/><\/figure>\n<\/div>\n<\/div>\n<\/div>\n<\/div>\n\n\n\n<div class=\"wp-block-columns is-layout-flex wp-container-core-columns-is-layout-9d6595d7 wp-block-columns-is-layout-flex\">\n<div class=\"wp-block-column is-layout-flow wp-block-column-is-layout-flow\">\n<figure class=\"wp-block-image size-full\"><img decoding=\"async\" width=\"1500\" height=\"1500\" src=\"https:\/\/www.fsyougel.com\/wp-content\/uploads\/2026\/03\/Private-Label-Mousse-Gel-Builder-Hema-Tpo-Free-5.webp\" alt=\"Private Label Mousse Gel Builder Hema &amp; Tpo Free (5)\" class=\"wp-image-1789\" srcset=\"https:\/\/www.fsyougel.com\/wp-content\/uploads\/2026\/03\/Private-Label-Mousse-Gel-Builder-Hema-Tpo-Free-5.webp 1500w, https:\/\/www.fsyougel.com\/wp-content\/uploads\/2026\/03\/Private-Label-Mousse-Gel-Builder-Hema-Tpo-Free-5-300x300.webp 300w, https:\/\/www.fsyougel.com\/wp-content\/uploads\/2026\/03\/Private-Label-Mousse-Gel-Builder-Hema-Tpo-Free-5-150x150.webp 150w, https:\/\/www.fsyougel.com\/wp-content\/uploads\/2026\/03\/Private-Label-Mousse-Gel-Builder-Hema-Tpo-Free-5-768x768.webp 768w, https:\/\/www.fsyougel.com\/wp-content\/uploads\/2026\/03\/Private-Label-Mousse-Gel-Builder-Hema-Tpo-Free-5-12x12.webp 12w, https:\/\/www.fsyougel.com\/wp-content\/uploads\/2026\/03\/Private-Label-Mousse-Gel-Builder-Hema-Tpo-Free-5-1200x1200.webp 1200w, https:\/\/www.fsyougel.com\/wp-content\/uploads\/2026\/03\/Private-Label-Mousse-Gel-Builder-Hema-Tpo-Free-5-600x600.webp 600w, https:\/\/www.fsyougel.com\/wp-content\/uploads\/2026\/03\/Private-Label-Mousse-Gel-Builder-Hema-Tpo-Free-5-100x100.webp 100w\" sizes=\"(max-width: 1500px) 100vw, 1500px\" \/><\/figure>\n<\/div>\n\n\n\n<div class=\"wp-block-column is-layout-flow wp-block-column-is-layout-flow\">\n<figure class=\"wp-block-image size-full\"><img decoding=\"async\" width=\"1500\" height=\"1500\" src=\"https:\/\/www.fsyougel.com\/wp-content\/uploads\/2025\/12\/Bulk-Mousse-Extension-Gel-Supplier-Yougel-5.webp\" alt=\"Fournisseur de gel extensible en vrac pour mousse - Yougel (5)\" class=\"wp-image-1466\" srcset=\"https:\/\/www.fsyougel.com\/wp-content\/uploads\/2025\/12\/Bulk-Mousse-Extension-Gel-Supplier-Yougel-5.webp 1500w, https:\/\/www.fsyougel.com\/wp-content\/uploads\/2025\/12\/Bulk-Mousse-Extension-Gel-Supplier-Yougel-5-300x300.webp 300w, https:\/\/www.fsyougel.com\/wp-content\/uploads\/2025\/12\/Bulk-Mousse-Extension-Gel-Supplier-Yougel-5-150x150.webp 150w, https:\/\/www.fsyougel.com\/wp-content\/uploads\/2025\/12\/Bulk-Mousse-Extension-Gel-Supplier-Yougel-5-768x768.webp 768w, https:\/\/www.fsyougel.com\/wp-content\/uploads\/2025\/12\/Bulk-Mousse-Extension-Gel-Supplier-Yougel-5-12x12.webp 12w, https:\/\/www.fsyougel.com\/wp-content\/uploads\/2025\/12\/Bulk-Mousse-Extension-Gel-Supplier-Yougel-5-1200x1200.webp 1200w, https:\/\/www.fsyougel.com\/wp-content\/uploads\/2025\/12\/Bulk-Mousse-Extension-Gel-Supplier-Yougel-5-600x600.webp 600w, https:\/\/www.fsyougel.com\/wp-content\/uploads\/2025\/12\/Bulk-Mousse-Extension-Gel-Supplier-Yougel-5-100x100.webp 100w\" sizes=\"(max-width: 1500px) 100vw, 1500px\" \/><\/figure>\n<\/div>\n<\/div>","protected":false},"excerpt":{"rendered":"<p>Nous vous invitons \u00e0 acheter notre marque priv\u00e9e de gel moussant, avec une formule sans HEMA ni TPO et une performance d'extension en douceur. Prix d'usine direct, faible MOQ, \u00e9chantillons gratuits et services OEM\/ODM pour les marques d'ongles.<\/p>\n<table border=\"0\" width=\"908\" cellspacing=\"0\" cellpadding=\"0\">\n<tbody>\n<tr>\n<td width=\"454\" height=\"36\"><strong>Marque<\/strong><\/td>\n<td width=\"454\"><strong>YouGel<\/strong><\/td>\n<\/tr>\n<tr>\n<td width=\"454\" height=\"36\">Type de produit<\/td>\n<td width=\"454\">Gel UV\/LED \u00e0 dissoudre<\/td>\n<\/tr>\n<tr>\n<td width=\"454\" height=\"36\">Mat\u00e9riau<\/td>\n<td width=\"454\">Mati\u00e8re premi\u00e8re r\u00e9sine<\/td>\n<\/tr>\n<tr>\n<td width=\"454\" height=\"36\">Couleur<\/td>\n<td width=\"454\">24 Couleurs<\/td>\n<\/tr>\n<tr>\n<td width=\"454\" height=\"36\">Volume<\/td>\n<td width=\"454\">15 g<\/td>\n<\/tr>\n<tr>\n<td width=\"454\" height=\"36\">S\u00e9curit\u00e9<\/td>\n<td width=\"454\">Sans HEMA, sans TPO, non toxique, MSDS disponible<\/td>\n<\/tr>\n<tr>\n<td width=\"454\" height=\"36\">MOQ<\/td>\n<td width=\"454\">Faible MOQ<\/td>\n<\/tr>\n<tr>\n<td width=\"454\" height=\"36\">\u00c9chantillon gratuit<\/td>\n<td width=\"454\">Disponible<\/td>\n<\/tr>\n<tr>\n<td width=\"454\" height=\"36\">Option personnalis\u00e9e<\/td>\n<td width=\"454\">Services OEM\/ODM, prise en charge des logos, \u00e9tiquettes et emballages personnalis\u00e9s<\/td>\n<\/tr>\n<\/tbody>\n<\/table>\n<h3 class=\"brxe-heading\">Fabricant de vernis \u00e0 ongles en gel<\/h3>\n<p><a href=\"https:\/\/www.fsyougel.com\/fr\/\"><strong>YouGel<\/strong><\/a>\u00a0est un fabricant de vernis \u00e0 ongles en gel de haute technologie qui propose des services de vente en gros, de marque priv\u00e9e et d'OEM\/ODM. Plus de 10 000 couleurs sans HEMA, v\u00e9g\u00e9taliennes et sans cruaut\u00e9, avec une application douce, une longue tenue et un retrait facile.<\/p>","protected":false},"featured_media":1788,"comment_status":"closed","ping_status":"closed","template":"","meta":{"_acf_changed":false},"product_brand":[],"product_cat":[20],"product_tag":[],"class_list":{"0":"post-1784","1":"product","2":"type-product","3":"status-publish","4":"has-post-thumbnail","6":"product_cat-nail-extension-gel-wholesale","8":"first","9":"instock","10":"shipping-taxable","11":"product-type-external"},"acf":[],"_links":{"self":[{"href":"https:\/\/www.fsyougel.com\/fr\/wp-json\/wp\/v2\/product\/1784","targetHints":{"allow":["GET"]}}],"collection":[{"href":"https:\/\/www.fsyougel.com\/fr\/wp-json\/wp\/v2\/product"}],"about":[{"href":"https:\/\/www.fsyougel.com\/fr\/wp-json\/wp\/v2\/types\/product"}],"replies":[{"embeddable":true,"href":"https:\/\/www.fsyougel.com\/fr\/wp-json\/wp\/v2\/comments?post=1784"}],"wp:featuredmedia":[{"embeddable":true,"href":"https:\/\/www.fsyougel.com\/fr\/wp-json\/wp\/v2\/media\/1788"}],"wp:attachment":[{"href":"https:\/\/www.fsyougel.com\/fr\/wp-json\/wp\/v2\/media?parent=1784"}],"wp:term":[{"taxonomy":"product_brand","embeddable":true,"href":"https:\/\/www.fsyougel.com\/fr\/wp-json\/wp\/v2\/product_brand?post=1784"},{"taxonomy":"product_cat","embeddable":true,"href":"https:\/\/www.fsyougel.com\/fr\/wp-json\/wp\/v2\/product_cat?post=1784"},{"taxonomy":"product_tag","embeddable":true,"href":"https:\/\/www.fsyougel.com\/fr\/wp-json\/wp\/v2\/product_tag?post=1784"}],"curies":[{"name":"wp","href":"https:\/\/api.w.org\/{rel}","templated":true}]}}