{"id":2003,"date":"2026-05-12T09:29:51","date_gmt":"2026-05-12T09:29:51","guid":{"rendered":"https:\/\/www.fsyougel.com\/?post_type=product&#038;p=2003"},"modified":"2026-05-12T09:47:53","modified_gmt":"2026-05-12T09:47:53","slug":"custom-15ml-organic-cuticle-oil-wholesale","status":"publish","type":"product","link":"https:\/\/www.fsyougel.com\/fr\/produit\/custom-15ml-organic-cuticle-oil-wholesale\/","title":{"rendered":"Custom 15ml Organic Cuticle Oil Wholesale Nail Cuticle Oil with 5 Flavors"},"content":{"rendered":"<div class=\"wp-block-columns is-layout-flex wp-container-core-columns-is-layout-9d6595d7 wp-block-columns-is-layout-flex\">\n<div class=\"wp-block-column is-layout-flow wp-block-column-is-layout-flow\">\n<h2 class=\"wp-block-heading\">Custom 15ml Organic Cuticle Oil Features:<\/h2>\n\n\n\n<ul class=\"wp-block-list\">\n<li><strong>Natural plant extracts nourish and repair cuticles<\/strong>: Our custom 15ml organic cuticle oil is rich in botanical nutrients that effectively moisturize dry cuticles and the skin around the fingertips, helping to improve hangnails and dry, cracked skin.<\/li>\n\n\n\n<li><strong>5 popular scents to choose from<\/strong>: This custom 15ml organic cuticle oil offers 5 popular scent options to cater to consumer preferences in different markets, enhancing product appeal and repeat purchase rates.<\/li>\n\n\n\n<li><strong>15ml size designed for retail and salon use: <\/strong>The 15ml portable packaging is ideal for nail salon treatments, retail sales, and e-commerce promotion, making it convenient for consumers to carry and use daily.<\/li>\n\n\n\n<li><strong>Lightweight and non-greasy, with rapid absorption:<\/strong> The essential oil has a light, smooth texture that absorbs quickly upon application, leaving no heavy or greasy residue, thereby enhancing the overall user experience.<\/li>\n\n\n\n<li><strong>Helps improve the condition of nails and cuticles:<\/strong> Long-term use helps soften calluses, nourish the nail surface, and enhance the healthy shine of nails, making this custom 15ml organic cuticle oil ideal for professional care product lines.<\/li>\n\n\n\n<li><strong>Assistance \u00e0 la personnalisation OEM\/ODM :<\/strong> We offer OEM\/ODM services for the custom 15ml organic cuticle oil, including fragrance development, packaging design, logo printing, and bottle customization, helping clients build their own exclusive brands.<\/li>\n<\/ul>\n<\/div>\n\n\n\n<div class=\"wp-block-column is-layout-flow wp-block-column-is-layout-flow\">\n<figure class=\"wp-block-image size-full\"><img decoding=\"async\" width=\"1500\" height=\"1500\" src=\"https:\/\/www.fsyougel.com\/wp-content\/uploads\/2026\/05\/Custom-15ml-Organic-Cuticle-Oil-Wholesale-6.webp\" alt=\"Custom 15ml Organic Cuticle Oil Wholesale (6)\" class=\"wp-image-2009\" srcset=\"https:\/\/www.fsyougel.com\/wp-content\/uploads\/2026\/05\/Custom-15ml-Organic-Cuticle-Oil-Wholesale-6.webp 1500w, https:\/\/www.fsyougel.com\/wp-content\/uploads\/2026\/05\/Custom-15ml-Organic-Cuticle-Oil-Wholesale-6-300x300.webp 300w, https:\/\/www.fsyougel.com\/wp-content\/uploads\/2026\/05\/Custom-15ml-Organic-Cuticle-Oil-Wholesale-6-150x150.webp 150w, https:\/\/www.fsyougel.com\/wp-content\/uploads\/2026\/05\/Custom-15ml-Organic-Cuticle-Oil-Wholesale-6-768x768.webp 768w, https:\/\/www.fsyougel.com\/wp-content\/uploads\/2026\/05\/Custom-15ml-Organic-Cuticle-Oil-Wholesale-6-12x12.webp 12w, https:\/\/www.fsyougel.com\/wp-content\/uploads\/2026\/05\/Custom-15ml-Organic-Cuticle-Oil-Wholesale-6-1200x1200.webp 1200w, https:\/\/www.fsyougel.com\/wp-content\/uploads\/2026\/05\/Custom-15ml-Organic-Cuticle-Oil-Wholesale-6-600x600.webp 600w, https:\/\/www.fsyougel.com\/wp-content\/uploads\/2026\/05\/Custom-15ml-Organic-Cuticle-Oil-Wholesale-6-100x100.webp 100w\" sizes=\"(max-width: 1500px) 100vw, 1500px\" \/><\/figure>\n<\/div>\n<\/div>\n\n\n\n<div class=\"wp-block-columns is-layout-flex wp-container-core-columns-is-layout-9d6595d7 wp-block-columns-is-layout-flex\">\n<div class=\"wp-block-column is-layout-flow wp-block-column-is-layout-flow\">\n<figure class=\"wp-block-image size-full\"><img decoding=\"async\" width=\"1500\" height=\"1500\" src=\"https:\/\/www.fsyougel.com\/wp-content\/uploads\/2026\/05\/Custom-15ml-Organic-Cuticle-Oil-Wholesale-2.webp\" alt=\"Custom 15ml Organic Cuticle Oil Wholesale (2)\" class=\"wp-image-2005\" srcset=\"https:\/\/www.fsyougel.com\/wp-content\/uploads\/2026\/05\/Custom-15ml-Organic-Cuticle-Oil-Wholesale-2.webp 1500w, https:\/\/www.fsyougel.com\/wp-content\/uploads\/2026\/05\/Custom-15ml-Organic-Cuticle-Oil-Wholesale-2-300x300.webp 300w, https:\/\/www.fsyougel.com\/wp-content\/uploads\/2026\/05\/Custom-15ml-Organic-Cuticle-Oil-Wholesale-2-150x150.webp 150w, https:\/\/www.fsyougel.com\/wp-content\/uploads\/2026\/05\/Custom-15ml-Organic-Cuticle-Oil-Wholesale-2-768x768.webp 768w, https:\/\/www.fsyougel.com\/wp-content\/uploads\/2026\/05\/Custom-15ml-Organic-Cuticle-Oil-Wholesale-2-12x12.webp 12w, https:\/\/www.fsyougel.com\/wp-content\/uploads\/2026\/05\/Custom-15ml-Organic-Cuticle-Oil-Wholesale-2-1200x1200.webp 1200w, https:\/\/www.fsyougel.com\/wp-content\/uploads\/2026\/05\/Custom-15ml-Organic-Cuticle-Oil-Wholesale-2-600x600.webp 600w, https:\/\/www.fsyougel.com\/wp-content\/uploads\/2026\/05\/Custom-15ml-Organic-Cuticle-Oil-Wholesale-2-100x100.webp 100w\" sizes=\"(max-width: 1500px) 100vw, 1500px\" \/><\/figure>\n<\/div>\n\n\n\n<div class=\"wp-block-column is-layout-flow wp-block-column-is-layout-flow\">\n<figure class=\"wp-block-image size-full\"><img decoding=\"async\" width=\"1000\" height=\"1000\" src=\"https:\/\/www.fsyougel.com\/wp-content\/uploads\/2026\/05\/Custom-15ml-Organic-Cuticle-Oil-Wholesale-3.webp\" alt=\"Custom 15ml Organic Cuticle Oil Wholesale (3)\" class=\"wp-image-2006\" srcset=\"https:\/\/www.fsyougel.com\/wp-content\/uploads\/2026\/05\/Custom-15ml-Organic-Cuticle-Oil-Wholesale-3.webp 1000w, https:\/\/www.fsyougel.com\/wp-content\/uploads\/2026\/05\/Custom-15ml-Organic-Cuticle-Oil-Wholesale-3-300x300.webp 300w, https:\/\/www.fsyougel.com\/wp-content\/uploads\/2026\/05\/Custom-15ml-Organic-Cuticle-Oil-Wholesale-3-150x150.webp 150w, https:\/\/www.fsyougel.com\/wp-content\/uploads\/2026\/05\/Custom-15ml-Organic-Cuticle-Oil-Wholesale-3-768x768.webp 768w, https:\/\/www.fsyougel.com\/wp-content\/uploads\/2026\/05\/Custom-15ml-Organic-Cuticle-Oil-Wholesale-3-12x12.webp 12w, https:\/\/www.fsyougel.com\/wp-content\/uploads\/2026\/05\/Custom-15ml-Organic-Cuticle-Oil-Wholesale-3-600x600.webp 600w, https:\/\/www.fsyougel.com\/wp-content\/uploads\/2026\/05\/Custom-15ml-Organic-Cuticle-Oil-Wholesale-3-100x100.webp 100w\" sizes=\"(max-width: 1000px) 100vw, 1000px\" \/><\/figure>\n<\/div>\n<\/div>\n\n\n\n<h3 class=\"wp-block-heading\">1. What is cuticle oil used for?<\/h3>\n\n\n\n<p>Cuticle oil is used to moisturize and nourish dry cuticles, soften surrounding skin, and improve the overall appearance of nails.<\/p>\n\n\n\n<h3 class=\"wp-block-heading\">2. How many flavors are available for your custom 15ml organic cuticle oil?<\/h3>\n\n\n\n<p>Notre <em>custom 15ml organic cuticle oil<\/em> is available in 5 popular flavors, and custom fragrance options are also supported.<\/p>\n\n\n\n<h3 class=\"wp-block-heading\">3. Do you provide OEM and private label services?<\/h3>\n\n\n\n<p>Yes, we support OEM\/ODM customization including logo printing, custom packaging, bottle design, and fragrance customization.<\/p>\n\n\n\n<h3 class=\"wp-block-heading\">4. Can I get free samples before placing bulk orders?<\/h3>\n\n\n\n<p>Yes, free samples are available for customers to test the fragrance, texture, and moisturizing performance before mass production orders.<\/p>","protected":false},"excerpt":{"rendered":"<p>Welcome to purchase our custom 15ml organic cuticle oil featuring 5 refreshing flavors and moisturizing care. Factory-direct wholesale prices, OEM support, and free samples available.<\/p>\n<table border=\"0\" width=\"854\" cellspacing=\"0\" cellpadding=\"0\">\n<tbody>\n<tr>\n<td width=\"257\" height=\"44\">Marque<\/td>\n<td width=\"597\">YouGel<\/td>\n<\/tr>\n<tr>\n<td width=\"257\" height=\"44\">Num\u00e9ro de mod\u00e8le<\/td>\n<td width=\"597\">FP01<\/td>\n<\/tr>\n<tr>\n<td width=\"257\" height=\"44\">Type de produit<\/td>\n<td width=\"597\">S\u00e9chage \u00e0 l'air<\/td>\n<\/tr>\n<tr>\n<td width=\"257\" height=\"44\">Mat\u00e9riau<\/td>\n<td width=\"597\">Vitamine E, huile de p\u00e9pins de fruits<\/td>\n<\/tr>\n<tr>\n<td width=\"257\" height=\"44\">Couleur<\/td>\n<td width=\"597\">Clair<\/td>\n<\/tr>\n<tr>\n<td width=\"257\" height=\"44\">Volume<\/td>\n<td width=\"597\">15ml\/personnalis\u00e9<\/td>\n<\/tr>\n<tr>\n<td width=\"257\" height=\"44\">S\u00e9curit\u00e9<\/td>\n<td width=\"597\">Sans HEMA, non toxique, MSDS disponible<\/td>\n<\/tr>\n<tr>\n<td width=\"257\" height=\"44\">MOQ<\/td>\n<td width=\"597\">Faible MOQ<\/td>\n<\/tr>\n<tr>\n<td width=\"257\" height=\"44\">\u00c9chantillon gratuit<\/td>\n<td width=\"597\">Disponible<\/td>\n<\/tr>\n<tr>\n<td width=\"257\" height=\"82\">Option personnalis\u00e9e<\/td>\n<td width=\"597\">Services OEM\/ODM, prise en charge des logos, \u00e9tiquettes et emballages personnalis\u00e9s<\/td>\n<\/tr>\n<\/tbody>\n<\/table>\n<h3 class=\"brxe-heading\">Fabricant de vernis \u00e0 ongles en gel<\/h3>\n<p><a href=\"https:\/\/www.fsyougel.com\/fr\/\"><strong>YouGel<\/strong><\/a>\u00a0est un fabricant de vernis \u00e0 ongles en gel de haute technologie qui propose des services de vente en gros, de marque priv\u00e9e et d'OEM\/ODM. Plus de 10 000 couleurs sans HEMA, v\u00e9g\u00e9taliennes et sans cruaut\u00e9, avec une application douce, une longue tenue et un retrait facile.<\/p>","protected":false},"featured_media":2007,"comment_status":"closed","ping_status":"closed","template":"","meta":{"_acf_changed":false},"product_brand":[],"product_cat":[26],"product_tag":[],"class_list":{"0":"post-2003","1":"product","2":"type-product","3":"status-publish","4":"has-post-thumbnail","6":"product_cat-wholesale-nail-care-treatment","8":"first","9":"instock","10":"shipping-taxable","11":"product-type-simple"},"acf":[],"_links":{"self":[{"href":"https:\/\/www.fsyougel.com\/fr\/wp-json\/wp\/v2\/product\/2003","targetHints":{"allow":["GET"]}}],"collection":[{"href":"https:\/\/www.fsyougel.com\/fr\/wp-json\/wp\/v2\/product"}],"about":[{"href":"https:\/\/www.fsyougel.com\/fr\/wp-json\/wp\/v2\/types\/product"}],"replies":[{"embeddable":true,"href":"https:\/\/www.fsyougel.com\/fr\/wp-json\/wp\/v2\/comments?post=2003"}],"wp:featuredmedia":[{"embeddable":true,"href":"https:\/\/www.fsyougel.com\/fr\/wp-json\/wp\/v2\/media\/2007"}],"wp:attachment":[{"href":"https:\/\/www.fsyougel.com\/fr\/wp-json\/wp\/v2\/media?parent=2003"}],"wp:term":[{"taxonomy":"product_brand","embeddable":true,"href":"https:\/\/www.fsyougel.com\/fr\/wp-json\/wp\/v2\/product_brand?post=2003"},{"taxonomy":"product_cat","embeddable":true,"href":"https:\/\/www.fsyougel.com\/fr\/wp-json\/wp\/v2\/product_cat?post=2003"},{"taxonomy":"product_tag","embeddable":true,"href":"https:\/\/www.fsyougel.com\/fr\/wp-json\/wp\/v2\/product_tag?post=2003"}],"curies":[{"name":"wp","href":"https:\/\/api.w.org\/{rel}","templated":true}]}}