{"id":496,"date":"2025-08-17T18:08:11","date_gmt":"2025-08-17T18:08:11","guid":{"rendered":"https:\/\/www.fsyougel.com\/?post_type=product&#038;p=496"},"modified":"2025-08-18T01:21:30","modified_gmt":"2025-08-18T01:21:30","slug":"custom-base-coat-gel-15ml","status":"publish","type":"product","link":"https:\/\/www.fsyougel.com\/fr\/produit\/custom-base-coat-gel-15ml\/","title":{"rendered":"Base Coat Gel 15ml Soak Off, OEM Vernis \u00e0 ongles Gel pour usage professionnel"},"content":{"rendered":"<p><strong>Qu'est-ce qu'une couche de base ? <\/strong>La couche de base est la premi\u00e8re couche de produit de soin des ongles appliqu\u00e9e sur les ongles. Elle sert de barri\u00e8re protectrice entre le vernis \u00e0 ongles et la plaque de l'ongle, ainsi que de couche de base pour le vernis \u00e0 ongles color\u00e9 ou le gel. Elle pr\u00e9vient efficacement la d\u00e9coloration des ongles, renforce la surface de l'ongle et fournit une base lisse et uniforme pour l'application ult\u00e9rieure de la couleur, garantissant ainsi un art de l'ongle plus durable et moins susceptible de s'\u00e9cailler.<\/p>\n\n\n\n<div class=\"wp-block-columns is-layout-flex wp-container-core-columns-is-layout-9d6595d7 wp-block-columns-is-layout-flex\">\n<div class=\"wp-block-column is-layout-flow wp-block-column-is-layout-flow\">\n<h2 class=\"wp-block-heading\">Caract\u00e9ristiques de la couche de base personnalis\u00e9e :<\/h2>\n\n\n\n<ul class=\"wp-block-list\">\n<li><strong>Consistance moyenne<\/strong>: Cette couche de base personnalis\u00e9e a une consistance moyenne, garantissant une application lisse sans stries ni irr\u00e9gularit\u00e9s.<\/li>\n\n\n\n<li><strong>Forte adh\u00e9rence<\/strong>: Une forte adh\u00e9rence garantit que le vernis gel OEM reste en place plus longtemps et ne s'\u00e9caille pas facilement.<\/li>\n\n\n\n<li><strong>Protection des ongles<\/strong>: Forme une couche protectrice qui prot\u00e8ge la plaque de l'ongle des pigments color\u00e9s.<\/li>\n\n\n\n<li><strong>Facile \u00e0 enlever par trempage<\/strong>: Facilement d\u00e9montable sans polissage excessif, ce qui le rend pratique \u00e0 utiliser.<\/li>\n\n\n\n<li><strong>L\u00e9g\u00e8re odeur<\/strong>: Formule \u00e0 faible odeur pour une utilisation confortable, minimisant les odeurs d\u00e9sagr\u00e9ables.<\/li>\n\n\n\n<li><strong>Longue dur\u00e9e<\/strong>: Performance longue dur\u00e9e. M\u00eame les personnes ayant des ongles fins et cassants peuvent conserver une manucure parfaite pendant plus de 21 jours avec la couche de base, ce qui en fait un choix id\u00e9al pour les couches de base personnalis\u00e9es de haute qualit\u00e9.<\/li>\n\n\n\n<li><strong>Bonne flexibilit\u00e9<\/strong>: Excellente \u00e9lasticit\u00e9, s'adapte \u00e0 la courbure naturelle de l'ongle et est moins susceptible de se fissurer.<\/li>\n\n\n\n<li><strong>Personnalisation OEM<\/strong>: Permet la personnalisation des vernis \u00e0 ongles OEM, ce qui permet l'impression d'\u00e9tiquettes, de logos et d'emballages personnalis\u00e9s pour r\u00e9pondre aux besoins des marques professionnelles de vernis \u00e0 ongles.<\/li>\n<\/ul>\n<\/div>\n\n\n\n<div class=\"wp-block-column is-layout-flow wp-block-column-is-layout-flow\">\n<figure class=\"wp-block-image size-full\"><img decoding=\"async\" width=\"1500\" height=\"1500\" src=\"https:\/\/www.fsyougel.com\/wp-content\/uploads\/2025\/08\/Custom-Base-Coat-Features.webp\" alt=\"Caract\u00e9ristiques de la couche de base personnalis\u00e9e\" class=\"wp-image-498\" srcset=\"https:\/\/www.fsyougel.com\/wp-content\/uploads\/2025\/08\/Custom-Base-Coat-Features.webp 1500w, https:\/\/www.fsyougel.com\/wp-content\/uploads\/2025\/08\/Custom-Base-Coat-Features-300x300.webp 300w, https:\/\/www.fsyougel.com\/wp-content\/uploads\/2025\/08\/Custom-Base-Coat-Features-150x150.webp 150w, https:\/\/www.fsyougel.com\/wp-content\/uploads\/2025\/08\/Custom-Base-Coat-Features-768x768.webp 768w, https:\/\/www.fsyougel.com\/wp-content\/uploads\/2025\/08\/Custom-Base-Coat-Features-1200x1200.webp 1200w, https:\/\/www.fsyougel.com\/wp-content\/uploads\/2025\/08\/Custom-Base-Coat-Features-600x600.webp 600w, https:\/\/www.fsyougel.com\/wp-content\/uploads\/2025\/08\/Custom-Base-Coat-Features-100x100.webp 100w\" sizes=\"(max-width: 1500px) 100vw, 1500px\" \/><\/figure>\n<\/div>\n<\/div>\n\n\n\n<div class=\"wp-block-columns is-layout-flex wp-container-core-columns-is-layout-9d6595d7 wp-block-columns-is-layout-flex\">\n<div class=\"wp-block-column is-layout-flow wp-block-column-is-layout-flow\">\n<figure class=\"wp-block-image size-full\"><img decoding=\"async\" width=\"920\" height=\"920\" src=\"https:\/\/www.fsyougel.com\/wp-content\/uploads\/2025\/08\/Custom-Base-Coat-Gel-15ml-Soak-Off-4.webp\" alt=\"Custom Base Coat Gel 15ml Soak Off (4)\" class=\"wp-image-500\" srcset=\"https:\/\/www.fsyougel.com\/wp-content\/uploads\/2025\/08\/Custom-Base-Coat-Gel-15ml-Soak-Off-4.webp 920w, https:\/\/www.fsyougel.com\/wp-content\/uploads\/2025\/08\/Custom-Base-Coat-Gel-15ml-Soak-Off-4-300x300.webp 300w, https:\/\/www.fsyougel.com\/wp-content\/uploads\/2025\/08\/Custom-Base-Coat-Gel-15ml-Soak-Off-4-150x150.webp 150w, https:\/\/www.fsyougel.com\/wp-content\/uploads\/2025\/08\/Custom-Base-Coat-Gel-15ml-Soak-Off-4-768x768.webp 768w, https:\/\/www.fsyougel.com\/wp-content\/uploads\/2025\/08\/Custom-Base-Coat-Gel-15ml-Soak-Off-4-600x600.webp 600w, https:\/\/www.fsyougel.com\/wp-content\/uploads\/2025\/08\/Custom-Base-Coat-Gel-15ml-Soak-Off-4-100x100.webp 100w\" sizes=\"(max-width: 920px) 100vw, 920px\" \/><\/figure>\n<\/div>\n\n\n\n<div class=\"wp-block-column is-layout-flow wp-block-column-is-layout-flow\">\n<h2 class=\"wp-block-heading\">Guide d'application pour la couche de base<\/h2>\n\n\n\n<ul class=\"wp-block-list\">\n<li>Nettoyer les ongles : Tout d'abord, nettoyez soigneusement la surface de l'ongle pour \u00e9liminer les huiles et la poussi\u00e8re.<\/li>\n\n\n\n<li>Appliquer le vernis de base : Pr\u00e9levez une quantit\u00e9 appropri\u00e9e de base personnalis\u00e9e et appliquez-la uniform\u00e9ment sur la surface de l'ongle, en veillant \u00e0 ce qu'elle soit enti\u00e8rement couverte.<\/li>\n\n\n\n<li>Durcissement par UV\/LED : Placer la couche de base enduite sous une lampe UV\/LED pendant 1 \u00e0 2 minutes (ajuster le temps en fonction de la puissance de la lampe).<\/li>\n\n\n\n<li>Application de la couleur : Apr\u00e8s durcissement, appliquer le vernis \u00e0 ongles color\u00e9 OEM. Pour les couches multiples, polym\u00e9riser chaque couche individuellement.<\/li>\n\n\n\n<li>Entretien de la couche de finition : Enfin, appliquez un top coat ou un gloss pour renforcer la durabilit\u00e9 et la brillance.<\/li>\n\n\n\n<li>M\u00e9thode d'enl\u00e8vement : Utiliser la m\u00e9thode de trempage pour un retrait facile, en \u00e9vitant un polissage excessif pour prot\u00e9ger la sant\u00e9 de l'ongle.<\/li>\n<\/ul>\n<\/div>\n<\/div>","protected":false},"excerpt":{"rendered":"<p>15ml Custom Base Coat Gel Soak Off avec une consistance moyenne et une forte adh\u00e9rence. Prot\u00e8ge les ongles naturels, offre une tenue durable et s'enl\u00e8ve facilement sans dommage. Parfait pour les salons et les entreprises de beaut\u00e9. OEM, \u00e9chantillons gratuits et prix d'usine disponibles.<\/p>\n<table border=\"0\" width=\"854\" cellspacing=\"0\" cellpadding=\"0\">\n<tbody>\n<tr>\n<td width=\"257\" height=\"44\">Marque<\/td>\n<td width=\"597\">YouGel<\/td>\n<\/tr>\n<tr>\n<td width=\"257\" height=\"44\">Num\u00e9ro de mod\u00e8le<\/td>\n<td width=\"597\">BC01<\/td>\n<\/tr>\n<tr>\n<td width=\"257\" height=\"44\">Type de produit<\/td>\n<td width=\"597\">UV\/LED de trempage<\/td>\n<\/tr>\n<tr>\n<td width=\"257\" height=\"44\">Mat\u00e9riau<\/td>\n<td width=\"597\">R\u00e9sine<\/td>\n<\/tr>\n<tr>\n<td width=\"257\" height=\"44\">Couleur<\/td>\n<td width=\"597\">Transparent\/ Couleur en option<\/td>\n<\/tr>\n<tr>\n<td width=\"257\" height=\"44\">Volume<\/td>\n<td width=\"597\">15ml, 1kg<\/td>\n<\/tr>\n<tr>\n<td width=\"257\" height=\"44\">S\u00e9curit\u00e9<\/td>\n<td width=\"597\">Sans HEMA, non toxique, MSDS disponible<\/td>\n<\/tr>\n<tr>\n<td width=\"257\" height=\"44\">MOQ<\/td>\n<td width=\"597\">Faible MOQ<\/td>\n<\/tr>\n<tr>\n<td width=\"257\" height=\"44\">\u00c9chantillon gratuit<\/td>\n<td width=\"597\">Disponible<\/td>\n<\/tr>\n<tr>\n<td width=\"257\" height=\"82\">Option personnalis\u00e9e<\/td>\n<td width=\"597\">Services OEM\/ODM, prise en charge des logos, \u00e9tiquettes et emballages personnalis\u00e9s<\/td>\n<\/tr>\n<\/tbody>\n<\/table>\n<h2 class=\"brxe-heading\">Du fabricant de Gel Base Coat<\/h2>\n<p>YouGel est un fabricant de gel de base de confiance, qui propose des gels de base de haute qualit\u00e9 adapt\u00e9s aux ongles UV\/LED. Nos produits sont con\u00e7us pour garantir une application en douceur, une tenue longue dur\u00e9e et une absorption facile.<\/p>","protected":false},"featured_media":502,"comment_status":"closed","ping_status":"closed","template":"","meta":{"_acf_changed":false},"product_brand":[],"product_cat":[17],"product_tag":[],"class_list":{"0":"post-496","1":"product","2":"type-product","3":"status-publish","4":"has-post-thumbnail","6":"product_cat-wholesale-base-coat","8":"first","9":"instock","10":"shipping-taxable","11":"product-type-simple"},"acf":[],"_links":{"self":[{"href":"https:\/\/www.fsyougel.com\/fr\/wp-json\/wp\/v2\/product\/496","targetHints":{"allow":["GET"]}}],"collection":[{"href":"https:\/\/www.fsyougel.com\/fr\/wp-json\/wp\/v2\/product"}],"about":[{"href":"https:\/\/www.fsyougel.com\/fr\/wp-json\/wp\/v2\/types\/product"}],"replies":[{"embeddable":true,"href":"https:\/\/www.fsyougel.com\/fr\/wp-json\/wp\/v2\/comments?post=496"}],"wp:featuredmedia":[{"embeddable":true,"href":"https:\/\/www.fsyougel.com\/fr\/wp-json\/wp\/v2\/media\/502"}],"wp:attachment":[{"href":"https:\/\/www.fsyougel.com\/fr\/wp-json\/wp\/v2\/media?parent=496"}],"wp:term":[{"taxonomy":"product_brand","embeddable":true,"href":"https:\/\/www.fsyougel.com\/fr\/wp-json\/wp\/v2\/product_brand?post=496"},{"taxonomy":"product_cat","embeddable":true,"href":"https:\/\/www.fsyougel.com\/fr\/wp-json\/wp\/v2\/product_cat?post=496"},{"taxonomy":"product_tag","embeddable":true,"href":"https:\/\/www.fsyougel.com\/fr\/wp-json\/wp\/v2\/product_tag?post=496"}],"curies":[{"name":"wp","href":"https:\/\/api.w.org\/{rel}","templated":true}]}}