{"id":505,"date":"2025-08-17T18:55:39","date_gmt":"2025-08-17T18:55:39","guid":{"rendered":"https:\/\/www.fsyougel.com\/?post_type=product&#038;p=505"},"modified":"2025-08-18T01:25:11","modified_gmt":"2025-08-18T01:25:11","slug":"clear-rubber-base-coat-supplier","status":"publish","type":"product","link":"https:\/\/www.fsyougel.com\/fr\/produit\/clear-rubber-base-coat-supplier\/","title":{"rendered":"Clear Rubber Base Coat Supplier, New Nail Gel Polish Wholesale for Salon"},"content":{"rendered":"<div class=\"wp-block-columns is-layout-flex wp-container-core-columns-is-layout-9d6595d7 wp-block-columns-is-layout-flex\">\n<div class=\"wp-block-column is-layout-flow wp-block-column-is-layout-flow\">\n<h2 class=\"wp-block-heading\">Couche de base en caoutchouc transparent personnalis\u00e9e Caract\u00e9ristiques :<\/h2>\n\n\n\n<ul class=\"wp-block-list\">\n<li><strong>Consistance plus \u00e9paisse<\/strong>: Le gel de vernis \u00e0 ongles est \u00e9pais et riche, ce qui facilite son application uniforme et r\u00e9duit les gouttes et les marques de pinceau.<\/li>\n\n\n\n<li><strong>Tr\u00e8s visqueux<\/strong>: Il recouvre fermement la surface de l'ongle, am\u00e9liorant l'adh\u00e9rence et emp\u00eachant le d\u00e9collement ou le soul\u00e8vement de l'ongle.<\/li>\n\n\n\n<li><strong>Super fort<\/strong>: Durable, il renforce la protection de l'ongle et r\u00e9duit les cassures et les dommages.<\/li>\n\n\n\n<li><strong>Excellente adh\u00e9rence :<\/strong> La couche de base en caoutchouc transparent adh\u00e8re parfaitement aux ongles naturels et constitue une base solide pour le vernis gel color\u00e9.<\/li>\n\n\n\n<li><strong>Couche de base en caoutchouc transparent<\/strong>: La couleur est naturelle et peut \u00eatre associ\u00e9e \u00e0 diff\u00e9rentes couleurs de vernis \u00e0 ongles.<\/li>\n\n\n\n<li><strong>L\u00e9g\u00e8rement Odeur :<\/strong> Doux et peu irritant, il offre une exp\u00e9rience de soin des ongles plus confortable.<\/li>\n\n\n\n<li><strong>Dur\u00e9e de vie de plus de 50 jours : <\/strong>Il conserve une finition brillante pendant une p\u00e9riode prolong\u00e9e, ce qui r\u00e9duit la n\u00e9cessit\u00e9 de retouches fr\u00e9quentes et permet de gagner du temps dans les salons de coiffure.<\/li>\n\n\n\n<li><strong>Approvisionnement direct de l'usine et faible quantit\u00e9 minimale de commande<\/strong>: \u00c9chantillons gratuits, options de vente en gros rentables et stockage pratique et rapide.<\/li>\n\n\n\n<li><strong>Fournisseur de couches de base en caoutchouc<\/strong>: En tant que fournisseur professionnel de rev\u00eatements de base en caoutchouc, nous fournissons directement des gels de base en caoutchouc de haute qualit\u00e9 aux salons et aux grossistes, ce qui garantit un approvisionnement stable et des prix d'usine avantageux.<\/li>\n<\/ul>\n<\/div>\n\n\n\n<div class=\"wp-block-column is-layout-flow wp-block-column-is-layout-flow\">\n<figure class=\"wp-block-image size-full\"><img decoding=\"async\" width=\"1500\" height=\"1500\" src=\"https:\/\/www.fsyougel.com\/wp-content\/uploads\/2025\/08\/OEM-Clear-Rubber-Base-Coat-Supplier-1.webp\" alt=\"OEM Clear Rubber Base Coat Supplier (1)\" class=\"wp-image-510\" srcset=\"https:\/\/www.fsyougel.com\/wp-content\/uploads\/2025\/08\/OEM-Clear-Rubber-Base-Coat-Supplier-1.webp 1500w, https:\/\/www.fsyougel.com\/wp-content\/uploads\/2025\/08\/OEM-Clear-Rubber-Base-Coat-Supplier-1-300x300.webp 300w, https:\/\/www.fsyougel.com\/wp-content\/uploads\/2025\/08\/OEM-Clear-Rubber-Base-Coat-Supplier-1-150x150.webp 150w, https:\/\/www.fsyougel.com\/wp-content\/uploads\/2025\/08\/OEM-Clear-Rubber-Base-Coat-Supplier-1-768x768.webp 768w, https:\/\/www.fsyougel.com\/wp-content\/uploads\/2025\/08\/OEM-Clear-Rubber-Base-Coat-Supplier-1-1200x1200.webp 1200w, https:\/\/www.fsyougel.com\/wp-content\/uploads\/2025\/08\/OEM-Clear-Rubber-Base-Coat-Supplier-1-600x600.webp 600w, https:\/\/www.fsyougel.com\/wp-content\/uploads\/2025\/08\/OEM-Clear-Rubber-Base-Coat-Supplier-1-100x100.webp 100w\" sizes=\"(max-width: 1500px) 100vw, 1500px\" \/><\/figure>\n<\/div>\n<\/div>\n\n\n\n<div class=\"wp-block-columns is-layout-flex wp-container-core-columns-is-layout-9d6595d7 wp-block-columns-is-layout-flex\">\n<div class=\"wp-block-column is-layout-flow wp-block-column-is-layout-flow\">\n<figure class=\"wp-block-image size-full\"><img decoding=\"async\" width=\"920\" height=\"920\" src=\"https:\/\/www.fsyougel.com\/wp-content\/uploads\/2025\/08\/Custom-Base-Coat-Gel-15ml-Soak-Off-5.webp\" alt=\"Custom Base Coat Gel 15ml Soak Off (5)\" class=\"wp-image-501\" srcset=\"https:\/\/www.fsyougel.com\/wp-content\/uploads\/2025\/08\/Custom-Base-Coat-Gel-15ml-Soak-Off-5.webp 920w, https:\/\/www.fsyougel.com\/wp-content\/uploads\/2025\/08\/Custom-Base-Coat-Gel-15ml-Soak-Off-5-300x300.webp 300w, https:\/\/www.fsyougel.com\/wp-content\/uploads\/2025\/08\/Custom-Base-Coat-Gel-15ml-Soak-Off-5-150x150.webp 150w, https:\/\/www.fsyougel.com\/wp-content\/uploads\/2025\/08\/Custom-Base-Coat-Gel-15ml-Soak-Off-5-768x768.webp 768w, https:\/\/www.fsyougel.com\/wp-content\/uploads\/2025\/08\/Custom-Base-Coat-Gel-15ml-Soak-Off-5-600x600.webp 600w, https:\/\/www.fsyougel.com\/wp-content\/uploads\/2025\/08\/Custom-Base-Coat-Gel-15ml-Soak-Off-5-100x100.webp 100w\" sizes=\"(max-width: 920px) 100vw, 920px\" \/><\/figure>\n<\/div>\n\n\n\n<div class=\"wp-block-column is-layout-flow wp-block-column-is-layout-flow\">\n<figure class=\"wp-block-image size-full\"><img decoding=\"async\" width=\"920\" height=\"920\" src=\"https:\/\/www.fsyougel.com\/wp-content\/uploads\/2025\/08\/Custom-Base-Coat-Gel-15ml-Soak-Off-4.webp\" alt=\"Custom Base Coat Gel 15ml Soak Off (4)\" class=\"wp-image-500\" srcset=\"https:\/\/www.fsyougel.com\/wp-content\/uploads\/2025\/08\/Custom-Base-Coat-Gel-15ml-Soak-Off-4.webp 920w, https:\/\/www.fsyougel.com\/wp-content\/uploads\/2025\/08\/Custom-Base-Coat-Gel-15ml-Soak-Off-4-300x300.webp 300w, https:\/\/www.fsyougel.com\/wp-content\/uploads\/2025\/08\/Custom-Base-Coat-Gel-15ml-Soak-Off-4-150x150.webp 150w, https:\/\/www.fsyougel.com\/wp-content\/uploads\/2025\/08\/Custom-Base-Coat-Gel-15ml-Soak-Off-4-768x768.webp 768w, https:\/\/www.fsyougel.com\/wp-content\/uploads\/2025\/08\/Custom-Base-Coat-Gel-15ml-Soak-Off-4-600x600.webp 600w, https:\/\/www.fsyougel.com\/wp-content\/uploads\/2025\/08\/Custom-Base-Coat-Gel-15ml-Soak-Off-4-100x100.webp 100w\" sizes=\"(max-width: 920px) 100vw, 920px\" \/><\/figure>\n<\/div>\n\n\n\n<div class=\"wp-block-column is-layout-flow wp-block-column-is-layout-flow\">\n<figure class=\"wp-block-image size-full\"><img decoding=\"async\" width=\"920\" height=\"920\" src=\"https:\/\/www.fsyougel.com\/wp-content\/uploads\/2025\/08\/Base-Coat-Nail-Polish-Wholesale-3.webp\" alt=\"Base Coat Vernis \u00e0 ongles en gros (3)\" class=\"wp-image-497\" srcset=\"https:\/\/www.fsyougel.com\/wp-content\/uploads\/2025\/08\/Base-Coat-Nail-Polish-Wholesale-3.webp 920w, https:\/\/www.fsyougel.com\/wp-content\/uploads\/2025\/08\/Base-Coat-Nail-Polish-Wholesale-3-300x300.webp 300w, https:\/\/www.fsyougel.com\/wp-content\/uploads\/2025\/08\/Base-Coat-Nail-Polish-Wholesale-3-150x150.webp 150w, https:\/\/www.fsyougel.com\/wp-content\/uploads\/2025\/08\/Base-Coat-Nail-Polish-Wholesale-3-768x768.webp 768w, https:\/\/www.fsyougel.com\/wp-content\/uploads\/2025\/08\/Base-Coat-Nail-Polish-Wholesale-3-600x600.webp 600w, https:\/\/www.fsyougel.com\/wp-content\/uploads\/2025\/08\/Base-Coat-Nail-Polish-Wholesale-3-100x100.webp 100w\" sizes=\"(max-width: 920px) 100vw, 920px\" \/><\/figure>\n<\/div>\n<\/div>","protected":false},"excerpt":{"rendered":"<p>Couche de base en caoutchouc transparent \u00e0 la texture \u00e9paisse mais flexible et \u00e0 la viscosit\u00e9 \u00e9lev\u00e9e pour une application en douceur. S'aligne sur la plaque de l'ongle, couvre les imperfections et assure une finition impeccable. Contactez-nous d\u00e8s aujourd'hui pour un devis !<\/p>\n<table border=\"0\" width=\"854\" cellspacing=\"0\" cellpadding=\"0\">\n<tbody>\n<tr>\n<td width=\"257\" height=\"44\">Marque<\/td>\n<td width=\"597\">YouGel<\/td>\n<\/tr>\n<tr>\n<td width=\"257\" height=\"44\">Num\u00e9ro de mod\u00e8le<\/td>\n<td width=\"597\">BC02<\/td>\n<\/tr>\n<tr>\n<td width=\"257\" height=\"44\">Type de produit<\/td>\n<td width=\"597\">UV\/LED de trempage<\/td>\n<\/tr>\n<tr>\n<td width=\"257\" height=\"44\">Mat\u00e9riau<\/td>\n<td width=\"597\">R\u00e9sine<\/td>\n<\/tr>\n<tr>\n<td width=\"257\" height=\"44\">Couleur<\/td>\n<td width=\"597\">Transparent\/ Couleur en option<\/td>\n<\/tr>\n<tr>\n<td width=\"257\" height=\"44\">Volume<\/td>\n<td width=\"597\">15ml, 1kg<\/td>\n<\/tr>\n<tr>\n<td width=\"257\" height=\"44\">S\u00e9curit\u00e9<\/td>\n<td width=\"597\">Sans HEMA, non toxique, MSDS disponible<\/td>\n<\/tr>\n<tr>\n<td width=\"257\" height=\"44\">MOQ<\/td>\n<td width=\"597\">Faible MOQ<\/td>\n<\/tr>\n<tr>\n<td width=\"257\" height=\"44\">\u00c9chantillon gratuit<\/td>\n<td width=\"597\">Disponible<\/td>\n<\/tr>\n<tr>\n<td width=\"257\" height=\"82\">Option personnalis\u00e9e<\/td>\n<td width=\"597\">Services OEM\/ODM, prise en charge des logos, \u00e9tiquettes et emballages personnalis\u00e9s<\/td>\n<\/tr>\n<\/tbody>\n<\/table>\n<h2 class=\"brxe-heading\">Du fabricant de Gel Base Coat<\/h2>\n<p>YouGel est un fabricant de gel de base de confiance, qui propose des gels de base de haute qualit\u00e9 adapt\u00e9s aux ongles UV\/LED. Nos produits sont con\u00e7us pour garantir une application en douceur, une tenue longue dur\u00e9e et une absorption facile.<\/p>","protected":false},"featured_media":511,"comment_status":"closed","ping_status":"closed","template":"","meta":{"_acf_changed":false},"product_brand":[],"product_cat":[17],"product_tag":[],"class_list":{"0":"post-505","1":"product","2":"type-product","3":"status-publish","4":"has-post-thumbnail","6":"product_cat-wholesale-base-coat","8":"first","9":"instock","10":"shipping-taxable","11":"product-type-simple"},"acf":[],"_links":{"self":[{"href":"https:\/\/www.fsyougel.com\/fr\/wp-json\/wp\/v2\/product\/505","targetHints":{"allow":["GET"]}}],"collection":[{"href":"https:\/\/www.fsyougel.com\/fr\/wp-json\/wp\/v2\/product"}],"about":[{"href":"https:\/\/www.fsyougel.com\/fr\/wp-json\/wp\/v2\/types\/product"}],"replies":[{"embeddable":true,"href":"https:\/\/www.fsyougel.com\/fr\/wp-json\/wp\/v2\/comments?post=505"}],"wp:featuredmedia":[{"embeddable":true,"href":"https:\/\/www.fsyougel.com\/fr\/wp-json\/wp\/v2\/media\/511"}],"wp:attachment":[{"href":"https:\/\/www.fsyougel.com\/fr\/wp-json\/wp\/v2\/media?parent=505"}],"wp:term":[{"taxonomy":"product_brand","embeddable":true,"href":"https:\/\/www.fsyougel.com\/fr\/wp-json\/wp\/v2\/product_brand?post=505"},{"taxonomy":"product_cat","embeddable":true,"href":"https:\/\/www.fsyougel.com\/fr\/wp-json\/wp\/v2\/product_cat?post=505"},{"taxonomy":"product_tag","embeddable":true,"href":"https:\/\/www.fsyougel.com\/fr\/wp-json\/wp\/v2\/product_tag?post=505"}],"curies":[{"name":"wp","href":"https:\/\/api.w.org\/{rel}","templated":true}]}}