{"id":514,"date":"2025-08-17T19:54:37","date_gmt":"2025-08-17T19:54:37","guid":{"rendered":"https:\/\/www.fsyougel.com\/?post_type=product&#038;p=514"},"modified":"2025-08-18T01:23:16","modified_gmt":"2025-08-18T01:23:16","slug":"oem-color-base-coat-wholesale","status":"publish","type":"product","link":"https:\/\/www.fsyougel.com\/fr\/produit\/oem-color-base-coat-wholesale\/","title":{"rendered":"OEM\/ODM Vernis de base pour ongles en gel, Fournisseur en gros de vernis en gel pour les salons"},"content":{"rendered":"<div class=\"wp-block-columns is-layout-flex wp-container-core-columns-is-layout-9d6595d7 wp-block-columns-is-layout-flex\">\n<div class=\"wp-block-column is-layout-flow wp-block-column-is-layout-flow\">\n<h2 class=\"wp-block-heading\">Couche de base pour les couleurs de gel d'ongles personnalis\u00e9 Caract\u00e9ristiques :<\/h2>\n\n\n\n<ul class=\"wp-block-list\">\n<li><strong>Caoutchouc naturel<\/strong>: Une formule saine et s\u00fbre, douce et peu irritante, sans HEMA, qui prot\u00e8ge les ongles des dommages chimiques.<\/li>\n\n\n\n<li><strong>Base et couleur 2 en 1 :<\/strong> Gagnez du temps et de l'\u00e9nergie en combinant la base et le vernis \u00e0 ongles color\u00e9 en une seule \u00e9tape, ce qui rend l'application simple et pratique.<\/li>\n\n\n\n<li><strong>Brillance longue dur\u00e9e (30 jours) :<\/strong> R\u00e9duit la n\u00e9cessit\u00e9 de retouches fr\u00e9quentes, permet d'obtenir des effets de nail art durables et de gagner du temps dans les salons de coiffure.<\/li>\n\n\n\n<li><strong>Consistance plus \u00e9paisse<\/strong>: Epais et riche, ne coule pas, facile \u00e0 \u00e9taler uniform\u00e9ment et couvre les imperfections de l'ongle.<\/li>\n\n\n\n<li><strong>Forte adh\u00e9rence<\/strong>: Adh\u00e8re fortement aux ongles, emp\u00eachant le d\u00e9collement ou le soul\u00e8vement.<\/li>\n\n\n\n<li><strong>Riche choix de couleurs<\/strong>: La couleur est naturelle et s'adapte \u00e0 de nombreuses combinaisons de vernis \u00e0 ongles.<\/li>\n\n\n\n<li><strong>Approvisionnement direct de l'usine et faible quantit\u00e9 minimale de commande<\/strong>: \u00c9chantillon gratuit, couche de base de couleur en gros rentable, pratique et rapide \u00e0 stocker.<\/li>\n\n\n\n<li><strong>Rubber Base Coat Supplie<\/strong>r : Fournisseur professionnel de gel color\u00e9 de base, assurant un approvisionnement stable et des avantages de prix de fourniture directe d'usine.<\/li>\n<\/ul>\n<\/div>\n\n\n\n<div class=\"wp-block-column is-layout-flow wp-block-column-is-layout-flow\">\n<figure class=\"wp-block-image size-full\"><img decoding=\"async\" width=\"1500\" height=\"1500\" src=\"https:\/\/www.fsyougel.com\/wp-content\/uploads\/2025\/08\/Gel-Nail-Color-Base-Coat-Wholesale.webp\" alt=\"Vernis de base pour vernis \u00e0 ongles en gel Wholesale\" class=\"wp-image-520\" srcset=\"https:\/\/www.fsyougel.com\/wp-content\/uploads\/2025\/08\/Gel-Nail-Color-Base-Coat-Wholesale.webp 1500w, https:\/\/www.fsyougel.com\/wp-content\/uploads\/2025\/08\/Gel-Nail-Color-Base-Coat-Wholesale-300x300.webp 300w, https:\/\/www.fsyougel.com\/wp-content\/uploads\/2025\/08\/Gel-Nail-Color-Base-Coat-Wholesale-150x150.webp 150w, https:\/\/www.fsyougel.com\/wp-content\/uploads\/2025\/08\/Gel-Nail-Color-Base-Coat-Wholesale-768x768.webp 768w, https:\/\/www.fsyougel.com\/wp-content\/uploads\/2025\/08\/Gel-Nail-Color-Base-Coat-Wholesale-1200x1200.webp 1200w, https:\/\/www.fsyougel.com\/wp-content\/uploads\/2025\/08\/Gel-Nail-Color-Base-Coat-Wholesale-600x600.webp 600w, https:\/\/www.fsyougel.com\/wp-content\/uploads\/2025\/08\/Gel-Nail-Color-Base-Coat-Wholesale-100x100.webp 100w\" sizes=\"(max-width: 1500px) 100vw, 1500px\" \/><\/figure>\n<\/div>\n<\/div>\n\n\n\n<div class=\"wp-block-columns is-layout-flex wp-container-core-columns-is-layout-9d6595d7 wp-block-columns-is-layout-flex\">\n<div class=\"wp-block-column is-layout-flow wp-block-column-is-layout-flow\">\n<figure class=\"wp-block-image size-full\"><img decoding=\"async\" width=\"1500\" height=\"1500\" src=\"https:\/\/www.fsyougel.com\/wp-content\/uploads\/2025\/08\/Color-Base-Coat-Wholesale-4.webp\" alt=\"Color Base Coat Wholesale (4)\" class=\"wp-image-518\" srcset=\"https:\/\/www.fsyougel.com\/wp-content\/uploads\/2025\/08\/Color-Base-Coat-Wholesale-4.webp 1500w, https:\/\/www.fsyougel.com\/wp-content\/uploads\/2025\/08\/Color-Base-Coat-Wholesale-4-300x300.webp 300w, https:\/\/www.fsyougel.com\/wp-content\/uploads\/2025\/08\/Color-Base-Coat-Wholesale-4-150x150.webp 150w, https:\/\/www.fsyougel.com\/wp-content\/uploads\/2025\/08\/Color-Base-Coat-Wholesale-4-768x768.webp 768w, https:\/\/www.fsyougel.com\/wp-content\/uploads\/2025\/08\/Color-Base-Coat-Wholesale-4-1200x1200.webp 1200w, https:\/\/www.fsyougel.com\/wp-content\/uploads\/2025\/08\/Color-Base-Coat-Wholesale-4-600x600.webp 600w, https:\/\/www.fsyougel.com\/wp-content\/uploads\/2025\/08\/Color-Base-Coat-Wholesale-4-100x100.webp 100w\" sizes=\"(max-width: 1500px) 100vw, 1500px\" \/><\/figure>\n<\/div>\n\n\n\n<div class=\"wp-block-column is-layout-flow wp-block-column-is-layout-flow\">\n<figure class=\"wp-block-image size-full\"><img decoding=\"async\" width=\"1500\" height=\"1500\" src=\"https:\/\/www.fsyougel.com\/wp-content\/uploads\/2025\/08\/Color-Base-Coat-Wholesale-2.webp\" alt=\"Color Base Coat Wholesale (2)\" class=\"wp-image-516\" srcset=\"https:\/\/www.fsyougel.com\/wp-content\/uploads\/2025\/08\/Color-Base-Coat-Wholesale-2.webp 1500w, https:\/\/www.fsyougel.com\/wp-content\/uploads\/2025\/08\/Color-Base-Coat-Wholesale-2-300x300.webp 300w, https:\/\/www.fsyougel.com\/wp-content\/uploads\/2025\/08\/Color-Base-Coat-Wholesale-2-150x150.webp 150w, https:\/\/www.fsyougel.com\/wp-content\/uploads\/2025\/08\/Color-Base-Coat-Wholesale-2-768x768.webp 768w, https:\/\/www.fsyougel.com\/wp-content\/uploads\/2025\/08\/Color-Base-Coat-Wholesale-2-1200x1200.webp 1200w, https:\/\/www.fsyougel.com\/wp-content\/uploads\/2025\/08\/Color-Base-Coat-Wholesale-2-600x600.webp 600w, https:\/\/www.fsyougel.com\/wp-content\/uploads\/2025\/08\/Color-Base-Coat-Wholesale-2-100x100.webp 100w\" sizes=\"(max-width: 1500px) 100vw, 1500px\" \/><\/figure>\n<\/div>\n\n\n\n<div class=\"wp-block-column is-layout-flow wp-block-column-is-layout-flow\">\n<figure class=\"wp-block-image size-full\"><img decoding=\"async\" width=\"1500\" height=\"1500\" src=\"https:\/\/www.fsyougel.com\/wp-content\/uploads\/2025\/08\/Color-Base-Coat-Wholesale-3.webp\" alt=\"Color Base Coat Wholesale (3)\" class=\"wp-image-517\" srcset=\"https:\/\/www.fsyougel.com\/wp-content\/uploads\/2025\/08\/Color-Base-Coat-Wholesale-3.webp 1500w, https:\/\/www.fsyougel.com\/wp-content\/uploads\/2025\/08\/Color-Base-Coat-Wholesale-3-300x300.webp 300w, https:\/\/www.fsyougel.com\/wp-content\/uploads\/2025\/08\/Color-Base-Coat-Wholesale-3-150x150.webp 150w, https:\/\/www.fsyougel.com\/wp-content\/uploads\/2025\/08\/Color-Base-Coat-Wholesale-3-768x768.webp 768w, https:\/\/www.fsyougel.com\/wp-content\/uploads\/2025\/08\/Color-Base-Coat-Wholesale-3-1200x1200.webp 1200w, https:\/\/www.fsyougel.com\/wp-content\/uploads\/2025\/08\/Color-Base-Coat-Wholesale-3-600x600.webp 600w, https:\/\/www.fsyougel.com\/wp-content\/uploads\/2025\/08\/Color-Base-Coat-Wholesale-3-100x100.webp 100w\" sizes=\"(max-width: 1500px) 100vw, 1500px\" \/><\/figure>\n<\/div>\n\n\n\n<div class=\"wp-block-column is-layout-flow wp-block-column-is-layout-flow\">\n<figure class=\"wp-block-image size-full\"><img decoding=\"async\" width=\"1500\" height=\"1500\" src=\"https:\/\/www.fsyougel.com\/wp-content\/uploads\/2025\/08\/Color-Base-Coat-Wholesale-1.webp\" alt=\"Color Base Coat Wholesale (1)\" class=\"wp-image-515\" srcset=\"https:\/\/www.fsyougel.com\/wp-content\/uploads\/2025\/08\/Color-Base-Coat-Wholesale-1.webp 1500w, https:\/\/www.fsyougel.com\/wp-content\/uploads\/2025\/08\/Color-Base-Coat-Wholesale-1-300x300.webp 300w, https:\/\/www.fsyougel.com\/wp-content\/uploads\/2025\/08\/Color-Base-Coat-Wholesale-1-150x150.webp 150w, https:\/\/www.fsyougel.com\/wp-content\/uploads\/2025\/08\/Color-Base-Coat-Wholesale-1-768x768.webp 768w, https:\/\/www.fsyougel.com\/wp-content\/uploads\/2025\/08\/Color-Base-Coat-Wholesale-1-1200x1200.webp 1200w, https:\/\/www.fsyougel.com\/wp-content\/uploads\/2025\/08\/Color-Base-Coat-Wholesale-1-600x600.webp 600w, https:\/\/www.fsyougel.com\/wp-content\/uploads\/2025\/08\/Color-Base-Coat-Wholesale-1-100x100.webp 100w\" sizes=\"(max-width: 1500px) 100vw, 1500px\" \/><\/figure>\n<\/div>\n<\/div>","protected":false},"excerpt":{"rendered":"<p>Vernis de base pour la coloration des ongles en gel, \u00e0 base de caoutchouc naturel \u00e0 haute viscosit\u00e9, sans HEMA. Flexible, facile \u00e0 appliquer, dure jusqu'\u00e0 30 jours, couvre les imperfections et prot\u00e8ge les ongles. Produits en direct de l'usine, faible MOQ, \u00e9chantillons gratuits, OEM et label priv\u00e9 disponibles.<\/p>\n<table border=\"0\" width=\"854\" cellspacing=\"0\" cellpadding=\"0\">\n<tbody>\n<tr>\n<td width=\"257\" height=\"44\">Marque<\/td>\n<td width=\"597\">YouGel<\/td>\n<\/tr>\n<tr>\n<td width=\"257\" height=\"44\">Num\u00e9ro de mod\u00e8le<\/td>\n<td width=\"597\">RB01<\/td>\n<\/tr>\n<tr>\n<td width=\"257\" height=\"44\">Type de produit<\/td>\n<td width=\"597\">UV\/LED de trempage<\/td>\n<\/tr>\n<tr>\n<td width=\"257\" height=\"44\">Mat\u00e9riau<\/td>\n<td width=\"597\">R\u00e9sine<\/td>\n<\/tr>\n<tr>\n<td width=\"257\" height=\"44\">Couleur<\/td>\n<td width=\"597\">48 Couleurs<\/td>\n<\/tr>\n<tr>\n<td width=\"257\" height=\"44\">Volume<\/td>\n<td width=\"597\">15ml, 1kg\/personne<\/td>\n<\/tr>\n<tr>\n<td width=\"257\" height=\"44\">S\u00e9curit\u00e9<\/td>\n<td width=\"597\">Sans HEMA, non toxique, MSDS disponible<\/td>\n<\/tr>\n<tr>\n<td width=\"257\" height=\"44\">MOQ<\/td>\n<td width=\"597\">Faible MOQ<\/td>\n<\/tr>\n<tr>\n<td width=\"257\" height=\"44\">\u00c9chantillon gratuit<\/td>\n<td width=\"597\">Disponible<\/td>\n<\/tr>\n<tr>\n<td width=\"257\" height=\"82\">Option personnalis\u00e9e<\/td>\n<td width=\"597\">Services OEM\/ODM, prise en charge des logos, \u00e9tiquettes et emballages personnalis\u00e9s<\/td>\n<\/tr>\n<\/tbody>\n<\/table>\n<h2 class=\"brxe-heading\">Du fabricant de Gel Base Coat<\/h2>\n<p><strong>YouGel<\/strong> est un fabricant de gel de base de confiance, qui propose des gels de base de haute qualit\u00e9 adapt\u00e9s aux ongles UV\/LED. Nos produits sont con\u00e7us pour garantir une application en douceur, une tenue longue dur\u00e9e et une absorption facile.<\/p>","protected":false},"featured_media":525,"comment_status":"closed","ping_status":"closed","template":"","meta":{"_acf_changed":false},"product_brand":[],"product_cat":[17],"product_tag":[],"class_list":{"0":"post-514","1":"product","2":"type-product","3":"status-publish","4":"has-post-thumbnail","6":"product_cat-wholesale-base-coat","8":"first","9":"instock","10":"shipping-taxable","11":"product-type-simple"},"acf":[],"_links":{"self":[{"href":"https:\/\/www.fsyougel.com\/fr\/wp-json\/wp\/v2\/product\/514","targetHints":{"allow":["GET"]}}],"collection":[{"href":"https:\/\/www.fsyougel.com\/fr\/wp-json\/wp\/v2\/product"}],"about":[{"href":"https:\/\/www.fsyougel.com\/fr\/wp-json\/wp\/v2\/types\/product"}],"replies":[{"embeddable":true,"href":"https:\/\/www.fsyougel.com\/fr\/wp-json\/wp\/v2\/comments?post=514"}],"wp:featuredmedia":[{"embeddable":true,"href":"https:\/\/www.fsyougel.com\/fr\/wp-json\/wp\/v2\/media\/525"}],"wp:attachment":[{"href":"https:\/\/www.fsyougel.com\/fr\/wp-json\/wp\/v2\/media?parent=514"}],"wp:term":[{"taxonomy":"product_brand","embeddable":true,"href":"https:\/\/www.fsyougel.com\/fr\/wp-json\/wp\/v2\/product_brand?post=514"},{"taxonomy":"product_cat","embeddable":true,"href":"https:\/\/www.fsyougel.com\/fr\/wp-json\/wp\/v2\/product_cat?post=514"},{"taxonomy":"product_tag","embeddable":true,"href":"https:\/\/www.fsyougel.com\/fr\/wp-json\/wp\/v2\/product_tag?post=514"}],"curies":[{"name":"wp","href":"https:\/\/api.w.org\/{rel}","templated":true}]}}