{"id":538,"date":"2025-08-18T08:31:44","date_gmt":"2025-08-18T08:31:44","guid":{"rendered":"https:\/\/www.fsyougel.com\/?post_type=product&#038;p=538"},"modified":"2025-08-18T08:34:37","modified_gmt":"2025-08-18T08:34:37","slug":"velet-matte-top-coat-wholesale","status":"publish","type":"product","link":"https:\/\/www.fsyougel.com\/fr\/produit\/velet-matte-top-coat-wholesale\/","title":{"rendered":"Velet Matte Top Coat Wholesale 15ml HEMA Free Gel Nail Polish Supply"},"content":{"rendered":"<div class=\"wp-block-columns is-layout-flex wp-container-core-columns-is-layout-9d6595d7 wp-block-columns-is-layout-flex\">\n<div class=\"wp-block-column is-layout-flow wp-block-column-is-layout-flow\">\n<h2 class=\"wp-block-heading\">Custom Velet Matte Top Coat Caract\u00e9ristiques :<\/h2>\n\n\n\n<ul class=\"wp-block-list\">\n<li><strong>Finition mate en velours de premi\u00e8re qualit\u00e9<\/strong> - Obtenez un aspect lisse et non r\u00e9fl\u00e9chissant avec notre <strong>Velet Matte Top Coat Wholesale<\/strong>Le syst\u00e8me est id\u00e9al pour les salons de manucure professionnels.<\/li>\n\n\n\n<li><strong>Formule sans HEMA<\/strong> - S\u00fbr et doux pour les ongles naturels, id\u00e9al pour tous les types d'ongles. <strong>approvisionnement en vernis \u00e0 ongles<\/strong> offres.<\/li>\n\n\n\n<li><strong>Long\u00e9vit\u00e9 et flexibilit\u00e9<\/strong> - Garantit une r\u00e9sistance \u00e0 l'\u00e9caillage et maintient l'effet mat velout\u00e9 tout au long de la semaine.<\/li>\n\n\n\n<li><strong>Application facile<\/strong> - La formule \u00e0 haute viscosit\u00e9 glisse en douceur sur la surface des ongles pour une couverture parfaite, renfor\u00e7ant ainsi votre image de marque. <strong>approvisionnement en vernis \u00e0 ongles<\/strong> l'inventaire.<\/li>\n\n\n\n<li><strong>Parfait pour les commandes en nombre<\/strong> - L'approvisionnement direct en usine permet <strong>Velet Matte Top Coat Wholesale<\/strong> avec un faible MOQ, des options OEM et de label priv\u00e9 sont disponibles.<\/li>\n<\/ul>\n<\/div>\n\n\n\n<div class=\"wp-block-column is-layout-flow wp-block-column-is-layout-flow\">\n<figure class=\"wp-block-image size-full\"><img decoding=\"async\" width=\"1500\" height=\"1500\" src=\"https:\/\/www.fsyougel.com\/wp-content\/uploads\/2025\/08\/Velet-Matte-Top-Coat-Wholesale-2.webp\" alt=\"Velet Matte Top Coat Wholesale (2)\" class=\"wp-image-540\" srcset=\"https:\/\/www.fsyougel.com\/wp-content\/uploads\/2025\/08\/Velet-Matte-Top-Coat-Wholesale-2.webp 1500w, https:\/\/www.fsyougel.com\/wp-content\/uploads\/2025\/08\/Velet-Matte-Top-Coat-Wholesale-2-300x300.webp 300w, https:\/\/www.fsyougel.com\/wp-content\/uploads\/2025\/08\/Velet-Matte-Top-Coat-Wholesale-2-150x150.webp 150w, https:\/\/www.fsyougel.com\/wp-content\/uploads\/2025\/08\/Velet-Matte-Top-Coat-Wholesale-2-768x768.webp 768w, https:\/\/www.fsyougel.com\/wp-content\/uploads\/2025\/08\/Velet-Matte-Top-Coat-Wholesale-2-1200x1200.webp 1200w, https:\/\/www.fsyougel.com\/wp-content\/uploads\/2025\/08\/Velet-Matte-Top-Coat-Wholesale-2-600x600.webp 600w, https:\/\/www.fsyougel.com\/wp-content\/uploads\/2025\/08\/Velet-Matte-Top-Coat-Wholesale-2-100x100.webp 100w\" sizes=\"(max-width: 1500px) 100vw, 1500px\" \/><\/figure>\n<\/div>\n<\/div>\n\n\n\n<div class=\"wp-block-columns is-layout-flex wp-container-core-columns-is-layout-9d6595d7 wp-block-columns-is-layout-flex\">\n<div class=\"wp-block-column is-layout-flow wp-block-column-is-layout-flow\">\n<figure class=\"wp-block-image size-full\"><img decoding=\"async\" width=\"1500\" height=\"1500\" src=\"https:\/\/www.fsyougel.com\/wp-content\/uploads\/2025\/08\/Velet-Matte-Top-Coat-Wholesale-Manufacturer.webp\" alt=\"Velet Matte Top Coat Fabricant grossiste\" class=\"wp-image-542\" srcset=\"https:\/\/www.fsyougel.com\/wp-content\/uploads\/2025\/08\/Velet-Matte-Top-Coat-Wholesale-Manufacturer.webp 1500w, https:\/\/www.fsyougel.com\/wp-content\/uploads\/2025\/08\/Velet-Matte-Top-Coat-Wholesale-Manufacturer-300x300.webp 300w, https:\/\/www.fsyougel.com\/wp-content\/uploads\/2025\/08\/Velet-Matte-Top-Coat-Wholesale-Manufacturer-150x150.webp 150w, https:\/\/www.fsyougel.com\/wp-content\/uploads\/2025\/08\/Velet-Matte-Top-Coat-Wholesale-Manufacturer-768x768.webp 768w, https:\/\/www.fsyougel.com\/wp-content\/uploads\/2025\/08\/Velet-Matte-Top-Coat-Wholesale-Manufacturer-1200x1200.webp 1200w, https:\/\/www.fsyougel.com\/wp-content\/uploads\/2025\/08\/Velet-Matte-Top-Coat-Wholesale-Manufacturer-600x600.webp 600w, https:\/\/www.fsyougel.com\/wp-content\/uploads\/2025\/08\/Velet-Matte-Top-Coat-Wholesale-Manufacturer-100x100.webp 100w\" sizes=\"(max-width: 1500px) 100vw, 1500px\" \/><\/figure>\n<\/div>\n\n\n\n<div class=\"wp-block-column is-layout-flow wp-block-column-is-layout-flow\">\n<figure class=\"wp-block-image size-full\"><img decoding=\"async\" width=\"1500\" height=\"1500\" src=\"https:\/\/www.fsyougel.com\/wp-content\/uploads\/2025\/08\/Velet-Matte-Top-Coat-Wholesale-Manufacturer-2.webp\" alt=\"Velet Matte Top Coat Fabricant grossiste (2)\" class=\"wp-image-541\" srcset=\"https:\/\/www.fsyougel.com\/wp-content\/uploads\/2025\/08\/Velet-Matte-Top-Coat-Wholesale-Manufacturer-2.webp 1500w, https:\/\/www.fsyougel.com\/wp-content\/uploads\/2025\/08\/Velet-Matte-Top-Coat-Wholesale-Manufacturer-2-300x300.webp 300w, https:\/\/www.fsyougel.com\/wp-content\/uploads\/2025\/08\/Velet-Matte-Top-Coat-Wholesale-Manufacturer-2-150x150.webp 150w, https:\/\/www.fsyougel.com\/wp-content\/uploads\/2025\/08\/Velet-Matte-Top-Coat-Wholesale-Manufacturer-2-768x768.webp 768w, https:\/\/www.fsyougel.com\/wp-content\/uploads\/2025\/08\/Velet-Matte-Top-Coat-Wholesale-Manufacturer-2-1200x1200.webp 1200w, https:\/\/www.fsyougel.com\/wp-content\/uploads\/2025\/08\/Velet-Matte-Top-Coat-Wholesale-Manufacturer-2-600x600.webp 600w, https:\/\/www.fsyougel.com\/wp-content\/uploads\/2025\/08\/Velet-Matte-Top-Coat-Wholesale-Manufacturer-2-100x100.webp 100w\" sizes=\"(max-width: 1500px) 100vw, 1500px\" \/><\/figure>\n<\/div>\n<\/div>\n\n\n\n<div class=\"wp-block-columns is-layout-flex wp-container-core-columns-is-layout-9d6595d7 wp-block-columns-is-layout-flex\">\n<div class=\"wp-block-column is-layout-flow wp-block-column-is-layout-flow\">\n<figure class=\"wp-block-image size-full\"><img decoding=\"async\" width=\"1500\" height=\"1500\" src=\"https:\/\/www.fsyougel.com\/wp-content\/uploads\/2025\/08\/Velet-Matte-Top-Coat-Gel-Polish.webp\" alt=\"Velet Matte Top Coat Gel Polish\" class=\"wp-image-545\" srcset=\"https:\/\/www.fsyougel.com\/wp-content\/uploads\/2025\/08\/Velet-Matte-Top-Coat-Gel-Polish.webp 1500w, https:\/\/www.fsyougel.com\/wp-content\/uploads\/2025\/08\/Velet-Matte-Top-Coat-Gel-Polish-300x300.webp 300w, https:\/\/www.fsyougel.com\/wp-content\/uploads\/2025\/08\/Velet-Matte-Top-Coat-Gel-Polish-150x150.webp 150w, https:\/\/www.fsyougel.com\/wp-content\/uploads\/2025\/08\/Velet-Matte-Top-Coat-Gel-Polish-768x768.webp 768w, https:\/\/www.fsyougel.com\/wp-content\/uploads\/2025\/08\/Velet-Matte-Top-Coat-Gel-Polish-1200x1200.webp 1200w, https:\/\/www.fsyougel.com\/wp-content\/uploads\/2025\/08\/Velet-Matte-Top-Coat-Gel-Polish-600x600.webp 600w, https:\/\/www.fsyougel.com\/wp-content\/uploads\/2025\/08\/Velet-Matte-Top-Coat-Gel-Polish-100x100.webp 100w\" sizes=\"(max-width: 1500px) 100vw, 1500px\" \/><\/figure>\n<\/div>\n\n\n\n<div class=\"wp-block-column is-layout-flow wp-block-column-is-layout-flow\">\n<h2 class=\"wp-block-heading\">Velvet Matte Top Coat vs Glossy Top Coat - Diff\u00e9rences cl\u00e9s pour les vernis \u00e0 ongles<\/h2>\n\n\n\n<p><strong>Effets de surface<\/strong><\/p>\n\n\n\n<ul class=\"wp-block-list\">\n<li>Top Coat Velvet Matte : Offre un fini mat et velout\u00e9 avec un aspect non r\u00e9fl\u00e9chissant pour une sophistication discr\u00e8te.<\/li>\n\n\n\n<li>Top Coat brillant : Offre un aspect tr\u00e8s brillant avec des reflets lumineux aigus et une riche saturation des couleurs.<\/li>\n<\/ul>\n\n\n\n<p><strong>Sensation et texture<\/strong><\/p>\n\n\n\n<ul class=\"wp-block-list\">\n<li>Top Coat mat velout\u00e9 : Offre un toucher lisse et velout\u00e9 avec un fini peu brillant qui donne un aspect plus naturel.<\/li>\n\n\n\n<li>Top Coat brillant : Offre une texture humide et lisse qui fait ressortir la couleur et la brillance de la finition de l'ongle.<\/li>\n<\/ul>\n\n\n\n<p><strong>Durabilit\u00e9 et protection<\/strong><\/p>\n\n\n\n<p>Les deux prot\u00e8gent le vernis des rayures, de l'\u00e9caillage et de la d\u00e9coloration, mais le vernis de finition mat doit \u00eatre trait\u00e9 avec d\u00e9licatesse pour \u00e9viter les frottements, qui le rendent brillant.<\/p>\n\n\n\n<p><strong>Conseils de style<\/strong><\/p>\n\n\n\n<ul class=\"wp-block-list\">\n<li>Top Coat mat et velout\u00e9 : Port\u00e9 seul ou avec des embellissements ou des paillettes pour un look diff\u00e9rent.<\/li>\n\n\n\n<li>Top Coat brillant : Id\u00e9al pour la couleur d\u00e9corative et la brillance, souvent combin\u00e9 avec du vernis \u00e0 ongles color\u00e9 et de l'art.<\/li>\n<\/ul>\n\n\n\n<p>D\u00e9couvrez d'autres couches de finition professionnelles, comme la personnalisation OEM et la personnalisation en gros. <strong>Demandez un devis et des \u00e9chantillons d\u00e8s aujourd'hui en nous contactant !<\/strong><\/p>\n<\/div>\n<\/div>","protected":false},"excerpt":{"rendered":"<p>Premium 15ml <strong data-start=\"988\" data-end=\"1022\">Velet Matte Top Coat Wholesale<\/strong>Sans HEMA, lisse et durable. Id\u00e9al pour les salons de coiffure et <strong data-start=\"1079\" data-end=\"1101\">approvisionnement en vernis \u00e0 ongles<\/strong>. Facile \u00e0 appliquer, OEM et commandes en gros disponibles. Contactez nous d\u00e8s aujourd'hui !<\/p>\n<table border=\"0\" width=\"854\" cellspacing=\"0\" cellpadding=\"0\">\n<tbody>\n<tr>\n<td width=\"257\" height=\"44\">Marque<\/td>\n<td width=\"597\">YouGel<\/td>\n<\/tr>\n<tr>\n<td width=\"257\" height=\"44\">Num\u00e9ro de mod\u00e8le<\/td>\n<td width=\"597\">MT01<\/td>\n<\/tr>\n<tr>\n<td width=\"257\" height=\"44\">Type de produit<\/td>\n<td width=\"597\">UV\/LED de trempage<\/td>\n<\/tr>\n<tr>\n<td width=\"257\" height=\"44\">Mat\u00e9riau<\/td>\n<td width=\"597\">R\u00e9sine<\/td>\n<\/tr>\n<tr>\n<td width=\"257\" height=\"44\">Couleur<\/td>\n<td width=\"597\">Transparent\/ Couleur en option<\/td>\n<\/tr>\n<tr>\n<td width=\"257\" height=\"44\">Volume<\/td>\n<td width=\"597\">15ml, 1kg<\/td>\n<\/tr>\n<tr>\n<td width=\"257\" height=\"44\">S\u00e9curit\u00e9<\/td>\n<td width=\"597\">Sans HEMA, non toxique, MSDS disponible<\/td>\n<\/tr>\n<tr>\n<td width=\"257\" height=\"44\">MOQ<\/td>\n<td width=\"597\">Faible MOQ<\/td>\n<\/tr>\n<tr>\n<td width=\"257\" height=\"44\">\u00c9chantillon gratuit<\/td>\n<td width=\"597\">Disponible<\/td>\n<\/tr>\n<tr>\n<td width=\"257\" height=\"82\">Option personnalis\u00e9e<\/td>\n<td width=\"597\">Services OEM\/ODM, prise en charge des logos, \u00e9tiquettes et emballages personnalis\u00e9s<\/td>\n<\/tr>\n<\/tbody>\n<\/table>\n<h2 class=\"brxe-heading\">Du fabricant de Gel Top Coat<\/h2>\n<p>YouGel est un fabricant de vernis de finition en gel de confiance, qui propose des vernis de base en gel de haute qualit\u00e9 adapt\u00e9s aux ongles UV\/LED. Nos produits sont con\u00e7us pour garantir une application en douceur, une tenue longue dur\u00e9e et une absorption facile.<\/p>","protected":false},"featured_media":543,"comment_status":"closed","ping_status":"closed","template":"","meta":{"_acf_changed":false},"product_brand":[],"product_cat":[18],"product_tag":[],"class_list":{"0":"post-538","1":"product","2":"type-product","3":"status-publish","4":"has-post-thumbnail","6":"product_cat-top-coat-wholesale","8":"first","9":"instock","10":"shipping-taxable","11":"product-type-simple"},"acf":[],"_links":{"self":[{"href":"https:\/\/www.fsyougel.com\/fr\/wp-json\/wp\/v2\/product\/538","targetHints":{"allow":["GET"]}}],"collection":[{"href":"https:\/\/www.fsyougel.com\/fr\/wp-json\/wp\/v2\/product"}],"about":[{"href":"https:\/\/www.fsyougel.com\/fr\/wp-json\/wp\/v2\/types\/product"}],"replies":[{"embeddable":true,"href":"https:\/\/www.fsyougel.com\/fr\/wp-json\/wp\/v2\/comments?post=538"}],"wp:featuredmedia":[{"embeddable":true,"href":"https:\/\/www.fsyougel.com\/fr\/wp-json\/wp\/v2\/media\/543"}],"wp:attachment":[{"href":"https:\/\/www.fsyougel.com\/fr\/wp-json\/wp\/v2\/media?parent=538"}],"wp:term":[{"taxonomy":"product_brand","embeddable":true,"href":"https:\/\/www.fsyougel.com\/fr\/wp-json\/wp\/v2\/product_brand?post=538"},{"taxonomy":"product_cat","embeddable":true,"href":"https:\/\/www.fsyougel.com\/fr\/wp-json\/wp\/v2\/product_cat?post=538"},{"taxonomy":"product_tag","embeddable":true,"href":"https:\/\/www.fsyougel.com\/fr\/wp-json\/wp\/v2\/product_tag?post=538"}],"curies":[{"name":"wp","href":"https:\/\/api.w.org\/{rel}","templated":true}]}}