{"id":546,"date":"2025-08-18T09:05:57","date_gmt":"2025-08-18T09:05:57","guid":{"rendered":"https:\/\/www.fsyougel.com\/?post_type=product&#038;p=546"},"modified":"2025-08-18T09:05:59","modified_gmt":"2025-08-18T09:05:59","slug":"blue-diamond-top-coat-bulk","status":"publish","type":"product","link":"https:\/\/www.fsyougel.com\/fr\/produit\/blue-diamond-top-coat-bulk\/","title":{"rendered":"Blue Diamond Top Coat Bulk, HEMA &amp; TPO Free Gel Nail Polish Supply"},"content":{"rendered":"<div class=\"wp-block-columns is-layout-flex wp-container-core-columns-is-layout-9d6595d7 wp-block-columns-is-layout-flex\">\n<div class=\"wp-block-column is-layout-flow wp-block-column-is-layout-flow\">\n<h2 class=\"wp-block-heading\">Bulk Blue Diamond Top Coat Caract\u00e9ristiques :<\/h2>\n\n\n\n<ul class=\"wp-block-list\">\n<li><strong>Brillance du diamant<\/strong> - Obtenez une finition \u00e9tincelante et r\u00e9fl\u00e9chissante gr\u00e2ce \u00e0 notre <strong>Top Coat bleu diamant<\/strong>Le syst\u00e8me est id\u00e9al pour les salons de manucure professionnels.<\/li>\n\n\n\n<li><strong style=\"color: initial;\">Formule non jaunissante<\/strong><span style=\"color: initial;\">\u00a0- Les ongles restent frais et naturels, ce qui est id\u00e9al pour une utilisation \u00e0 long terme.\u00a0<\/span><strong style=\"color: initial;\">utilisation du vernis \u00e0 ongles<\/strong>.<\/li>\n\n\n\n<li><strong>Poudre \u00e0 frotter Super Shine<\/strong> - Offre un effet ultra brillant, semblable \u00e0 celui d'un miroir, qui met en valeur toutes les couleurs d'ongles.<\/li>\n\n\n\n<li><strong>Durable et de longue dur\u00e9e<\/strong> - Prot\u00e8ge la couleur des ongles, r\u00e9siste \u00e0 l'\u00e9caillage et maintient la brillance pendant des jours, convient aux commandes en gros.<\/li>\n\n\n\n<li><strong>S\u00fbr et sans HEMA\/TPO<\/strong> - Doux pour les ongles naturels, il convient \u00e0 tous les types d'ongles et garantit une finition de qualit\u00e9 sup\u00e9rieure.<\/li>\n\n\n\n<li><strong>Pr\u00eat pour la vente en gros et l'OEM<\/strong> - En provenance directe de l'usine et avec une faible quantit\u00e9 de pi\u00e8ces, parfait pour <strong>approvisionnement en vernis \u00e0 ongles<\/strong> et l'\u00e9tiquetage priv\u00e9.<\/li>\n<\/ul>\n<\/div>\n\n\n\n<div class=\"wp-block-column is-layout-flow wp-block-column-is-layout-flow\">\n<figure class=\"wp-block-image size-full\"><img decoding=\"async\" width=\"800\" height=\"800\" src=\"https:\/\/www.fsyougel.com\/wp-content\/uploads\/2025\/08\/Blue-Diamond-Top-Coat-Bulk.webp\" alt=\"Top Coat bleu diamant en vrac\" class=\"wp-image-548\" srcset=\"https:\/\/www.fsyougel.com\/wp-content\/uploads\/2025\/08\/Blue-Diamond-Top-Coat-Bulk.webp 800w, https:\/\/www.fsyougel.com\/wp-content\/uploads\/2025\/08\/Blue-Diamond-Top-Coat-Bulk-300x300.webp 300w, https:\/\/www.fsyougel.com\/wp-content\/uploads\/2025\/08\/Blue-Diamond-Top-Coat-Bulk-150x150.webp 150w, https:\/\/www.fsyougel.com\/wp-content\/uploads\/2025\/08\/Blue-Diamond-Top-Coat-Bulk-768x768.webp 768w, https:\/\/www.fsyougel.com\/wp-content\/uploads\/2025\/08\/Blue-Diamond-Top-Coat-Bulk-600x600.webp 600w, https:\/\/www.fsyougel.com\/wp-content\/uploads\/2025\/08\/Blue-Diamond-Top-Coat-Bulk-100x100.webp 100w\" sizes=\"(max-width: 800px) 100vw, 800px\" \/><\/figure>\n<\/div>\n<\/div>\n\n\n\n<div class=\"wp-block-columns is-layout-flex wp-container-core-columns-is-layout-9d6595d7 wp-block-columns-is-layout-flex\">\n<div class=\"wp-block-column is-layout-flow wp-block-column-is-layout-flow\">\n<figure class=\"wp-block-image size-full\"><img decoding=\"async\" width=\"1667\" height=\"1667\" src=\"https:\/\/www.fsyougel.com\/wp-content\/uploads\/2025\/08\/Blue-Diamond-Top-Coat-Gel-Polish.webp\" alt=\"Gel Polish Blue Diamond Top Coat\" class=\"wp-image-549\" srcset=\"https:\/\/www.fsyougel.com\/wp-content\/uploads\/2025\/08\/Blue-Diamond-Top-Coat-Gel-Polish.webp 1667w, https:\/\/www.fsyougel.com\/wp-content\/uploads\/2025\/08\/Blue-Diamond-Top-Coat-Gel-Polish-300x300.webp 300w, https:\/\/www.fsyougel.com\/wp-content\/uploads\/2025\/08\/Blue-Diamond-Top-Coat-Gel-Polish-150x150.webp 150w, https:\/\/www.fsyougel.com\/wp-content\/uploads\/2025\/08\/Blue-Diamond-Top-Coat-Gel-Polish-768x768.webp 768w, https:\/\/www.fsyougel.com\/wp-content\/uploads\/2025\/08\/Blue-Diamond-Top-Coat-Gel-Polish-1200x1200.webp 1200w, https:\/\/www.fsyougel.com\/wp-content\/uploads\/2025\/08\/Blue-Diamond-Top-Coat-Gel-Polish-600x600.webp 600w, https:\/\/www.fsyougel.com\/wp-content\/uploads\/2025\/08\/Blue-Diamond-Top-Coat-Gel-Polish-100x100.webp 100w\" sizes=\"(max-width: 1667px) 100vw, 1667px\" \/><\/figure>\n<\/div>\n\n\n\n<div class=\"wp-block-column is-layout-flow wp-block-column-is-layout-flow\">\n<figure class=\"wp-block-image size-full\"><img decoding=\"async\" width=\"1667\" height=\"1667\" src=\"https:\/\/www.fsyougel.com\/wp-content\/uploads\/2025\/08\/Normal-Top-Coat-vs.-Blue-Diamond-Top-Coat.webp\" alt=\"Top Coat normal vs Top Coat Blue Diamond\" class=\"wp-image-552\" srcset=\"https:\/\/www.fsyougel.com\/wp-content\/uploads\/2025\/08\/Normal-Top-Coat-vs.-Blue-Diamond-Top-Coat.webp 1667w, https:\/\/www.fsyougel.com\/wp-content\/uploads\/2025\/08\/Normal-Top-Coat-vs.-Blue-Diamond-Top-Coat-300x300.webp 300w, https:\/\/www.fsyougel.com\/wp-content\/uploads\/2025\/08\/Normal-Top-Coat-vs.-Blue-Diamond-Top-Coat-150x150.webp 150w, https:\/\/www.fsyougel.com\/wp-content\/uploads\/2025\/08\/Normal-Top-Coat-vs.-Blue-Diamond-Top-Coat-768x768.webp 768w, https:\/\/www.fsyougel.com\/wp-content\/uploads\/2025\/08\/Normal-Top-Coat-vs.-Blue-Diamond-Top-Coat-1200x1200.webp 1200w, https:\/\/www.fsyougel.com\/wp-content\/uploads\/2025\/08\/Normal-Top-Coat-vs.-Blue-Diamond-Top-Coat-600x600.webp 600w, https:\/\/www.fsyougel.com\/wp-content\/uploads\/2025\/08\/Normal-Top-Coat-vs.-Blue-Diamond-Top-Coat-100x100.webp 100w\" sizes=\"(max-width: 1667px) 100vw, 1667px\" \/><\/figure>\n<\/div>\n<\/div>","protected":false},"excerpt":{"rendered":"<p>15ml de gel de finition bleu diamant en vrac, sans HEMA ni TPO, non jaunissant avec de la poudre de frottement pour une super brillance. Parfait pour les salons et les fournisseurs de vernis \u00e0 ongles, commandes en vrac et OEM disponibles.<\/p>\n<table border=\"0\" width=\"854\" cellspacing=\"0\" cellpadding=\"0\">\n<tbody>\n<tr>\n<td width=\"257\" height=\"44\">Marque<\/td>\n<td width=\"597\">YouGel<\/td>\n<\/tr>\n<tr>\n<td width=\"257\" height=\"44\">Num\u00e9ro de mod\u00e8le<\/td>\n<td width=\"597\">TP11-HP<\/td>\n<\/tr>\n<tr>\n<td width=\"257\" height=\"44\">Type de produit<\/td>\n<td width=\"597\">UV\/LED de trempage<\/td>\n<\/tr>\n<tr>\n<td width=\"257\" height=\"44\">Mat\u00e9riau<\/td>\n<td width=\"597\">R\u00e9sine<\/td>\n<\/tr>\n<tr>\n<td width=\"257\" height=\"44\">Couleur<\/td>\n<td width=\"597\">Bleu<\/td>\n<\/tr>\n<tr>\n<td width=\"257\" height=\"44\">Volume<\/td>\n<td width=\"597\">15ml, 1kg<\/td>\n<\/tr>\n<tr>\n<td width=\"257\" height=\"44\">S\u00e9curit\u00e9<\/td>\n<td width=\"597\">Sans HEMA, non toxique, MSDS disponible<\/td>\n<\/tr>\n<tr>\n<td width=\"257\" height=\"44\">MOQ<\/td>\n<td width=\"597\">Faible MOQ<\/td>\n<\/tr>\n<tr>\n<td width=\"257\" height=\"44\">\u00c9chantillon gratuit<\/td>\n<td width=\"597\">Disponible<\/td>\n<\/tr>\n<tr>\n<td width=\"257\" height=\"82\">Option personnalis\u00e9e<\/td>\n<td width=\"597\">Services OEM\/ODM, prise en charge des logos, \u00e9tiquettes et emballages personnalis\u00e9s<\/td>\n<\/tr>\n<\/tbody>\n<\/table>","protected":false},"featured_media":547,"comment_status":"closed","ping_status":"closed","template":"","meta":{"_acf_changed":false},"product_brand":[],"product_cat":[18],"product_tag":[],"class_list":{"0":"post-546","1":"product","2":"type-product","3":"status-publish","4":"has-post-thumbnail","6":"product_cat-top-coat-wholesale","8":"first","9":"instock","10":"shipping-taxable","11":"product-type-simple"},"acf":[],"_links":{"self":[{"href":"https:\/\/www.fsyougel.com\/fr\/wp-json\/wp\/v2\/product\/546","targetHints":{"allow":["GET"]}}],"collection":[{"href":"https:\/\/www.fsyougel.com\/fr\/wp-json\/wp\/v2\/product"}],"about":[{"href":"https:\/\/www.fsyougel.com\/fr\/wp-json\/wp\/v2\/types\/product"}],"replies":[{"embeddable":true,"href":"https:\/\/www.fsyougel.com\/fr\/wp-json\/wp\/v2\/comments?post=546"}],"wp:featuredmedia":[{"embeddable":true,"href":"https:\/\/www.fsyougel.com\/fr\/wp-json\/wp\/v2\/media\/547"}],"wp:attachment":[{"href":"https:\/\/www.fsyougel.com\/fr\/wp-json\/wp\/v2\/media?parent=546"}],"wp:term":[{"taxonomy":"product_brand","embeddable":true,"href":"https:\/\/www.fsyougel.com\/fr\/wp-json\/wp\/v2\/product_brand?post=546"},{"taxonomy":"product_cat","embeddable":true,"href":"https:\/\/www.fsyougel.com\/fr\/wp-json\/wp\/v2\/product_cat?post=546"},{"taxonomy":"product_tag","embeddable":true,"href":"https:\/\/www.fsyougel.com\/fr\/wp-json\/wp\/v2\/product_tag?post=546"}],"curies":[{"name":"wp","href":"https:\/\/api.w.org\/{rel}","templated":true}]}}