{"id":553,"date":"2025-08-18T09:46:26","date_gmt":"2025-08-18T09:46:26","guid":{"rendered":"https:\/\/www.fsyougel.com\/?post_type=product&#038;p=553"},"modified":"2025-08-18T09:46:27","modified_gmt":"2025-08-18T09:46:27","slug":"tempered-glass-top-coat-supplier","status":"publish","type":"product","link":"https:\/\/www.fsyougel.com\/fr\/produit\/tempered-glass-top-coat-supplier\/","title":{"rendered":"Vernis de finition pour verre tremp\u00e9 Private Label No Wipe Gel Top Coat Supplier"},"content":{"rendered":"<div class=\"wp-block-columns is-layout-flex wp-container-core-columns-is-layout-9d6595d7 wp-block-columns-is-layout-flex\">\n<div class=\"wp-block-column is-layout-flow wp-block-column-is-layout-flow\">\n<h2 class=\"wp-block-heading\">Wholesale Tempered Glass Top CoatCaract\u00e9ristiques :<\/h2>\n\n\n\n<ul class=\"wp-block-list\">\n<li><strong>Brillant comme un miroir<\/strong> - Cr\u00e9e des ongles ultra brillants, semblables \u00e0 du verre, avec une finition r\u00e9fl\u00e9chissante de longue dur\u00e9e, parfaits pour les salons professionnels et les centres de beaut\u00e9. <strong>grossiste verre tremp\u00e9 top coat<\/strong> les commandes.<\/li>\n\n\n\n<li><strong>Formule sans essuyage<\/strong> - L'application se fait sans probl\u00e8me, ce qui permet de gagner du temps et d'obtenir une couverture lisse et uniforme pour tous les types de produits. <strong>vernis \u00e0 ongles en gel sous marque de distributeur<\/strong> projet.<\/li>\n\n\n\n<li><strong>Durable et r\u00e9sistant aux \u00e9clats<\/strong> - Prot\u00e8ge la couleur des ongles, r\u00e9siste aux rayures et \u00e0 l'\u00e9caillage, et garde les ongles impeccables pendant des semaines.<\/li>\n\n\n\n<li><strong>Durcissement rapide et retrait facile<\/strong> - Durcissement rapide sous lampes UV\/LED et retrait facile par trempage sans endommager les ongles naturels.<\/li>\n\n\n\n<li><strong>Marques priv\u00e9es et marques personnalis\u00e9es<\/strong> - Enti\u00e8rement compatible avec <strong>vernis \u00e0 ongles en gel sous marque de distributeur<\/strong>Les salons de coiffure et les distributeurs ont la possibilit\u00e9 d'opter pour des produits OEM.<\/li>\n\n\n\n<li><strong>S\u00fbr et non toxique<\/strong> - Sans HEMA\/TPO, doux pour les ongles naturels, convient \u00e0 tous les types d'ongles, am\u00e9liorant ainsi la qualit\u00e9 de vos ongles. <strong>grossiste verre tremp\u00e9 top coat<\/strong> offres.<\/li>\n\n\n\n<li><strong>Utilisation polyvalente<\/strong> - Fonctionne parfaitement sur le vernis en gel, le nail art ou les motifs paillet\u00e9s pour obtenir une finition \u00e9tonnante et tr\u00e8s brillante.<\/li>\n<\/ul>\n<\/div>\n\n\n\n<div class=\"wp-block-column is-layout-flow wp-block-column-is-layout-flow\">\n<figure class=\"wp-block-image size-full\"><img decoding=\"async\" width=\"1500\" height=\"1500\" src=\"https:\/\/www.fsyougel.com\/wp-content\/uploads\/2025\/08\/Tempered-Glass-Top-Coat-Wholesale.webp\" alt=\"Verre tremp\u00e9 Top Coat Wholesale\" class=\"wp-image-559\" srcset=\"https:\/\/www.fsyougel.com\/wp-content\/uploads\/2025\/08\/Tempered-Glass-Top-Coat-Wholesale.webp 1500w, https:\/\/www.fsyougel.com\/wp-content\/uploads\/2025\/08\/Tempered-Glass-Top-Coat-Wholesale-300x300.webp 300w, https:\/\/www.fsyougel.com\/wp-content\/uploads\/2025\/08\/Tempered-Glass-Top-Coat-Wholesale-150x150.webp 150w, https:\/\/www.fsyougel.com\/wp-content\/uploads\/2025\/08\/Tempered-Glass-Top-Coat-Wholesale-768x768.webp 768w, https:\/\/www.fsyougel.com\/wp-content\/uploads\/2025\/08\/Tempered-Glass-Top-Coat-Wholesale-1200x1200.webp 1200w, https:\/\/www.fsyougel.com\/wp-content\/uploads\/2025\/08\/Tempered-Glass-Top-Coat-Wholesale-600x600.webp 600w, https:\/\/www.fsyougel.com\/wp-content\/uploads\/2025\/08\/Tempered-Glass-Top-Coat-Wholesale-100x100.webp 100w\" sizes=\"(max-width: 1500px) 100vw, 1500px\" \/><\/figure>\n<\/div>\n<\/div>\n\n\n\n<div class=\"wp-block-columns is-layout-flex wp-container-core-columns-is-layout-9d6595d7 wp-block-columns-is-layout-flex\">\n<div class=\"wp-block-column is-layout-flow wp-block-column-is-layout-flow\">\n<figure class=\"wp-block-image size-full\"><img decoding=\"async\" width=\"1500\" height=\"1500\" src=\"https:\/\/www.fsyougel.com\/wp-content\/uploads\/2025\/08\/Tempered-Glass-Top-Coat-Private-Label-1.webp\" alt=\"Verre tremp\u00e9 Top Coat Private Label (1)\" class=\"wp-image-555\" srcset=\"https:\/\/www.fsyougel.com\/wp-content\/uploads\/2025\/08\/Tempered-Glass-Top-Coat-Private-Label-1.webp 1500w, https:\/\/www.fsyougel.com\/wp-content\/uploads\/2025\/08\/Tempered-Glass-Top-Coat-Private-Label-1-300x300.webp 300w, https:\/\/www.fsyougel.com\/wp-content\/uploads\/2025\/08\/Tempered-Glass-Top-Coat-Private-Label-1-150x150.webp 150w, https:\/\/www.fsyougel.com\/wp-content\/uploads\/2025\/08\/Tempered-Glass-Top-Coat-Private-Label-1-768x768.webp 768w, https:\/\/www.fsyougel.com\/wp-content\/uploads\/2025\/08\/Tempered-Glass-Top-Coat-Private-Label-1-1200x1200.webp 1200w, https:\/\/www.fsyougel.com\/wp-content\/uploads\/2025\/08\/Tempered-Glass-Top-Coat-Private-Label-1-600x600.webp 600w, https:\/\/www.fsyougel.com\/wp-content\/uploads\/2025\/08\/Tempered-Glass-Top-Coat-Private-Label-1-100x100.webp 100w\" sizes=\"(max-width: 1500px) 100vw, 1500px\" \/><\/figure>\n<\/div>\n\n\n\n<div class=\"wp-block-column is-layout-flow wp-block-column-is-layout-flow\">\n<figure class=\"wp-block-image size-full\"><img decoding=\"async\" width=\"1500\" height=\"1500\" src=\"https:\/\/www.fsyougel.com\/wp-content\/uploads\/2025\/08\/Custom-Tempered-Glass-Top-Coat.webp\" alt=\"Couche de finition en verre tremp\u00e9 sur mesure\" class=\"wp-image-554\" srcset=\"https:\/\/www.fsyougel.com\/wp-content\/uploads\/2025\/08\/Custom-Tempered-Glass-Top-Coat.webp 1500w, https:\/\/www.fsyougel.com\/wp-content\/uploads\/2025\/08\/Custom-Tempered-Glass-Top-Coat-300x300.webp 300w, https:\/\/www.fsyougel.com\/wp-content\/uploads\/2025\/08\/Custom-Tempered-Glass-Top-Coat-150x150.webp 150w, https:\/\/www.fsyougel.com\/wp-content\/uploads\/2025\/08\/Custom-Tempered-Glass-Top-Coat-768x768.webp 768w, https:\/\/www.fsyougel.com\/wp-content\/uploads\/2025\/08\/Custom-Tempered-Glass-Top-Coat-1200x1200.webp 1200w, https:\/\/www.fsyougel.com\/wp-content\/uploads\/2025\/08\/Custom-Tempered-Glass-Top-Coat-600x600.webp 600w, https:\/\/www.fsyougel.com\/wp-content\/uploads\/2025\/08\/Custom-Tempered-Glass-Top-Coat-100x100.webp 100w\" sizes=\"(max-width: 1500px) 100vw, 1500px\" \/><\/figure>\n<\/div>\n<\/div>","protected":false},"excerpt":{"rendered":"<p data-start=\"92\" data-end=\"275\">15ml de vernis de finition pour verre tremp\u00e9, sans essuyage, ultra-brillant, durable et r\u00e9sistant \u00e0 l'\u00e9caillage. Parfait pour les salons et les marques priv\u00e9es de vernis \u00e0 ongles en gel, OEM et commandes en gros disponibles.<\/p>\n<table border=\"0\" width=\"854\" cellspacing=\"0\" cellpadding=\"0\">\n<tbody>\n<tr>\n<td width=\"257\" height=\"44\">Marque<\/td>\n<td width=\"597\">YouGel<\/td>\n<\/tr>\n<tr>\n<td width=\"257\" height=\"44\">Num\u00e9ro de mod\u00e8le<\/td>\n<td width=\"597\">TP02<\/td>\n<\/tr>\n<tr>\n<td width=\"257\" height=\"44\">Type de produit<\/td>\n<td width=\"597\">UV\/LED de trempage<\/td>\n<\/tr>\n<tr>\n<td width=\"257\" height=\"44\">Mat\u00e9riau<\/td>\n<td width=\"597\">R\u00e9sine<\/td>\n<\/tr>\n<tr>\n<td width=\"257\" height=\"44\">Couleur<\/td>\n<td width=\"597\">Clair<\/td>\n<\/tr>\n<tr>\n<td width=\"257\" height=\"44\">Volume<\/td>\n<td width=\"597\">15ml, 1kg<\/td>\n<\/tr>\n<tr>\n<td width=\"257\" height=\"44\">S\u00e9curit\u00e9<\/td>\n<td width=\"597\">Sans HEMA, non toxique, MSDS disponible<\/td>\n<\/tr>\n<tr>\n<td width=\"257\" height=\"44\">MOQ<\/td>\n<td width=\"597\">Faible MOQ<\/td>\n<\/tr>\n<tr>\n<td width=\"257\" height=\"44\">\u00c9chantillon gratuit<\/td>\n<td width=\"597\">Disponible<\/td>\n<\/tr>\n<tr>\n<td width=\"257\" height=\"82\">Option personnalis\u00e9e<\/td>\n<td width=\"597\">Services OEM\/ODM, prise en charge des logos, \u00e9tiquettes et emballages personnalis\u00e9s<\/td>\n<\/tr>\n<\/tbody>\n<\/table>\n<h2 class=\"brxe-heading\">Du fabricant de Gel Top Coat<\/h2>\n<p>YouGel est un fabricant de vernis de finition en gel de confiance, qui propose des vernis de base en gel de haute qualit\u00e9 adapt\u00e9s aux ongles UV\/LED. Nos produits sont con\u00e7us pour garantir une application en douceur, une tenue longue dur\u00e9e et une absorption facile.<\/p>","protected":false},"featured_media":558,"comment_status":"closed","ping_status":"closed","template":"","meta":{"_acf_changed":false},"product_brand":[],"product_cat":[18],"product_tag":[],"class_list":{"0":"post-553","1":"product","2":"type-product","3":"status-publish","4":"has-post-thumbnail","6":"product_cat-top-coat-wholesale","8":"first","9":"instock","10":"shipping-taxable","11":"product-type-simple"},"acf":[],"_links":{"self":[{"href":"https:\/\/www.fsyougel.com\/fr\/wp-json\/wp\/v2\/product\/553","targetHints":{"allow":["GET"]}}],"collection":[{"href":"https:\/\/www.fsyougel.com\/fr\/wp-json\/wp\/v2\/product"}],"about":[{"href":"https:\/\/www.fsyougel.com\/fr\/wp-json\/wp\/v2\/types\/product"}],"replies":[{"embeddable":true,"href":"https:\/\/www.fsyougel.com\/fr\/wp-json\/wp\/v2\/comments?post=553"}],"wp:featuredmedia":[{"embeddable":true,"href":"https:\/\/www.fsyougel.com\/fr\/wp-json\/wp\/v2\/media\/558"}],"wp:attachment":[{"href":"https:\/\/www.fsyougel.com\/fr\/wp-json\/wp\/v2\/media?parent=553"}],"wp:term":[{"taxonomy":"product_brand","embeddable":true,"href":"https:\/\/www.fsyougel.com\/fr\/wp-json\/wp\/v2\/product_brand?post=553"},{"taxonomy":"product_cat","embeddable":true,"href":"https:\/\/www.fsyougel.com\/fr\/wp-json\/wp\/v2\/product_cat?post=553"},{"taxonomy":"product_tag","embeddable":true,"href":"https:\/\/www.fsyougel.com\/fr\/wp-json\/wp\/v2\/product_tag?post=553"}],"curies":[{"name":"wp","href":"https:\/\/api.w.org\/{rel}","templated":true}]}}