{"id":560,"date":"2025-08-18T10:33:35","date_gmt":"2025-08-18T10:33:35","guid":{"rendered":"https:\/\/www.fsyougel.com\/?post_type=product&#038;p=560"},"modified":"2025-08-18T10:33:35","modified_gmt":"2025-08-18T10:33:35","slug":"custom-gel-polish-color-supplier","status":"publish","type":"product","link":"https:\/\/www.fsyougel.com\/fr\/produit\/custom-gel-polish-color-supplier\/","title":{"rendered":"Vernis gel personnalis\u00e9 15ml, Marque priv\u00e9e Vernis \u00e0 ongles gel UV, fabricant de vernis UV."},"content":{"rendered":"<div class=\"wp-block-columns is-layout-flex wp-container-core-columns-is-layout-9d6595d7 wp-block-columns-is-layout-flex\">\n<div class=\"wp-block-column is-layout-flow wp-block-column-is-layout-flow\">\n<h2 class=\"wp-block-heading\">Caract\u00e9ristiques de la couleur du gel de polissage personnalis\u00e9 :<\/h2>\n\n\n\n<ul class=\"wp-block-list\">\n<li><strong>Gamme de couleurs \u00e9clatantes<\/strong> - Disponibles en plusieurs teintes, nos <strong>couleur de vernis gel personnalis\u00e9e<\/strong> offre une couverture riche et uniforme pour des r\u00e9sultats professionnels.<\/li>\n\n\n\n<li><strong>Pr\u00eat pour le label priv\u00e9<\/strong> - Parfait pour les salons et les distributeurs qui recherchent <strong>vernis \u00e0 ongles en gel sous marque de distributeur<\/strong>Les commandes OEM et les commandes \u00e0 faible quantit\u00e9 sont prises en charge.<\/li>\n\n\n\n<li><strong>Longue dur\u00e9e de vie et r\u00e9sistance aux \u00e9clats<\/strong> - La formule UV qui s'absorbe assure des ongles durables et r\u00e9sistants \u00e0 la d\u00e9coloration jusqu'\u00e0 3 semaines.<\/li>\n\n\n\n<li><strong>Application et retrait faciles<\/strong> - Le gel lisse \u00e0 haute viscosit\u00e9 s'applique uniform\u00e9ment et s'enl\u00e8ve facilement sans endommager les ongles naturels.<\/li>\n\n\n\n<li><strong>S\u00fbr et sans HEMA<\/strong> - Doux pour les ongles, formule non toxique convenant \u00e0 tous les types d'ongles, mettant en valeur vos ongles. <strong>couleur de vernis gel personnalis\u00e9e<\/strong> offres.<\/li>\n\n\n\n<li><strong>Qualit\u00e9 professionnelle<\/strong> - Des pigments de qualit\u00e9 sup\u00e9rieure et une texture homog\u00e8ne garantissent un fini impeccable de qualit\u00e9 salon, id\u00e9al pour <strong>vernis \u00e0 ongles en gel sous marque de distributeur<\/strong>.<\/li>\n<\/ul>\n<\/div>\n\n\n\n<div class=\"wp-block-column is-layout-flow wp-block-column-is-layout-flow\">\n<figure class=\"wp-block-image size-full\"><img decoding=\"async\" width=\"1500\" height=\"1500\" src=\"https:\/\/www.fsyougel.com\/wp-content\/uploads\/2025\/08\/15ml-Custom-Gel-Polish-Color-Private-Label.webp\" alt=\"15ml Custom Gel Polish Color Private Label\" class=\"wp-image-561\" srcset=\"https:\/\/www.fsyougel.com\/wp-content\/uploads\/2025\/08\/15ml-Custom-Gel-Polish-Color-Private-Label.webp 1500w, https:\/\/www.fsyougel.com\/wp-content\/uploads\/2025\/08\/15ml-Custom-Gel-Polish-Color-Private-Label-300x300.webp 300w, https:\/\/www.fsyougel.com\/wp-content\/uploads\/2025\/08\/15ml-Custom-Gel-Polish-Color-Private-Label-150x150.webp 150w, https:\/\/www.fsyougel.com\/wp-content\/uploads\/2025\/08\/15ml-Custom-Gel-Polish-Color-Private-Label-768x768.webp 768w, https:\/\/www.fsyougel.com\/wp-content\/uploads\/2025\/08\/15ml-Custom-Gel-Polish-Color-Private-Label-1200x1200.webp 1200w, https:\/\/www.fsyougel.com\/wp-content\/uploads\/2025\/08\/15ml-Custom-Gel-Polish-Color-Private-Label-600x600.webp 600w, https:\/\/www.fsyougel.com\/wp-content\/uploads\/2025\/08\/15ml-Custom-Gel-Polish-Color-Private-Label-100x100.webp 100w\" sizes=\"(max-width: 1500px) 100vw, 1500px\" \/><\/figure>\n<\/div>\n<\/div>","protected":false},"excerpt":{"rendered":"<p>Couleur de vernis gel personnalis\u00e9, gel UV sans HEMA, vibrant et durable. Parfait pour les salons et les marques priv\u00e9es de vernis \u00e0 ongles en gel, OEM et commandes en vrac disponibles. N'h\u00e9sitez pas \u00e0 nous contacter !<\/p>\n<table style=\"border-collapse: collapse; width: 320.27pt;\" border=\"0\" width=\"854\" cellspacing=\"0\" cellpadding=\"0\">\n<tbody>\n<tr style=\"height: 16.85pt;\">\n<td class=\"et3\" style=\"height: 16.85pt; width: 96.65pt;\" width=\"257\" height=\"44\">Marque<\/td>\n<td class=\"et3\" style=\"width: 223.90pt;\" width=\"597\">YouGel<\/td>\n<\/tr>\n<tr style=\"height: 16.85pt;\">\n<td class=\"et4\" style=\"height: 16.85pt; width: 96.65pt;\" width=\"257\" height=\"44\">Num\u00e9ro de mod\u00e8le<\/td>\n<td class=\"et4\" style=\"width: 223.90pt;\" width=\"597\">S202<\/td>\n<\/tr>\n<tr style=\"height: 16.85pt;\">\n<td class=\"et4\" style=\"height: 16.85pt; width: 96.65pt;\" width=\"257\" height=\"44\">Type de produit<\/td>\n<td class=\"et4\" style=\"width: 223.90pt;\" width=\"597\">UV\/LED de trempage<\/td>\n<\/tr>\n<tr style=\"height: 16.85pt;\">\n<td class=\"et4\" style=\"height: 16.85pt; width: 96.65pt;\" width=\"257\" height=\"44\">Mat\u00e9riau<\/td>\n<td class=\"et4\" style=\"width: 223.90pt;\" width=\"597\">R\u00e9sine<\/td>\n<\/tr>\n<tr style=\"height: 16.85pt;\">\n<td class=\"et4\" style=\"height: 16.85pt; width: 96.65pt;\" width=\"257\" height=\"44\">Couleur<\/td>\n<td class=\"et4\" style=\"width: 223.90pt;\" width=\"597\">3000 couleurs en option<\/td>\n<\/tr>\n<tr style=\"height: 16.85pt;\">\n<td class=\"et4\" style=\"height: 16.85pt; width: 96.65pt;\" width=\"257\" height=\"44\">Volume<\/td>\n<td class=\"et4\" style=\"width: 223.90pt;\" width=\"597\">15ml, 1kg<\/td>\n<\/tr>\n<tr style=\"height: 16.85pt;\">\n<td class=\"et4\" style=\"height: 16.85pt; width: 96.65pt;\" width=\"257\" height=\"44\">S\u00e9curit\u00e9<\/td>\n<td class=\"et4\" style=\"width: 223.90pt;\" width=\"597\">Sans HEMA, non toxique, MSDS disponible<\/td>\n<\/tr>\n<tr style=\"height: 16.85pt;\">\n<td class=\"et4\" style=\"height: 16.85pt; width: 96.65pt;\" width=\"257\" height=\"44\">MOQ<\/td>\n<td class=\"et4\" style=\"width: 223.90pt;\" width=\"597\">Faible MOQ<\/td>\n<\/tr>\n<tr style=\"height: 16.85pt;\">\n<td class=\"et4\" style=\"height: 16.85pt; width: 96.65pt;\" width=\"257\" height=\"44\">\u00c9chantillon gratuit<\/td>\n<td class=\"et4\" style=\"width: 223.90pt;\" width=\"597\">Disponible<\/td>\n<\/tr>\n<tr style=\"height: 30.75pt;\">\n<td class=\"et4\" style=\"height: 30.75pt; width: 96.65pt;\" width=\"257\" height=\"82\">Option personnalis\u00e9e<\/td>\n<td class=\"et4\" style=\"width: 223.90pt;\" width=\"597\">Services OEM\/ODM, prise en charge des logos, \u00e9tiquettes et emballages personnalis\u00e9s<\/td>\n<\/tr>\n<\/tbody>\n<\/table>\n<h2 class=\"brxe-heading\">Du fabricant de vernis en gel<\/h2>\n<p>YouGel est un fabricant de vernis en gel de confiance, qui propose des couches de base en gel de haute qualit\u00e9 adapt\u00e9es aux ongles UV\/LED. Nos produits sont con\u00e7us pour garantir une application en douceur, une tenue longue dur\u00e9e et une absorption facile.<\/p>","protected":false},"featured_media":564,"comment_status":"closed","ping_status":"closed","template":"","meta":{"_acf_changed":false},"product_brand":[],"product_cat":[19],"product_tag":[],"class_list":{"0":"post-560","1":"product","2":"type-product","3":"status-publish","4":"has-post-thumbnail","6":"product_cat-gel-polish-color-wholesale","8":"first","9":"instock","10":"shipping-taxable","11":"product-type-simple"},"acf":[],"_links":{"self":[{"href":"https:\/\/www.fsyougel.com\/fr\/wp-json\/wp\/v2\/product\/560","targetHints":{"allow":["GET"]}}],"collection":[{"href":"https:\/\/www.fsyougel.com\/fr\/wp-json\/wp\/v2\/product"}],"about":[{"href":"https:\/\/www.fsyougel.com\/fr\/wp-json\/wp\/v2\/types\/product"}],"replies":[{"embeddable":true,"href":"https:\/\/www.fsyougel.com\/fr\/wp-json\/wp\/v2\/comments?post=560"}],"wp:featuredmedia":[{"embeddable":true,"href":"https:\/\/www.fsyougel.com\/fr\/wp-json\/wp\/v2\/media\/564"}],"wp:attachment":[{"href":"https:\/\/www.fsyougel.com\/fr\/wp-json\/wp\/v2\/media?parent=560"}],"wp:term":[{"taxonomy":"product_brand","embeddable":true,"href":"https:\/\/www.fsyougel.com\/fr\/wp-json\/wp\/v2\/product_brand?post=560"},{"taxonomy":"product_cat","embeddable":true,"href":"https:\/\/www.fsyougel.com\/fr\/wp-json\/wp\/v2\/product_cat?post=560"},{"taxonomy":"product_tag","embeddable":true,"href":"https:\/\/www.fsyougel.com\/fr\/wp-json\/wp\/v2\/product_tag?post=560"}],"curies":[{"name":"wp","href":"https:\/\/api.w.org\/{rel}","templated":true}]}}