{"id":788,"date":"2025-08-21T17:08:40","date_gmt":"2025-08-21T17:08:40","guid":{"rendered":"https:\/\/www.fsyougel.com\/?post_type=product&#038;p=788"},"modified":"2025-08-21T17:58:26","modified_gmt":"2025-08-21T17:58:26","slug":"private-label-builder-gel","status":"publish","type":"product","link":"https:\/\/www.fsyougel.com\/fr\/produit\/private-label-builder-gel\/","title":{"rendered":"Private Label Builder Gel 36 Colors UV\/LED Nail Extension Gel"},"content":{"rendered":"<div class=\"wp-block-columns is-layout-flex wp-container-core-columns-is-layout-9d6595d7 wp-block-columns-is-layout-flex\">\n<div class=\"wp-block-column is-layout-flow wp-block-column-is-layout-flow\">\n<h2 class=\"wp-block-heading\">Private Label Builder Gel Features :<\/h2>\n\n\n\n<ul class=\"wp-block-list\">\n<li><strong>Tr\u00e8s pigment\u00e9<\/strong>: Private Label Builder Gel offre une grande saturation des couleurs et un fort rendu des couleurs, ce qui permet d'obtenir des r\u00e9sultats de nail art professionnels \u00e0 chaque application.<\/li>\n\n\n\n<li><strong>\u00c9lasticit\u00e9 sup\u00e9rieure<\/strong>: Une \u00e9lasticit\u00e9 exceptionnelle permet au gel de s'\u00e9tirer sans se rompre, ce qui le rend id\u00e9al pour cr\u00e9er des dessins d'ongles \u00e9tendus et en 3D.<\/li>\n\n\n\n<li><strong>Sans rupture<\/strong>: Le gel reste stable et r\u00e9sistant \u00e0 la rupture, ce qui permet d'\u00e9conomiser du mat\u00e9riel et de r\u00e9duire le temps d'application tout en am\u00e9liorant l'efficacit\u00e9.<\/li>\n\n\n\n<li><strong>Contr\u00f4le facile et qualit\u00e9 stable<\/strong>: Le flux uniforme assure une manipulation facile et une qualit\u00e9 constante pour la production en vrac.<\/li>\n\n\n\n<li><strong>Auto-nivellement avec une consistance moyenne<\/strong>: La conception \u00e0 nivellement automatique de consistance moyenne cr\u00e9e une surface d'ongle lisse, ce qui permet d'\u00e9conomiser du temps et des efforts.<\/li>\n\n\n\n<li><strong>D\u00e9coration et strass<\/strong>: Id\u00e9al pour incruster des strass et des clous d\u00e9coratifs, permettant de r\u00e9aliser facilement des designs cr\u00e9atifs.<\/li>\n\n\n\n<li><strong>R\u00e9paration et extension<\/strong>: Convient \u00e0 la r\u00e9paration des ongles endommag\u00e9s ou \u00e0 l'extension des ongles, offrant une fonctionnalit\u00e9 polyvalente pour r\u00e9pondre aux besoins des salons de coiffure.<\/li>\n\n\n\n<li><strong>Manucure fran\u00e7aise<\/strong>: Cr\u00e9ez facilement des manucures fran\u00e7aises avec des lignes lisses et des transitions de couleurs naturelles.<\/li>\n\n\n\n<li><strong>Label priv\u00e9 et personnalisation OEM\/ODM<\/strong>: Permet de personnaliser le design de la bouteille, le logo, la formule et la couleur pour aider \u00e0 cr\u00e9er une marque unique.<\/li>\n\n\n\n<li><strong>Approvisionnement en vrac pour les professionnels<\/strong>: En tant que grossiste de gel de construction d'ongles, l'usine utilise une production automatis\u00e9e pour un approvisionnement stable, des d\u00e9lais de livraison contr\u00f4lables, et r\u00e9pond aux exigences des commandes en vrac.<\/li>\n<\/ul>\n<\/div>\n\n\n\n<div class=\"wp-block-column is-layout-flow wp-block-column-is-layout-flow\">\n<figure class=\"wp-block-image size-full\"><img decoding=\"async\" width=\"1500\" height=\"1500\" src=\"https:\/\/www.fsyougel.com\/wp-content\/uploads\/2025\/08\/Private-Label-Builder-Gel-2.webp\" alt=\"Gel de construction de marque priv\u00e9e (2)\" class=\"wp-image-790\" srcset=\"https:\/\/www.fsyougel.com\/wp-content\/uploads\/2025\/08\/Private-Label-Builder-Gel-2.webp 1500w, https:\/\/www.fsyougel.com\/wp-content\/uploads\/2025\/08\/Private-Label-Builder-Gel-2-300x300.webp 300w, https:\/\/www.fsyougel.com\/wp-content\/uploads\/2025\/08\/Private-Label-Builder-Gel-2-150x150.webp 150w, https:\/\/www.fsyougel.com\/wp-content\/uploads\/2025\/08\/Private-Label-Builder-Gel-2-768x768.webp 768w, https:\/\/www.fsyougel.com\/wp-content\/uploads\/2025\/08\/Private-Label-Builder-Gel-2-1200x1200.webp 1200w, https:\/\/www.fsyougel.com\/wp-content\/uploads\/2025\/08\/Private-Label-Builder-Gel-2-600x600.webp 600w, https:\/\/www.fsyougel.com\/wp-content\/uploads\/2025\/08\/Private-Label-Builder-Gel-2-100x100.webp 100w\" sizes=\"(max-width: 1500px) 100vw, 1500px\" \/><\/figure>\n<\/div>\n<\/div>\n\n\n\n<div class=\"wp-block-columns is-layout-flex wp-container-core-columns-is-layout-9d6595d7 wp-block-columns-is-layout-flex\">\n<div class=\"wp-block-column is-layout-flow wp-block-column-is-layout-flow\">\n<figure class=\"wp-block-image size-full\"><img decoding=\"async\" width=\"1500\" height=\"1500\" src=\"https:\/\/www.fsyougel.com\/wp-content\/uploads\/2025\/08\/Private-Label-Builder-Gel-Wholesaler-4.webp\" alt=\"Grossiste en gel de construction \u00e0 marque priv\u00e9e (4)\" class=\"wp-image-796\" srcset=\"https:\/\/www.fsyougel.com\/wp-content\/uploads\/2025\/08\/Private-Label-Builder-Gel-Wholesaler-4.webp 1500w, https:\/\/www.fsyougel.com\/wp-content\/uploads\/2025\/08\/Private-Label-Builder-Gel-Wholesaler-4-300x300.webp 300w, https:\/\/www.fsyougel.com\/wp-content\/uploads\/2025\/08\/Private-Label-Builder-Gel-Wholesaler-4-150x150.webp 150w, https:\/\/www.fsyougel.com\/wp-content\/uploads\/2025\/08\/Private-Label-Builder-Gel-Wholesaler-4-768x768.webp 768w, https:\/\/www.fsyougel.com\/wp-content\/uploads\/2025\/08\/Private-Label-Builder-Gel-Wholesaler-4-1200x1200.webp 1200w, https:\/\/www.fsyougel.com\/wp-content\/uploads\/2025\/08\/Private-Label-Builder-Gel-Wholesaler-4-600x600.webp 600w, https:\/\/www.fsyougel.com\/wp-content\/uploads\/2025\/08\/Private-Label-Builder-Gel-Wholesaler-4-100x100.webp 100w\" sizes=\"(max-width: 1500px) 100vw, 1500px\" \/><\/figure>\n<\/div>\n\n\n\n<div class=\"wp-block-column is-layout-flow wp-block-column-is-layout-flow\">\n<figure class=\"wp-block-image size-full\"><img decoding=\"async\" width=\"1500\" height=\"1500\" src=\"https:\/\/www.fsyougel.com\/wp-content\/uploads\/2025\/08\/Private-Label-Builder-Gel-Wholesaler-2.webp\" alt=\"Grossiste en gel de construction \u00e0 marque priv\u00e9e (2)\" class=\"wp-image-794\" srcset=\"https:\/\/www.fsyougel.com\/wp-content\/uploads\/2025\/08\/Private-Label-Builder-Gel-Wholesaler-2.webp 1500w, https:\/\/www.fsyougel.com\/wp-content\/uploads\/2025\/08\/Private-Label-Builder-Gel-Wholesaler-2-300x300.webp 300w, https:\/\/www.fsyougel.com\/wp-content\/uploads\/2025\/08\/Private-Label-Builder-Gel-Wholesaler-2-150x150.webp 150w, https:\/\/www.fsyougel.com\/wp-content\/uploads\/2025\/08\/Private-Label-Builder-Gel-Wholesaler-2-768x768.webp 768w, https:\/\/www.fsyougel.com\/wp-content\/uploads\/2025\/08\/Private-Label-Builder-Gel-Wholesaler-2-1200x1200.webp 1200w, https:\/\/www.fsyougel.com\/wp-content\/uploads\/2025\/08\/Private-Label-Builder-Gel-Wholesaler-2-600x600.webp 600w, https:\/\/www.fsyougel.com\/wp-content\/uploads\/2025\/08\/Private-Label-Builder-Gel-Wholesaler-2-100x100.webp 100w\" sizes=\"(max-width: 1500px) 100vw, 1500px\" \/><\/figure>\n<\/div>\n<\/div>\n\n\n\n<div class=\"wp-block-columns is-layout-flex wp-container-core-columns-is-layout-9d6595d7 wp-block-columns-is-layout-flex\">\n<div class=\"wp-block-column is-layout-flow wp-block-column-is-layout-flow\">\n<figure class=\"wp-block-image size-full\"><img decoding=\"async\" width=\"1500\" height=\"1500\" src=\"https:\/\/www.fsyougel.com\/wp-content\/uploads\/2025\/08\/Private-Label-Builder-Gel.webp\" alt=\"Gel b\u00e2tisseur de marque priv\u00e9e\" class=\"wp-image-798\" srcset=\"https:\/\/www.fsyougel.com\/wp-content\/uploads\/2025\/08\/Private-Label-Builder-Gel.webp 1500w, https:\/\/www.fsyougel.com\/wp-content\/uploads\/2025\/08\/Private-Label-Builder-Gel-300x300.webp 300w, https:\/\/www.fsyougel.com\/wp-content\/uploads\/2025\/08\/Private-Label-Builder-Gel-150x150.webp 150w, https:\/\/www.fsyougel.com\/wp-content\/uploads\/2025\/08\/Private-Label-Builder-Gel-768x768.webp 768w, https:\/\/www.fsyougel.com\/wp-content\/uploads\/2025\/08\/Private-Label-Builder-Gel-1200x1200.webp 1200w, https:\/\/www.fsyougel.com\/wp-content\/uploads\/2025\/08\/Private-Label-Builder-Gel-600x600.webp 600w, https:\/\/www.fsyougel.com\/wp-content\/uploads\/2025\/08\/Private-Label-Builder-Gel-100x100.webp 100w\" sizes=\"(max-width: 1500px) 100vw, 1500px\" \/><\/figure>\n<\/div>\n\n\n\n<div class=\"wp-block-column is-layout-flow wp-block-column-is-layout-flow\">\n<figure class=\"wp-block-image size-full\"><img decoding=\"async\" width=\"1500\" height=\"1500\" src=\"https:\/\/www.fsyougel.com\/wp-content\/uploads\/2025\/08\/Private-Label-36-Colors-Builder-Gel.webp\" alt=\"Private Label 36 Colors Builder Gel\" class=\"wp-image-789\" srcset=\"https:\/\/www.fsyougel.com\/wp-content\/uploads\/2025\/08\/Private-Label-36-Colors-Builder-Gel.webp 1500w, https:\/\/www.fsyougel.com\/wp-content\/uploads\/2025\/08\/Private-Label-36-Colors-Builder-Gel-300x300.webp 300w, https:\/\/www.fsyougel.com\/wp-content\/uploads\/2025\/08\/Private-Label-36-Colors-Builder-Gel-150x150.webp 150w, https:\/\/www.fsyougel.com\/wp-content\/uploads\/2025\/08\/Private-Label-36-Colors-Builder-Gel-768x768.webp 768w, https:\/\/www.fsyougel.com\/wp-content\/uploads\/2025\/08\/Private-Label-36-Colors-Builder-Gel-1200x1200.webp 1200w, https:\/\/www.fsyougel.com\/wp-content\/uploads\/2025\/08\/Private-Label-36-Colors-Builder-Gel-600x600.webp 600w, https:\/\/www.fsyougel.com\/wp-content\/uploads\/2025\/08\/Private-Label-36-Colors-Builder-Gel-100x100.webp 100w\" sizes=\"(max-width: 1500px) 100vw, 1500px\" \/><\/figure>\n<\/div>\n<\/div>\n\n\n\n<p><\/p>","protected":false},"excerpt":{"rendered":"<p>Bienvenue dans notre marque priv\u00e9e de gel de construction de haute qualit\u00e9, offrant 36 couleurs de gel d'extension d'ongles UV\/LED, fourniture en gros, supportant la personnalisation OEM\/ODM, couleurs riches et faciles \u00e0 utiliser, convenant aux salons et aux achats au d\u00e9tail.<\/p>\n<table border=\"0\" width=\"854\" cellspacing=\"0\" cellpadding=\"0\">\n<tbody>\n<tr>\n<td width=\"257\" height=\"44\">Marque<\/td>\n<td width=\"597\">YouGel<\/td>\n<\/tr>\n<tr>\n<td width=\"257\" height=\"44\">Num\u00e9ro de mod\u00e8le<\/td>\n<td width=\"597\">BG01<\/td>\n<\/tr>\n<tr>\n<td width=\"257\" height=\"44\">Type de produit<\/td>\n<td width=\"597\">UV\/LED de trempage<\/td>\n<\/tr>\n<tr>\n<td width=\"257\" height=\"44\">Mat\u00e9riau<\/td>\n<td width=\"597\">R\u00e9sine<\/td>\n<\/tr>\n<tr>\n<td width=\"257\" height=\"44\">Couleur<\/td>\n<td width=\"597\">36 Couleurs<\/td>\n<\/tr>\n<tr>\n<td width=\"257\" height=\"44\">Volume<\/td>\n<td width=\"597\">30ml\/50ml<\/td>\n<\/tr>\n<tr>\n<td width=\"257\" height=\"44\">S\u00e9curit\u00e9<\/td>\n<td width=\"597\">Sans HEMA, non toxique, MSDS disponible<\/td>\n<\/tr>\n<tr>\n<td width=\"257\" height=\"44\">MOQ<\/td>\n<td width=\"597\">Faible MOQ<\/td>\n<\/tr>\n<tr>\n<td width=\"257\" height=\"44\">\u00c9chantillon gratuit<\/td>\n<td width=\"597\">Disponible<\/td>\n<\/tr>\n<tr>\n<td width=\"257\" height=\"82\">Option personnalis\u00e9e<\/td>\n<td width=\"597\">Services OEM\/ODM, prise en charge des logos, \u00e9tiquettes et emballages personnalis\u00e9s<\/td>\n<\/tr>\n<\/tbody>\n<\/table>\n<h3 class=\"brxe-heading\">Fabricant de vernis \u00e0 ongles en gel<\/h3>\n<p><a href=\"https:\/\/www.fsyougel.com\/fr\/\"><strong>YouGel<\/strong><\/a>\u00a0est un fabricant de vernis \u00e0 ongles en gel de haute technologie qui propose des services de vente en gros, de marque priv\u00e9e et d'OEM\/ODM. Plus de 10 000 couleurs sans HEMA, v\u00e9g\u00e9taliennes et sans cruaut\u00e9, avec une application douce, une longue tenue et un retrait facile.<\/p>","protected":false},"featured_media":797,"comment_status":"closed","ping_status":"closed","template":"","meta":{"_acf_changed":false},"product_brand":[],"product_cat":[20],"product_tag":[],"class_list":{"0":"post-788","1":"product","2":"type-product","3":"status-publish","4":"has-post-thumbnail","6":"product_cat-nail-extension-gel-wholesale","8":"first","9":"instock","10":"shipping-taxable","11":"product-type-simple"},"acf":[],"_links":{"self":[{"href":"https:\/\/www.fsyougel.com\/fr\/wp-json\/wp\/v2\/product\/788","targetHints":{"allow":["GET"]}}],"collection":[{"href":"https:\/\/www.fsyougel.com\/fr\/wp-json\/wp\/v2\/product"}],"about":[{"href":"https:\/\/www.fsyougel.com\/fr\/wp-json\/wp\/v2\/types\/product"}],"replies":[{"embeddable":true,"href":"https:\/\/www.fsyougel.com\/fr\/wp-json\/wp\/v2\/comments?post=788"}],"wp:featuredmedia":[{"embeddable":true,"href":"https:\/\/www.fsyougel.com\/fr\/wp-json\/wp\/v2\/media\/797"}],"wp:attachment":[{"href":"https:\/\/www.fsyougel.com\/fr\/wp-json\/wp\/v2\/media?parent=788"}],"wp:term":[{"taxonomy":"product_brand","embeddable":true,"href":"https:\/\/www.fsyougel.com\/fr\/wp-json\/wp\/v2\/product_brand?post=788"},{"taxonomy":"product_cat","embeddable":true,"href":"https:\/\/www.fsyougel.com\/fr\/wp-json\/wp\/v2\/product_cat?post=788"},{"taxonomy":"product_tag","embeddable":true,"href":"https:\/\/www.fsyougel.com\/fr\/wp-json\/wp\/v2\/product_tag?post=788"}],"curies":[{"name":"wp","href":"https:\/\/api.w.org\/{rel}","templated":true}]}}