{"id":799,"date":"2025-08-21T17:48:24","date_gmt":"2025-08-21T17:48:24","guid":{"rendered":"https:\/\/www.fsyougel.com\/?post_type=product&#038;p=799"},"modified":"2025-08-21T17:48:27","modified_gmt":"2025-08-21T17:48:27","slug":"wholesale-builder-nail-gel-48-colors","status":"publish","type":"product","link":"https:\/\/www.fsyougel.com\/fr\/produit\/wholesale-builder-nail-gel-48-colors\/","title":{"rendered":"Gel d'ongle Builder 48 Couleurs Soak Off UV Extension Gel"},"content":{"rendered":"<div class=\"wp-block-columns is-layout-flex wp-container-core-columns-is-layout-9d6595d7 wp-block-columns-is-layout-flex\">\n<div class=\"wp-block-column is-layout-flow wp-block-column-is-layout-flow\">\n<h2 class=\"wp-block-heading\">Gel pour ongles de grossiste Caract\u00e9ristiques :<\/h2>\n\n\n\n<ul class=\"wp-block-list\">\n<li><strong>Tr\u00e8s pigment\u00e9<\/strong>: Une saturation \u00e9lev\u00e9e des couleurs et une forte restitution des couleurs, offrant des r\u00e9sultats professionnels de nail art \u00e0 chaque application.<\/li>\n\n\n\n<li><strong>\u00c9lasticit\u00e9 sup\u00e9rieure<\/strong>: \u00c9lasticit\u00e9 exceptionnelle, s'\u00e9tire sans se casser, id\u00e9al pour les extensions et les dessins d'ongles en 3D.<\/li>\n\n\n\n<li><strong>Sans rupture<\/strong>: La formule gel stable r\u00e9siste \u00e0 la rupture, ce qui permet d'\u00e9conomiser du mat\u00e9riel et du temps et d'am\u00e9liorer l'efficacit\u00e9.<\/li>\n\n\n\n<li><strong>Contr\u00f4le facile et qualit\u00e9 stable<\/strong>: Flux uniforme, facile \u00e0 manipuler, assurant une qualit\u00e9 constante dans la production en vrac.<\/li>\n\n\n\n<li><strong>Auto-nivellement avec une consistance moyenne<\/strong>: La conception \u00e0 nivellement automatique de consistance moyenne cr\u00e9e une surface d'ongle lisse, ce qui permet d'\u00e9conomiser du temps et des efforts.<\/li>\n\n\n\n<li><strong>D\u00e9coration et strass<\/strong>: Notre gel pour ongles en gros convient \u00e0 l'incrustation de strass et \u00e0 l'art d\u00e9coratif des ongles, permettant de r\u00e9aliser facilement des designs cr\u00e9atifs.<\/li>\n\n\n\n<li><strong>R\u00e9paration et extension<\/strong>: Convient \u00e0 la r\u00e9paration des ongles ab\u00eem\u00e9s ou \u00e0 l'extension des ongles, r\u00e9pondant aux besoins multifonctionnels des salons.<\/li>\n\n\n\n<li><strong>Manucure fran\u00e7aise :<\/strong> Cr\u00e9ez facilement des manucures fran\u00e7aises avec des lignes lisses et naturelles.<\/li>\n\n\n\n<li><strong>Label priv\u00e9 et personnalisation OEM\/ODM :<\/strong> Permet de personnaliser le design de la bouteille, le logo, la formule et la couleur pour vous aider \u00e0 cr\u00e9er votre propre marque.<\/li>\n\n\n\n<li><strong>Approvisionnement en vrac pour les professionnels<\/strong>: En tant que fournisseur en gros de gel pour ongles, notre usine utilise une production automatis\u00e9e pour assurer un approvisionnement stable, des d\u00e9lais de livraison contr\u00f4lables et r\u00e9pondre aux exigences des commandes de gros volumes.<\/li>\n<\/ul>\n<\/div>\n\n\n\n<div class=\"wp-block-column is-layout-flow wp-block-column-is-layout-flow\">\n<figure class=\"wp-block-image size-full\"><img decoding=\"async\" width=\"1500\" height=\"1500\" src=\"https:\/\/www.fsyougel.com\/wp-content\/uploads\/2025\/08\/Wholesale-Builder-Nail-Gel-48-Colors-2.webp\" alt=\"Grossiste Builder Nail Gel 48 Couleurs (2)\" class=\"wp-image-803\" srcset=\"https:\/\/www.fsyougel.com\/wp-content\/uploads\/2025\/08\/Wholesale-Builder-Nail-Gel-48-Colors-2.webp 1500w, https:\/\/www.fsyougel.com\/wp-content\/uploads\/2025\/08\/Wholesale-Builder-Nail-Gel-48-Colors-2-300x300.webp 300w, https:\/\/www.fsyougel.com\/wp-content\/uploads\/2025\/08\/Wholesale-Builder-Nail-Gel-48-Colors-2-150x150.webp 150w, https:\/\/www.fsyougel.com\/wp-content\/uploads\/2025\/08\/Wholesale-Builder-Nail-Gel-48-Colors-2-768x768.webp 768w, https:\/\/www.fsyougel.com\/wp-content\/uploads\/2025\/08\/Wholesale-Builder-Nail-Gel-48-Colors-2-1200x1200.webp 1200w, https:\/\/www.fsyougel.com\/wp-content\/uploads\/2025\/08\/Wholesale-Builder-Nail-Gel-48-Colors-2-600x600.webp 600w, https:\/\/www.fsyougel.com\/wp-content\/uploads\/2025\/08\/Wholesale-Builder-Nail-Gel-48-Colors-2-100x100.webp 100w\" sizes=\"(max-width: 1500px) 100vw, 1500px\" \/><\/figure>\n<\/div>\n<\/div>\n\n\n\n<div class=\"wp-block-columns is-layout-flex wp-container-core-columns-is-layout-9d6595d7 wp-block-columns-is-layout-flex\">\n<div class=\"wp-block-column is-layout-flow wp-block-column-is-layout-flow\">\n<figure class=\"wp-block-image size-full\"><img decoding=\"async\" width=\"3500\" height=\"3500\" src=\"https:\/\/www.fsyougel.com\/wp-content\/uploads\/2025\/08\/Wholesale-Builder-Nail-Gel-48-Colors.webp\" alt=\"Gel pour ongles Builder 48 couleurs en gros\" class=\"wp-image-805\" srcset=\"https:\/\/www.fsyougel.com\/wp-content\/uploads\/2025\/08\/Wholesale-Builder-Nail-Gel-48-Colors.webp 3500w, https:\/\/www.fsyougel.com\/wp-content\/uploads\/2025\/08\/Wholesale-Builder-Nail-Gel-48-Colors-300x300.webp 300w, https:\/\/www.fsyougel.com\/wp-content\/uploads\/2025\/08\/Wholesale-Builder-Nail-Gel-48-Colors-150x150.webp 150w, https:\/\/www.fsyougel.com\/wp-content\/uploads\/2025\/08\/Wholesale-Builder-Nail-Gel-48-Colors-768x768.webp 768w, https:\/\/www.fsyougel.com\/wp-content\/uploads\/2025\/08\/Wholesale-Builder-Nail-Gel-48-Colors-1200x1200.webp 1200w, https:\/\/www.fsyougel.com\/wp-content\/uploads\/2025\/08\/Wholesale-Builder-Nail-Gel-48-Colors-600x600.webp 600w, https:\/\/www.fsyougel.com\/wp-content\/uploads\/2025\/08\/Wholesale-Builder-Nail-Gel-48-Colors-100x100.webp 100w\" sizes=\"(max-width: 3500px) 100vw, 3500px\" \/><\/figure>\n<\/div>\n\n\n\n<div class=\"wp-block-column is-layout-flow wp-block-column-is-layout-flow\">\n<figure class=\"wp-block-image size-full\"><img decoding=\"async\" width=\"1500\" height=\"1500\" src=\"https:\/\/www.fsyougel.com\/wp-content\/uploads\/2025\/08\/Custom-Builder-Nail-Gel-Wholesale.webp\" alt=\"Custom Builder Nail Gel WholesaleCustom Builder Nail Gel Wholesale\" class=\"wp-image-802\" srcset=\"https:\/\/www.fsyougel.com\/wp-content\/uploads\/2025\/08\/Custom-Builder-Nail-Gel-Wholesale.webp 1500w, https:\/\/www.fsyougel.com\/wp-content\/uploads\/2025\/08\/Custom-Builder-Nail-Gel-Wholesale-300x300.webp 300w, https:\/\/www.fsyougel.com\/wp-content\/uploads\/2025\/08\/Custom-Builder-Nail-Gel-Wholesale-150x150.webp 150w, https:\/\/www.fsyougel.com\/wp-content\/uploads\/2025\/08\/Custom-Builder-Nail-Gel-Wholesale-768x768.webp 768w, https:\/\/www.fsyougel.com\/wp-content\/uploads\/2025\/08\/Custom-Builder-Nail-Gel-Wholesale-1200x1200.webp 1200w, https:\/\/www.fsyougel.com\/wp-content\/uploads\/2025\/08\/Custom-Builder-Nail-Gel-Wholesale-600x600.webp 600w, https:\/\/www.fsyougel.com\/wp-content\/uploads\/2025\/08\/Custom-Builder-Nail-Gel-Wholesale-100x100.webp 100w\" sizes=\"(max-width: 1500px) 100vw, 1500px\" \/><\/figure>\n<\/div>\n<\/div>\n\n\n\n<p><\/p>","protected":false},"excerpt":{"rendered":"<p>Bienvenue \u00e0 l'achat en gros de gel d'ongle de constructeur, gel d'extension d'ongle UV\/Soak Off de 48 couleurs de haute qualit\u00e9, avec une saturation de couleur vibrante et une application stable. Nous prenons en charge la personnalisation OEM\/ODM, l'approvisionnement en gros, r\u00e9pondant aux besoins des salons et des march\u00e9s de d\u00e9tail.<\/p>\n<table border=\"0\" width=\"854\" cellspacing=\"0\" cellpadding=\"0\">\n<tbody>\n<tr>\n<td width=\"257\" height=\"44\">Marque<\/td>\n<td width=\"597\">YouGel<\/td>\n<\/tr>\n<tr>\n<td width=\"257\" height=\"44\">Num\u00e9ro de mod\u00e8le<\/td>\n<td width=\"597\">BG01<\/td>\n<\/tr>\n<tr>\n<td width=\"257\" height=\"44\">Type de produit<\/td>\n<td width=\"597\">UV\/LED de trempage<\/td>\n<\/tr>\n<tr>\n<td width=\"257\" height=\"44\">Mat\u00e9riau<\/td>\n<td width=\"597\">R\u00e9sine<\/td>\n<\/tr>\n<tr>\n<td width=\"257\" height=\"44\">Couleur<\/td>\n<td width=\"597\">48 Couleurs<\/td>\n<\/tr>\n<tr>\n<td width=\"257\" height=\"44\">Volume<\/td>\n<td width=\"597\">15ml\/personnalis\u00e9<\/td>\n<\/tr>\n<tr>\n<td width=\"257\" height=\"44\">S\u00e9curit\u00e9<\/td>\n<td width=\"597\">Sans HEMA, non toxique, MSDS disponible<\/td>\n<\/tr>\n<tr>\n<td width=\"257\" height=\"44\">MOQ<\/td>\n<td width=\"597\">Faible MOQ<\/td>\n<\/tr>\n<tr>\n<td width=\"257\" height=\"44\">\u00c9chantillon gratuit<\/td>\n<td width=\"597\">Disponible<\/td>\n<\/tr>\n<tr>\n<td width=\"257\" height=\"82\">Option personnalis\u00e9e<\/td>\n<td width=\"597\">Services OEM\/ODM, prise en charge des logos, \u00e9tiquettes et emballages personnalis\u00e9s<\/td>\n<\/tr>\n<\/tbody>\n<\/table>\n<h3 class=\"brxe-heading\">Fabricant de vernis \u00e0 ongles en gel<\/h3>\n<p><a href=\"https:\/\/www.fsyougel.com\/fr\/\"><strong>YouGel<\/strong><\/a>\u00a0est un fabricant de vernis \u00e0 ongles en gel de haute technologie qui propose des services de vente en gros, de marque priv\u00e9e et d'OEM\/ODM. Plus de 10 000 couleurs sans HEMA, v\u00e9g\u00e9taliennes et sans cruaut\u00e9, avec une application douce, une longue tenue et un retrait facile.<\/p>","protected":false},"featured_media":807,"comment_status":"closed","ping_status":"closed","template":"","meta":{"_acf_changed":false},"product_brand":[],"product_cat":[20],"product_tag":[],"class_list":{"0":"post-799","1":"product","2":"type-product","3":"status-publish","4":"has-post-thumbnail","6":"product_cat-nail-extension-gel-wholesale","8":"first","9":"instock","10":"shipping-taxable","11":"product-type-simple"},"acf":[],"_links":{"self":[{"href":"https:\/\/www.fsyougel.com\/fr\/wp-json\/wp\/v2\/product\/799","targetHints":{"allow":["GET"]}}],"collection":[{"href":"https:\/\/www.fsyougel.com\/fr\/wp-json\/wp\/v2\/product"}],"about":[{"href":"https:\/\/www.fsyougel.com\/fr\/wp-json\/wp\/v2\/types\/product"}],"replies":[{"embeddable":true,"href":"https:\/\/www.fsyougel.com\/fr\/wp-json\/wp\/v2\/comments?post=799"}],"wp:featuredmedia":[{"embeddable":true,"href":"https:\/\/www.fsyougel.com\/fr\/wp-json\/wp\/v2\/media\/807"}],"wp:attachment":[{"href":"https:\/\/www.fsyougel.com\/fr\/wp-json\/wp\/v2\/media?parent=799"}],"wp:term":[{"taxonomy":"product_brand","embeddable":true,"href":"https:\/\/www.fsyougel.com\/fr\/wp-json\/wp\/v2\/product_brand?post=799"},{"taxonomy":"product_cat","embeddable":true,"href":"https:\/\/www.fsyougel.com\/fr\/wp-json\/wp\/v2\/product_cat?post=799"},{"taxonomy":"product_tag","embeddable":true,"href":"https:\/\/www.fsyougel.com\/fr\/wp-json\/wp\/v2\/product_tag?post=799"}],"curies":[{"name":"wp","href":"https:\/\/api.w.org\/{rel}","templated":true}]}}