{"id":810,"date":"2025-08-22T02:49:47","date_gmt":"2025-08-22T02:49:47","guid":{"rendered":"https:\/\/www.fsyougel.com\/?post_type=product&#038;p=810"},"modified":"2025-08-22T02:50:02","modified_gmt":"2025-08-22T02:50:02","slug":"wholesale-biab-gel-oem-factory","status":"publish","type":"product","link":"https:\/\/www.fsyougel.com\/fr\/produit\/wholesale-biab-gel-oem-factory\/","title":{"rendered":"Gel BIAB en gros, OEM Liquid Builder In A Bottle Gel Factory (gel de construction liquide en bouteille)"},"content":{"rendered":"<div class=\"wp-block-columns is-layout-flex wp-container-core-columns-is-layout-9d6595d7 wp-block-columns-is-layout-flex\">\n<div class=\"wp-block-column is-layout-flow wp-block-column-is-layout-flow\">\n<h2 class=\"wp-block-heading\">\u00a0Gel BIAB en gros Caract\u00e9ristiques :<\/h2>\n\n\n\n<ul class=\"wp-block-list\">\n<li><strong>42 options de couleurs<\/strong>: Notre gel BIAB en gros offre une large gamme de choix de couleurs pour s'adapter aux diff\u00e9rents styles et tendances de l'art de l'ongle.<\/li>\n\n\n\n<li><strong>Renforcement et extension des ongles<\/strong>: Formul\u00e9 \u00e0 partir d'ingr\u00e9dients de haute qualit\u00e9, ce gel liquide renforce, prolonge et r\u00e9pare efficacement les ongles fragiles, am\u00e9liorant ainsi leur durabilit\u00e9.<\/li>\n\n\n\n<li><strong>Convient aux personnes ayant des ongles fragiles et cassants<\/strong>: Sp\u00e9cialement con\u00e7u pour les clientes ayant des ongles faibles et cassants, il donne un aspect naturel tout en renfor\u00e7ant la solidit\u00e9 de l'ongle.<\/li>\n\n\n\n<li><strong>L\u00e9ger et facile \u00e0 appliquer<\/strong>: Avec une texture l\u00e9g\u00e8re et une application facile, il est id\u00e9al pour les proth\u00e9sistes ongulaires pour travailler rapidement, en assurant une finition lisse et professionnelle.<\/li>\n\n\n\n<li><strong>Effet naturel de l'ongle : <\/strong>Il aide les clientes \u00e0 obtenir un effet d'ongle naturel tout en fournissant un support de renforcement, ce qui fait du gel liquide en bouteille un choix id\u00e9al pour celles qui recherchent \u00e0 la fois l'esth\u00e9tique et la fonctionnalit\u00e9.<\/li>\n\n\n\n<li><strong>Se diff\u00e9rencie du gel de construction traditionnel :<\/strong> Compar\u00e9 au gel de construction traditionnel, le gel BIAB en gros est plus l\u00e9ger, plus facile \u00e0 fa\u00e7onner, plus durable et moins susceptible de se briser.<\/li>\n\n\n\n<li><strong>Convient pour la vente en gros et OEM\/ODM :<\/strong> Que ce soit pour des achats en gros par des salons de beaut\u00e9 ou pour la personnalisation de marques, la vente en gros de gel BIAB et d'adjuvant liquide en bouteille de gel r\u00e9pond aux besoins des professionnels.<\/li>\n<\/ul>\n<\/div>\n\n\n\n<div class=\"wp-block-column is-layout-flow wp-block-column-is-layout-flow\">\n<figure class=\"wp-block-image size-full\"><img decoding=\"async\" width=\"1500\" height=\"1500\" src=\"https:\/\/www.fsyougel.com\/wp-content\/uploads\/2025\/08\/Wholesale-BIAB-Gel-Liquid-Builder-In-A-Bottle-Gel-3.webp\" alt=\"Wholesale BIAB Gel - Liquid Builder In A Bottle Gel (3)\" class=\"wp-image-813\" srcset=\"https:\/\/www.fsyougel.com\/wp-content\/uploads\/2025\/08\/Wholesale-BIAB-Gel-Liquid-Builder-In-A-Bottle-Gel-3.webp 1500w, https:\/\/www.fsyougel.com\/wp-content\/uploads\/2025\/08\/Wholesale-BIAB-Gel-Liquid-Builder-In-A-Bottle-Gel-3-300x300.webp 300w, https:\/\/www.fsyougel.com\/wp-content\/uploads\/2025\/08\/Wholesale-BIAB-Gel-Liquid-Builder-In-A-Bottle-Gel-3-150x150.webp 150w, https:\/\/www.fsyougel.com\/wp-content\/uploads\/2025\/08\/Wholesale-BIAB-Gel-Liquid-Builder-In-A-Bottle-Gel-3-768x768.webp 768w, https:\/\/www.fsyougel.com\/wp-content\/uploads\/2025\/08\/Wholesale-BIAB-Gel-Liquid-Builder-In-A-Bottle-Gel-3-1200x1200.webp 1200w, https:\/\/www.fsyougel.com\/wp-content\/uploads\/2025\/08\/Wholesale-BIAB-Gel-Liquid-Builder-In-A-Bottle-Gel-3-600x600.webp 600w, https:\/\/www.fsyougel.com\/wp-content\/uploads\/2025\/08\/Wholesale-BIAB-Gel-Liquid-Builder-In-A-Bottle-Gel-3-100x100.webp 100w\" sizes=\"(max-width: 1500px) 100vw, 1500px\" \/><\/figure>\n<\/div>\n<\/div>\n\n\n\n<div class=\"wp-block-columns is-layout-flex wp-container-core-columns-is-layout-9d6595d7 wp-block-columns-is-layout-flex\">\n<div class=\"wp-block-column is-layout-flow wp-block-column-is-layout-flow\">\n<figure class=\"wp-block-image size-full\"><img decoding=\"async\" width=\"1500\" height=\"1500\" src=\"https:\/\/www.fsyougel.com\/wp-content\/uploads\/2025\/08\/Wholesale-BIAB-Gel-Liquid-Builder-In-A-Bottle-Gel-2.webp\" alt=\"Wholesale BIAB Gel - Liquid Builder In A Bottle Gel (2)\" class=\"wp-image-812\" srcset=\"https:\/\/www.fsyougel.com\/wp-content\/uploads\/2025\/08\/Wholesale-BIAB-Gel-Liquid-Builder-In-A-Bottle-Gel-2.webp 1500w, https:\/\/www.fsyougel.com\/wp-content\/uploads\/2025\/08\/Wholesale-BIAB-Gel-Liquid-Builder-In-A-Bottle-Gel-2-300x300.webp 300w, https:\/\/www.fsyougel.com\/wp-content\/uploads\/2025\/08\/Wholesale-BIAB-Gel-Liquid-Builder-In-A-Bottle-Gel-2-150x150.webp 150w, https:\/\/www.fsyougel.com\/wp-content\/uploads\/2025\/08\/Wholesale-BIAB-Gel-Liquid-Builder-In-A-Bottle-Gel-2-768x768.webp 768w, https:\/\/www.fsyougel.com\/wp-content\/uploads\/2025\/08\/Wholesale-BIAB-Gel-Liquid-Builder-In-A-Bottle-Gel-2-1200x1200.webp 1200w, https:\/\/www.fsyougel.com\/wp-content\/uploads\/2025\/08\/Wholesale-BIAB-Gel-Liquid-Builder-In-A-Bottle-Gel-2-600x600.webp 600w, https:\/\/www.fsyougel.com\/wp-content\/uploads\/2025\/08\/Wholesale-BIAB-Gel-Liquid-Builder-In-A-Bottle-Gel-2-100x100.webp 100w\" sizes=\"(max-width: 1500px) 100vw, 1500px\" \/><\/figure>\n<\/div>\n\n\n\n<div class=\"wp-block-column is-layout-flow wp-block-column-is-layout-flow\">\n<figure class=\"wp-block-image size-full\"><img decoding=\"async\" width=\"1500\" height=\"1500\" src=\"https:\/\/www.fsyougel.com\/wp-content\/uploads\/2025\/08\/Custom-Wholesale-BIAB-Gel.webp\" alt=\"Gel BIAB en gros sur mesure\" class=\"wp-image-819\" srcset=\"https:\/\/www.fsyougel.com\/wp-content\/uploads\/2025\/08\/Custom-Wholesale-BIAB-Gel.webp 1500w, https:\/\/www.fsyougel.com\/wp-content\/uploads\/2025\/08\/Custom-Wholesale-BIAB-Gel-300x300.webp 300w, https:\/\/www.fsyougel.com\/wp-content\/uploads\/2025\/08\/Custom-Wholesale-BIAB-Gel-150x150.webp 150w, https:\/\/www.fsyougel.com\/wp-content\/uploads\/2025\/08\/Custom-Wholesale-BIAB-Gel-768x768.webp 768w, https:\/\/www.fsyougel.com\/wp-content\/uploads\/2025\/08\/Custom-Wholesale-BIAB-Gel-1200x1200.webp 1200w, https:\/\/www.fsyougel.com\/wp-content\/uploads\/2025\/08\/Custom-Wholesale-BIAB-Gel-600x600.webp 600w, https:\/\/www.fsyougel.com\/wp-content\/uploads\/2025\/08\/Custom-Wholesale-BIAB-Gel-100x100.webp 100w\" sizes=\"(max-width: 1500px) 100vw, 1500px\" \/><\/figure>\n<\/div>\n<\/div>","protected":false},"excerpt":{"rendered":"<p>Nous vous invitons \u00e0 acheter notre gel BIAB en gros, fabriqu\u00e9 par un fabricant de liquide de confiance dans une usine de gel en bouteille. Con\u00e7u pour la durabilit\u00e9, l'application facile et la croissance saine des ongles, c'est le choix parfait pour les salons, les artistes de l'ongle et les distributeurs mondiaux.<\/p>\n<table border=\"0\" width=\"854\" cellspacing=\"0\" cellpadding=\"0\">\n<tbody>\n<tr>\n<td width=\"257\" height=\"44\">Marque<\/td>\n<td width=\"597\">YouGel<\/td>\n<\/tr>\n<tr>\n<td width=\"257\" height=\"44\">Num\u00e9ro de mod\u00e8le<\/td>\n<td width=\"597\">LG01<\/td>\n<\/tr>\n<tr>\n<td width=\"257\" height=\"44\">Type de produit<\/td>\n<td width=\"597\">UV\/LED de trempage<\/td>\n<\/tr>\n<tr>\n<td width=\"257\" height=\"44\">Mat\u00e9riau<\/td>\n<td width=\"597\">R\u00e9sine<\/td>\n<\/tr>\n<tr>\n<td width=\"257\" height=\"44\">Couleur<\/td>\n<td width=\"597\">42 Couleurs<\/td>\n<\/tr>\n<tr>\n<td width=\"257\" height=\"44\">Volume<\/td>\n<td width=\"597\">15ml<\/td>\n<\/tr>\n<tr>\n<td width=\"257\" height=\"44\">S\u00e9curit\u00e9<\/td>\n<td width=\"597\">Sans HEMA, non toxique, MSDS disponible<\/td>\n<\/tr>\n<tr>\n<td width=\"257\" height=\"44\">MOQ<\/td>\n<td width=\"597\">Faible MOQ<\/td>\n<\/tr>\n<tr>\n<td width=\"257\" height=\"44\">\u00c9chantillon gratuit<\/td>\n<td width=\"597\">Disponible<\/td>\n<\/tr>\n<tr>\n<td width=\"257\" height=\"82\">Option personnalis\u00e9e<\/td>\n<td width=\"597\">Services OEM\/ODM, prise en charge des logos, \u00e9tiquettes et emballages personnalis\u00e9s<\/td>\n<\/tr>\n<\/tbody>\n<\/table>\n<h3 class=\"brxe-heading\">Fabricant de vernis \u00e0 ongles en gel<\/h3>\n<p><a href=\"https:\/\/www.fsyougel.com\/fr\/\"><strong>YouGel<\/strong><\/a>\u00a0est un fabricant de vernis \u00e0 ongles en gel de haute technologie qui propose des services de vente en gros, de marque priv\u00e9e et d'OEM\/ODM. Plus de 10 000 couleurs sans HEMA, v\u00e9g\u00e9taliennes et sans cruaut\u00e9, avec une application douce, une longue tenue et un retrait facile.<\/p>","protected":false},"featured_media":816,"comment_status":"closed","ping_status":"closed","template":"","meta":{"_acf_changed":false},"product_brand":[],"product_cat":[20],"product_tag":[],"class_list":{"0":"post-810","1":"product","2":"type-product","3":"status-publish","4":"has-post-thumbnail","6":"product_cat-nail-extension-gel-wholesale","8":"first","9":"instock","10":"shipping-taxable","11":"product-type-simple"},"acf":[],"_links":{"self":[{"href":"https:\/\/www.fsyougel.com\/fr\/wp-json\/wp\/v2\/product\/810","targetHints":{"allow":["GET"]}}],"collection":[{"href":"https:\/\/www.fsyougel.com\/fr\/wp-json\/wp\/v2\/product"}],"about":[{"href":"https:\/\/www.fsyougel.com\/fr\/wp-json\/wp\/v2\/types\/product"}],"replies":[{"embeddable":true,"href":"https:\/\/www.fsyougel.com\/fr\/wp-json\/wp\/v2\/comments?post=810"}],"wp:featuredmedia":[{"embeddable":true,"href":"https:\/\/www.fsyougel.com\/fr\/wp-json\/wp\/v2\/media\/816"}],"wp:attachment":[{"href":"https:\/\/www.fsyougel.com\/fr\/wp-json\/wp\/v2\/media?parent=810"}],"wp:term":[{"taxonomy":"product_brand","embeddable":true,"href":"https:\/\/www.fsyougel.com\/fr\/wp-json\/wp\/v2\/product_brand?post=810"},{"taxonomy":"product_cat","embeddable":true,"href":"https:\/\/www.fsyougel.com\/fr\/wp-json\/wp\/v2\/product_cat?post=810"},{"taxonomy":"product_tag","embeddable":true,"href":"https:\/\/www.fsyougel.com\/fr\/wp-json\/wp\/v2\/product_tag?post=810"}],"curies":[{"name":"wp","href":"https:\/\/api.w.org\/{rel}","templated":true}]}}