{"id":821,"date":"2025-08-22T06:22:23","date_gmt":"2025-08-22T06:22:23","guid":{"rendered":"https:\/\/www.fsyougel.com\/?post_type=product&#038;p=821"},"modified":"2025-09-16T07:34:46","modified_gmt":"2025-09-16T07:34:46","slug":"cream-jelly-builder-gel-wholesale","status":"publish","type":"product","link":"https:\/\/www.fsyougel.com\/fr\/produit\/cream-jelly-builder-gel-wholesale\/","title":{"rendered":"Gel de construction de gel de gel de cr\u00e8me en gros Gel d'extension d'ongle thixotrope Fabricant de gel d'extension d'ongle"},"content":{"rendered":"<div class=\"wp-block-columns is-layout-flex wp-container-core-columns-is-layout-9d6595d7 wp-block-columns-is-layout-flex\">\n<div class=\"wp-block-column is-layout-flow wp-block-column-is-layout-flow\">\n<div class=\"wp-block-columns is-layout-flex wp-container-core-columns-is-layout-9d6595d7 wp-block-columns-is-layout-flex\">\n<div class=\"wp-block-column is-layout-flow wp-block-column-is-layout-flow\">\n<h2 class=\"wp-block-heading\">Gel constructeur de gel\u00e9e de thixotropie en gros Caract\u00e9ristiques :<\/h2>\n\n\n\n<ul class=\"wp-block-list\">\n<li><strong>Extension et renforcement de haute qualit\u00e9<\/strong>: Permet d'allonger et de renforcer efficacement les ongles fragiles, tout en garantissant un effet d'ongle naturel, en \u00e9quilibrant l'esth\u00e9tique et la fonctionnalit\u00e9.<\/li>\n\n\n\n<li><strong>Fonction de r\u00e9paration des ongles :<\/strong> R\u00e9pare les ongles cass\u00e9s et ab\u00eem\u00e9s, redonne une forme saine aux ongles, les rend durables et naturellement brillants.<\/li>\n\n\n\n<li><strong>Convient aux personnes dont les ongles sont fragiles et se cassent facilement<\/strong>: Wholesale Jelly Builder Gel est sp\u00e9cialement con\u00e7u pour les clientes dont les ongles sont fragiles et se cassent facilement. Il renforce et prot\u00e8ge les ongles, les rendant \u00e0 la fois naturels et r\u00e9sistants.<\/li>\n\n\n\n<li><strong>L\u00e9ger et facile \u00e0 appliquer :<\/strong> Sa texture lisse et sa brillance naturelle le rendent facile \u00e0 appliquer et \u00e0 modeler, ce qui permet aux proth\u00e9sistes ongulaires d'obtenir rapidement des r\u00e9sultats professionnels.<\/li>\n\n\n\n<li><strong>Thixotropie et fonctionnement plus facile :<\/strong> Gr\u00e2ce \u00e0 ses propri\u00e9t\u00e9s thixotropiques, le gel permet un meilleur contr\u00f4le de l'\u00e9coulement, une application plus facile et une meilleure mise en forme, ce qui permet aux proth\u00e9sistes ongulaires de gagner du temps tout en obtenant des r\u00e9sultats pr\u00e9cis.<\/li>\n\n\n\n<li><strong>Options de couleurs polyvalentes<\/strong>: Offre une vari\u00e9t\u00e9 de nuances transparentes et semi-transparentes pour r\u00e9pondre aux besoins du nail art cr\u00e9atif et naturel, tout en conservant une apparence \u00e0 la mode.<\/li>\n\n\n\n<li><strong>Diff\u00e9renci\u00e9 du gel de construction traditionnel :<\/strong> Par rapport au gel de construction traditionnel, il est plus l\u00e9ger, plus facile \u00e0 fa\u00e7onner et plus durable, ce qui am\u00e9liore l'efficacit\u00e9 op\u00e9rationnelle et garantit la satisfaction du client.<\/li>\n\n\n\n<li><strong>Vente en gros et OEM\/ODM :<\/strong> Que ce soit pour des achats en gros ou la personnalisation de la marque, la vente en gros de gel de construction et de gel de construction liquide dans une bouteille peut r\u00e9pondre \u00e0 vos besoins, offrant des solutions OEM\/ODM flexibles pour soutenir le d\u00e9veloppement des marques d'art de l'ongle.<\/li>\n<\/ul>\n<\/div>\n\n\n\n<div class=\"wp-block-column is-layout-flow wp-block-column-is-layout-flow\">\n<figure class=\"wp-block-image size-full\"><img decoding=\"async\" width=\"1500\" height=\"1500\" src=\"https:\/\/www.fsyougel.com\/wp-content\/uploads\/2025\/08\/Jelly-Builder-Gel-Wholesale-3.webp\" alt=\"Gel de construction de gel\u00e9e en gros (3)\" class=\"wp-image-827\" srcset=\"https:\/\/www.fsyougel.com\/wp-content\/uploads\/2025\/08\/Jelly-Builder-Gel-Wholesale-3.webp 1500w, https:\/\/www.fsyougel.com\/wp-content\/uploads\/2025\/08\/Jelly-Builder-Gel-Wholesale-3-300x300.webp 300w, https:\/\/www.fsyougel.com\/wp-content\/uploads\/2025\/08\/Jelly-Builder-Gel-Wholesale-3-150x150.webp 150w, https:\/\/www.fsyougel.com\/wp-content\/uploads\/2025\/08\/Jelly-Builder-Gel-Wholesale-3-768x768.webp 768w, https:\/\/www.fsyougel.com\/wp-content\/uploads\/2025\/08\/Jelly-Builder-Gel-Wholesale-3-1200x1200.webp 1200w, https:\/\/www.fsyougel.com\/wp-content\/uploads\/2025\/08\/Jelly-Builder-Gel-Wholesale-3-600x600.webp 600w, https:\/\/www.fsyougel.com\/wp-content\/uploads\/2025\/08\/Jelly-Builder-Gel-Wholesale-3-100x100.webp 100w\" sizes=\"(max-width: 1500px) 100vw, 1500px\" \/><\/figure>\n<\/div>\n<\/div>\n<\/div>\n<\/div>\n\n\n\n<figure class=\"wp-block-image size-full\"><img decoding=\"async\" width=\"5200\" height=\"3000\" src=\"https:\/\/www.fsyougel.com\/wp-content\/uploads\/2025\/08\/Custom-Jelly-Builder-Gel-Wholesale.webp\" alt=\"Jelly Builder Gel Custom Wholesale\" class=\"wp-image-823\" srcset=\"https:\/\/www.fsyougel.com\/wp-content\/uploads\/2025\/08\/Custom-Jelly-Builder-Gel-Wholesale.webp 5200w, https:\/\/www.fsyougel.com\/wp-content\/uploads\/2025\/08\/Custom-Jelly-Builder-Gel-Wholesale-300x173.webp 300w, https:\/\/www.fsyougel.com\/wp-content\/uploads\/2025\/08\/Custom-Jelly-Builder-Gel-Wholesale-768x443.webp 768w, https:\/\/www.fsyougel.com\/wp-content\/uploads\/2025\/08\/Custom-Jelly-Builder-Gel-Wholesale-1200x692.webp 1200w, https:\/\/www.fsyougel.com\/wp-content\/uploads\/2025\/08\/Custom-Jelly-Builder-Gel-Wholesale-600x346.webp 600w\" sizes=\"(max-width: 5200px) 100vw, 5200px\" \/><\/figure>\n\n\n\n<div class=\"wp-block-columns is-layout-flex wp-container-core-columns-is-layout-9d6595d7 wp-block-columns-is-layout-flex\">\n<div class=\"wp-block-column is-layout-flow wp-block-column-is-layout-flow\">\n<figure class=\"wp-block-image size-full\"><img decoding=\"async\" width=\"1500\" height=\"1500\" src=\"https:\/\/www.fsyougel.com\/wp-content\/uploads\/2025\/08\/Jelly-Builder-Gel-Wholesale-6.webp\" alt=\"Gel de construction de gel\u00e9e en gros (6)\" class=\"wp-image-830\" srcset=\"https:\/\/www.fsyougel.com\/wp-content\/uploads\/2025\/08\/Jelly-Builder-Gel-Wholesale-6.webp 1500w, https:\/\/www.fsyougel.com\/wp-content\/uploads\/2025\/08\/Jelly-Builder-Gel-Wholesale-6-300x300.webp 300w, https:\/\/www.fsyougel.com\/wp-content\/uploads\/2025\/08\/Jelly-Builder-Gel-Wholesale-6-150x150.webp 150w, https:\/\/www.fsyougel.com\/wp-content\/uploads\/2025\/08\/Jelly-Builder-Gel-Wholesale-6-768x768.webp 768w, https:\/\/www.fsyougel.com\/wp-content\/uploads\/2025\/08\/Jelly-Builder-Gel-Wholesale-6-1200x1200.webp 1200w, https:\/\/www.fsyougel.com\/wp-content\/uploads\/2025\/08\/Jelly-Builder-Gel-Wholesale-6-600x600.webp 600w, https:\/\/www.fsyougel.com\/wp-content\/uploads\/2025\/08\/Jelly-Builder-Gel-Wholesale-6-100x100.webp 100w\" sizes=\"(max-width: 1500px) 100vw, 1500px\" \/><\/figure>\n<\/div>\n\n\n\n<div class=\"wp-block-column is-layout-flow wp-block-column-is-layout-flow\">\n<figure class=\"wp-block-image size-full\"><img decoding=\"async\" width=\"1500\" height=\"1500\" src=\"https:\/\/www.fsyougel.com\/wp-content\/uploads\/2025\/08\/Jelly-Builder-Gel-Wholesale-5.webp\" alt=\"Gel de construction de gel\u00e9e en gros (5)\" class=\"wp-image-829\" srcset=\"https:\/\/www.fsyougel.com\/wp-content\/uploads\/2025\/08\/Jelly-Builder-Gel-Wholesale-5.webp 1500w, https:\/\/www.fsyougel.com\/wp-content\/uploads\/2025\/08\/Jelly-Builder-Gel-Wholesale-5-300x300.webp 300w, https:\/\/www.fsyougel.com\/wp-content\/uploads\/2025\/08\/Jelly-Builder-Gel-Wholesale-5-150x150.webp 150w, https:\/\/www.fsyougel.com\/wp-content\/uploads\/2025\/08\/Jelly-Builder-Gel-Wholesale-5-768x768.webp 768w, https:\/\/www.fsyougel.com\/wp-content\/uploads\/2025\/08\/Jelly-Builder-Gel-Wholesale-5-1200x1200.webp 1200w, https:\/\/www.fsyougel.com\/wp-content\/uploads\/2025\/08\/Jelly-Builder-Gel-Wholesale-5-600x600.webp 600w, https:\/\/www.fsyougel.com\/wp-content\/uploads\/2025\/08\/Jelly-Builder-Gel-Wholesale-5-100x100.webp 100w\" sizes=\"(max-width: 1500px) 100vw, 1500px\" \/><\/figure>\n<\/div>\n<\/div>\n\n\n\n<p><\/p>","protected":false},"excerpt":{"rendered":"<p>Bienvenue pour acheter en gros du gel de construction, con\u00e7u pour une utilisation plus facile et des r\u00e9sultats professionnels. Gr\u00e2ce \u00e0 ses propri\u00e9t\u00e9s de thixotropie, il permet l'extension, le renforcement et la r\u00e9paration des ongles, les options OEM\/ODM, et assure une durabilit\u00e9 naturelle et durable.<\/p>\n<table border=\"0\" width=\"854\" cellspacing=\"0\" cellpadding=\"0\">\n<tbody>\n<tr>\n<td width=\"257\" height=\"44\">Marque<\/td>\n<td width=\"597\">YouGel<\/td>\n<\/tr>\n<tr>\n<td width=\"257\" height=\"44\">Num\u00e9ro de mod\u00e8le<\/td>\n<td width=\"597\">BG01<\/td>\n<\/tr>\n<tr>\n<td width=\"257\" height=\"44\">Type de produit<\/td>\n<td width=\"597\">UV\/LED de trempage<\/td>\n<\/tr>\n<tr>\n<td width=\"257\" height=\"44\">Mat\u00e9riau<\/td>\n<td width=\"597\">R\u00e9sine<\/td>\n<\/tr>\n<tr>\n<td width=\"257\" height=\"44\">Couleur<\/td>\n<td width=\"597\">24 Couleurs<\/td>\n<\/tr>\n<tr>\n<td width=\"257\" height=\"44\">Volume<\/td>\n<td width=\"597\">30ml\/50ml<\/td>\n<\/tr>\n<tr>\n<td width=\"257\" height=\"44\">S\u00e9curit\u00e9<\/td>\n<td width=\"597\">Sans HEMA, non toxique, MSDS disponible<\/td>\n<\/tr>\n<tr>\n<td width=\"257\" height=\"44\">MOQ<\/td>\n<td width=\"597\">Faible MOQ<\/td>\n<\/tr>\n<tr>\n<td width=\"257\" height=\"44\">\u00c9chantillon gratuit<\/td>\n<td width=\"597\">Disponible<\/td>\n<\/tr>\n<tr>\n<td width=\"257\" height=\"82\">Option personnalis\u00e9e<\/td>\n<td width=\"597\">Services OEM\/ODM, prise en charge des logos, \u00e9tiquettes et emballages personnalis\u00e9s<\/td>\n<\/tr>\n<\/tbody>\n<\/table>\n<h3 class=\"brxe-heading\">Fabricant de vernis \u00e0 ongles en gel<\/h3>\n<p><a href=\"https:\/\/www.fsyougel.com\/fr\/\"><strong>YouGel<\/strong><\/a>\u00a0est un fabricant de vernis \u00e0 ongles en gel de haute technologie qui propose des services de vente en gros, de marque priv\u00e9e et d'OEM\/ODM. Plus de 10 000 couleurs sans HEMA, v\u00e9g\u00e9taliennes et sans cruaut\u00e9, avec une application douce, une longue tenue et un retrait facile.<\/p>","protected":false},"featured_media":826,"comment_status":"closed","ping_status":"closed","template":"","meta":{"_acf_changed":false},"product_brand":[],"product_cat":[20],"product_tag":[],"class_list":{"0":"post-821","1":"product","2":"type-product","3":"status-publish","4":"has-post-thumbnail","6":"product_cat-nail-extension-gel-wholesale","8":"first","9":"instock","10":"shipping-taxable","11":"product-type-external"},"acf":[],"_links":{"self":[{"href":"https:\/\/www.fsyougel.com\/fr\/wp-json\/wp\/v2\/product\/821","targetHints":{"allow":["GET"]}}],"collection":[{"href":"https:\/\/www.fsyougel.com\/fr\/wp-json\/wp\/v2\/product"}],"about":[{"href":"https:\/\/www.fsyougel.com\/fr\/wp-json\/wp\/v2\/types\/product"}],"replies":[{"embeddable":true,"href":"https:\/\/www.fsyougel.com\/fr\/wp-json\/wp\/v2\/comments?post=821"}],"wp:featuredmedia":[{"embeddable":true,"href":"https:\/\/www.fsyougel.com\/fr\/wp-json\/wp\/v2\/media\/826"}],"wp:attachment":[{"href":"https:\/\/www.fsyougel.com\/fr\/wp-json\/wp\/v2\/media?parent=821"}],"wp:term":[{"taxonomy":"product_brand","embeddable":true,"href":"https:\/\/www.fsyougel.com\/fr\/wp-json\/wp\/v2\/product_brand?post=821"},{"taxonomy":"product_cat","embeddable":true,"href":"https:\/\/www.fsyougel.com\/fr\/wp-json\/wp\/v2\/product_cat?post=821"},{"taxonomy":"product_tag","embeddable":true,"href":"https:\/\/www.fsyougel.com\/fr\/wp-json\/wp\/v2\/product_tag?post=821"}],"curies":[{"name":"wp","href":"https:\/\/api.w.org\/{rel}","templated":true}]}}