{"id":966,"date":"2025-08-28T07:05:28","date_gmt":"2025-08-28T07:05:28","guid":{"rendered":"https:\/\/www.fsyougel.com\/?post_type=product&#038;p=966"},"modified":"2025-10-24T09:16:11","modified_gmt":"2025-10-24T09:16:11","slug":"wholesale-acrylic-gel-for-nails","status":"publish","type":"product","link":"https:\/\/www.fsyougel.com\/fr\/produit\/wholesale-acrylic-gel-for-nails\/","title":{"rendered":"Grossiste Gel Acrylique pour Ongles, 36 Couleurs Long-Lasting Poly Gel Supplier"},"content":{"rendered":"<div class=\"wp-block-columns is-layout-flex wp-container-core-columns-is-layout-9d6595d7 wp-block-columns-is-layout-flex\">\n<div class=\"wp-block-column is-layout-flow wp-block-column-is-layout-flow\">\n<h2 class=\"wp-block-heading\">Gel acrylique en gros pour les ongles Caract\u00e9ristiques :<\/h2>\n\n\n\n<ul class=\"wp-block-list\">\n<li><strong>36 options de couleur :<\/strong> Des transparences classiques aux teintes paillet\u00e9es \u00e0 la mode, la vente en gros de gel acrylique offre 36 couleurs \u00e9tonnantes pour r\u00e9pondre aux pr\u00e9f\u00e9rences de diverses clientes. Cr\u00e9ez un art de l'ongle unique qui met en valeur votre style personnel.<\/li>\n\n\n\n<li><strong>Des r\u00e9sultats durables<\/strong>: Le polygel longue dur\u00e9e assure une tenue durable, restant en parfait \u00e9tat lorsqu'il est port\u00e9 \u00e0 long terme et dans la vie de tous les jours. Sa formule unique fortifie les ongles pour une r\u00e9sistance accrue, minimisant les cassures et pr\u00e9venant l'\u00e9caillage.<\/li>\n\n\n\n<li><strong>Application rapide, gain de temps<\/strong>: La simplicit\u00e9 et la fluidit\u00e9 du traitement permettent une construction rapide des ongles avec le gel acrylique en vrac, ce qui permet d'\u00e9conomiser du temps et des efforts. Id\u00e9al pour les salons et les artistes de l'ongle tr\u00e8s occup\u00e9s, il facilite le travail de l'ongle. B\u00e9n\u00e9ficiez d'ongles impeccables sans proc\u00e9dures fastidieuses en plusieurs \u00e9tapes.<\/li>\n\n\n\n<li><strong>Haute qualit\u00e9, s\u00e9curit\u00e9 et fiabilit\u00e9<\/strong>: En tant que fournisseur de gel acrylique en gros, tous nos produits utilisent des ingr\u00e9dients non toxiques, s\u00fbrs et respectueux de l'environnement pour permettre \u00e0 chaque client d'exp\u00e9rimenter le nail art avec la meilleure sant\u00e9. Les processus de production suivent les normes mondiales pour une utilisation sans probl\u00e8me.<\/li>\n\n\n\n<li><strong>Services de personnalisation pour des besoins vari\u00e9s<\/strong>: Les services de personnalisation du gel acrylique en gros comme la couleur, l'emballage et l'\u00e9tiquetage \u00e0 un niveau personnalis\u00e9 sont offerts par nous, offrant \u00e0 chaque client des produits personnalis\u00e9s selon les exigences de la marque pour une plus grande comp\u00e9titivit\u00e9 sur le march\u00e9.<\/li>\n\n\n\n<li><strong>S\u00fbr et respectueux de l'environnement :<\/strong> Exempt de produits chimiques toxiques et conforme aux exigences \u00e9cologiques, il est s\u00fbr pour une utilisation prolong\u00e9e. Nous nous effor\u00e7ons de fournir des produits de haute qualit\u00e9, respectueux de l'environnement et s\u00fbrs pour les ongles afin que chaque s\u00e9ance de manucure soit plus agr\u00e9able.<\/li>\n\n\n\n<li><strong>Fonctions polyvalentes :<\/strong> Il est id\u00e9al pour les salons de manucure, les spas, les \u00e9coles de manucure et les salons de manucure. Qu'il s'agisse de travaux d'onglerie r\u00e9guliers ou de formation professionnelle, c'est le choix id\u00e9al.<\/li>\n\n\n\n<li><strong>Des formats d'emballage sur mesure pour des objectifs vari\u00e9s<\/strong><br>Nous offrons diff\u00e9rentes options de taille d'emballage pour r\u00e9pondre aux diff\u00e9rentes exigences des clients. Qu'il s'agisse de petits paquets \u00e0 usage unique ou de commandes en gros, nous avons des solutions adapt\u00e9es pour les ongleries, les salons de coiffure et les distributeurs. Nos options d'emballage comprennent 15g, 30g, 50g, et 100g, et bien d'autres encore pour r\u00e9pondre \u00e0 diff\u00e9rents besoins.<\/li>\n<\/ul>\n<\/div>\n\n\n\n<div class=\"wp-block-column is-layout-flow wp-block-column-is-layout-flow\">\n<figure class=\"wp-block-image size-full\"><img decoding=\"async\" width=\"1500\" height=\"1500\" src=\"https:\/\/www.fsyougel.com\/wp-content\/uploads\/2025\/08\/Wholesale-Acrylic-Gel-for-Nails-36-Colors.webp\" alt=\"Grossiste Gel Acrylique pour Ongles 36 Couleurs\" class=\"wp-image-970\" srcset=\"https:\/\/www.fsyougel.com\/wp-content\/uploads\/2025\/08\/Wholesale-Acrylic-Gel-for-Nails-36-Colors.webp 1500w, https:\/\/www.fsyougel.com\/wp-content\/uploads\/2025\/08\/Wholesale-Acrylic-Gel-for-Nails-36-Colors-300x300.webp 300w, https:\/\/www.fsyougel.com\/wp-content\/uploads\/2025\/08\/Wholesale-Acrylic-Gel-for-Nails-36-Colors-150x150.webp 150w, https:\/\/www.fsyougel.com\/wp-content\/uploads\/2025\/08\/Wholesale-Acrylic-Gel-for-Nails-36-Colors-768x768.webp 768w, https:\/\/www.fsyougel.com\/wp-content\/uploads\/2025\/08\/Wholesale-Acrylic-Gel-for-Nails-36-Colors-1200x1200.webp 1200w, https:\/\/www.fsyougel.com\/wp-content\/uploads\/2025\/08\/Wholesale-Acrylic-Gel-for-Nails-36-Colors-600x600.webp 600w, https:\/\/www.fsyougel.com\/wp-content\/uploads\/2025\/08\/Wholesale-Acrylic-Gel-for-Nails-36-Colors-100x100.webp 100w\" sizes=\"(max-width: 1500px) 100vw, 1500px\" \/><\/figure>\n<\/div>\n<\/div>\n\n\n\n<div class=\"wp-block-columns is-layout-flex wp-container-core-columns-is-layout-9d6595d7 wp-block-columns-is-layout-flex\">\n<div class=\"wp-block-column is-layout-flow wp-block-column-is-layout-flow\">\n<figure class=\"wp-block-image size-full\"><img decoding=\"async\" width=\"1500\" height=\"1500\" src=\"https:\/\/www.fsyougel.com\/wp-content\/uploads\/2025\/08\/Wholesale-Acrylic-Gel-Long-Lasting-Poly-Gel-Supplier.webp\" alt=\"Vente en gros de gel acrylique Fournisseur de gel poly\u00e9thyl\u00e8ne longue dur\u00e9e\" class=\"wp-image-972\" srcset=\"https:\/\/www.fsyougel.com\/wp-content\/uploads\/2025\/08\/Wholesale-Acrylic-Gel-Long-Lasting-Poly-Gel-Supplier.webp 1500w, https:\/\/www.fsyougel.com\/wp-content\/uploads\/2025\/08\/Wholesale-Acrylic-Gel-Long-Lasting-Poly-Gel-Supplier-300x300.webp 300w, https:\/\/www.fsyougel.com\/wp-content\/uploads\/2025\/08\/Wholesale-Acrylic-Gel-Long-Lasting-Poly-Gel-Supplier-150x150.webp 150w, https:\/\/www.fsyougel.com\/wp-content\/uploads\/2025\/08\/Wholesale-Acrylic-Gel-Long-Lasting-Poly-Gel-Supplier-768x768.webp 768w, https:\/\/www.fsyougel.com\/wp-content\/uploads\/2025\/08\/Wholesale-Acrylic-Gel-Long-Lasting-Poly-Gel-Supplier-1200x1200.webp 1200w, https:\/\/www.fsyougel.com\/wp-content\/uploads\/2025\/08\/Wholesale-Acrylic-Gel-Long-Lasting-Poly-Gel-Supplier-600x600.webp 600w, https:\/\/www.fsyougel.com\/wp-content\/uploads\/2025\/08\/Wholesale-Acrylic-Gel-Long-Lasting-Poly-Gel-Supplier-100x100.webp 100w\" sizes=\"(max-width: 1500px) 100vw, 1500px\" \/><\/figure>\n<\/div>\n\n\n\n<div class=\"wp-block-column is-layout-flow wp-block-column-is-layout-flow\">\n<figure class=\"wp-block-image size-full\"><img decoding=\"async\" width=\"1500\" height=\"1500\" src=\"https:\/\/www.fsyougel.com\/wp-content\/uploads\/2025\/08\/Wholesale-Acrylic-Gel-for-Nails-1.webp\" alt=\"Vente en gros de gel acrylique pour les ongles (1)\" class=\"wp-image-967\" srcset=\"https:\/\/www.fsyougel.com\/wp-content\/uploads\/2025\/08\/Wholesale-Acrylic-Gel-for-Nails-1.webp 1500w, https:\/\/www.fsyougel.com\/wp-content\/uploads\/2025\/08\/Wholesale-Acrylic-Gel-for-Nails-1-300x300.webp 300w, https:\/\/www.fsyougel.com\/wp-content\/uploads\/2025\/08\/Wholesale-Acrylic-Gel-for-Nails-1-150x150.webp 150w, https:\/\/www.fsyougel.com\/wp-content\/uploads\/2025\/08\/Wholesale-Acrylic-Gel-for-Nails-1-768x768.webp 768w, https:\/\/www.fsyougel.com\/wp-content\/uploads\/2025\/08\/Wholesale-Acrylic-Gel-for-Nails-1-1200x1200.webp 1200w, https:\/\/www.fsyougel.com\/wp-content\/uploads\/2025\/08\/Wholesale-Acrylic-Gel-for-Nails-1-600x600.webp 600w, https:\/\/www.fsyougel.com\/wp-content\/uploads\/2025\/08\/Wholesale-Acrylic-Gel-for-Nails-1-100x100.webp 100w\" sizes=\"(max-width: 1500px) 100vw, 1500px\" \/><\/figure>\n<\/div>\n<\/div>","protected":false},"excerpt":{"rendered":"<p>Bienvenue pour acheter en gros du gel acrylique pour les ongles aupr\u00e8s d'un fournisseur de confiance. Nos 36 couleurs vibrantes et notre polygel de longue dur\u00e9e garantissent des r\u00e9sultats d'extension d'ongles professionnels avec une r\u00e9sistance sup\u00e9rieure et une finition naturelle. En tant que fournisseur fiable de polygel, nous offrons des services OEM\/ODM pour les commandes personnalis\u00e9es.<\/p>\n<table border=\"0\" width=\"854\" cellspacing=\"0\" cellpadding=\"0\">\n<tbody>\n<tr>\n<td width=\"257\" height=\"44\">Marque<\/td>\n<td width=\"597\">YouGel<\/td>\n<\/tr>\n<tr>\n<td width=\"257\" height=\"44\">Num\u00e9ro de mod\u00e8le<\/td>\n<td width=\"597\">AG01<\/td>\n<\/tr>\n<tr>\n<td width=\"257\" height=\"44\">Type de produit<\/td>\n<td width=\"597\">UV\/LED de trempage<\/td>\n<\/tr>\n<tr>\n<td width=\"257\" height=\"44\">Mat\u00e9riau<\/td>\n<td width=\"597\">R\u00e9sine<\/td>\n<\/tr>\n<tr>\n<td width=\"257\" height=\"44\">Couleur<\/td>\n<td width=\"597\">36 Couleurs<\/td>\n<\/tr>\n<tr>\n<td width=\"257\" height=\"44\">Volume<\/td>\n<td width=\"597\">30ml\/60ml<\/td>\n<\/tr>\n<tr>\n<td width=\"257\" height=\"44\">S\u00e9curit\u00e9<\/td>\n<td width=\"597\">Sans HEMA, sans TPO, non toxique, MSDS disponible<\/td>\n<\/tr>\n<tr>\n<td width=\"257\" height=\"44\">MOQ<\/td>\n<td width=\"597\">Faible MOQ<\/td>\n<\/tr>\n<tr>\n<td width=\"257\" height=\"44\">\u00c9chantillon gratuit<\/td>\n<td width=\"597\">Disponible<\/td>\n<\/tr>\n<tr>\n<td width=\"257\" height=\"82\">Option personnalis\u00e9e<\/td>\n<td width=\"597\">Services OEM\/ODM, prise en charge des logos, \u00e9tiquettes et emballages personnalis\u00e9s<\/td>\n<\/tr>\n<\/tbody>\n<\/table>\n<h3 class=\"brxe-heading\">Fabricant de vernis \u00e0 ongles en gel<\/h3>\n<p><a href=\"https:\/\/www.fsyougel.com\/fr\/\"><strong>YouGel<\/strong><\/a>\u00a0est un fabricant de vernis \u00e0 ongles en gel de haute technologie qui propose des services de vente en gros, de marque priv\u00e9e et d'OEM\/ODM. Plus de 10 000 couleurs sans HEMA, v\u00e9g\u00e9taliennes et sans cruaut\u00e9, avec une application douce, une longue tenue et un retrait facile.<\/p>","protected":false},"featured_media":971,"comment_status":"closed","ping_status":"closed","template":"","meta":{"_acf_changed":false},"product_brand":[],"product_cat":[21],"product_tag":[],"class_list":{"0":"post-966","1":"product","2":"type-product","3":"status-publish","4":"has-post-thumbnail","6":"product_cat-wholesale-acryl-gel","8":"first","9":"instock","10":"shipping-taxable","11":"product-type-simple"},"acf":[],"_links":{"self":[{"href":"https:\/\/www.fsyougel.com\/fr\/wp-json\/wp\/v2\/product\/966","targetHints":{"allow":["GET"]}}],"collection":[{"href":"https:\/\/www.fsyougel.com\/fr\/wp-json\/wp\/v2\/product"}],"about":[{"href":"https:\/\/www.fsyougel.com\/fr\/wp-json\/wp\/v2\/types\/product"}],"replies":[{"embeddable":true,"href":"https:\/\/www.fsyougel.com\/fr\/wp-json\/wp\/v2\/comments?post=966"}],"wp:featuredmedia":[{"embeddable":true,"href":"https:\/\/www.fsyougel.com\/fr\/wp-json\/wp\/v2\/media\/971"}],"wp:attachment":[{"href":"https:\/\/www.fsyougel.com\/fr\/wp-json\/wp\/v2\/media?parent=966"}],"wp:term":[{"taxonomy":"product_brand","embeddable":true,"href":"https:\/\/www.fsyougel.com\/fr\/wp-json\/wp\/v2\/product_brand?post=966"},{"taxonomy":"product_cat","embeddable":true,"href":"https:\/\/www.fsyougel.com\/fr\/wp-json\/wp\/v2\/product_cat?post=966"},{"taxonomy":"product_tag","embeddable":true,"href":"https:\/\/www.fsyougel.com\/fr\/wp-json\/wp\/v2\/product_tag?post=966"}],"curies":[{"name":"wp","href":"https:\/\/api.w.org\/{rel}","templated":true}]}}