{"id":987,"date":"2025-08-28T08:56:23","date_gmt":"2025-08-28T08:56:23","guid":{"rendered":"https:\/\/www.fsyougel.com\/?post_type=product&#038;p=987"},"modified":"2025-10-24T09:14:55","modified_gmt":"2025-10-24T09:14:55","slug":"private-label-poly-gel-for-nails","status":"publish","type":"product","link":"https:\/\/www.fsyougel.com\/fr\/produit\/private-label-poly-gel-for-nails\/","title":{"rendered":"Label priv\u00e9 Poly Gel UV\/LED Soak Off Wholesale 30g\/60g Acryl Gel pour l'extension d'ongles"},"content":{"rendered":"<div class=\"wp-block-columns is-layout-flex wp-container-core-columns-is-layout-9d6595d7 wp-block-columns-is-layout-flex\">\n<div class=\"wp-block-column is-layout-flow wp-block-column-is-layout-flow\">\n<h2 class=\"wp-block-heading\">Marque priv\u00e9e Poly Gel Caract\u00e9ristiques :<\/h2>\n\n\n\n<ul class=\"wp-block-list\">\n<li><strong>Personnalisation de la marque priv\u00e9e pour r\u00e9pondre aux besoins individuels :<\/strong> Nous proposons des solutions de gel poly\u00e9thyl\u00e8ne sous marque de distributeur, en personnalisant l'emballage et les \u00e9tiquettes en fonction des exigences de votre marque, afin de vous aider \u00e0 p\u00e9n\u00e9trer le march\u00e9 et \u00e0 renforcer la notori\u00e9t\u00e9 de votre marque. Qu'il s'agisse de la couleur, du design ou de l'emballage, tout peut \u00eatre personnalis\u00e9 en fonction de vos besoins.<\/li>\n\n\n\n<li><strong>Polygel de haute qualit\u00e9 pour des extensions d'ongles sans effort<\/strong>:<br>Private Label Poly Gel est un gel acrylique haut de gamme qui peut \u00eatre utilis\u00e9 pour les extensions d'ongles, les r\u00e9parations et le stylisme. Durci \u00e0 la lumi\u00e8re UV\/LED, il donne des r\u00e9sultats durables et tr\u00e8s r\u00e9sistants, parfaits pour une utilisation en salon ou \u00e0 domicile.<\/li>\n\n\n\n<li><strong>Sans odeur et simple \u00e0 utiliser<\/strong>: Ce gel acrylique en gros a peu d'odeur et ne contient pas de substances toxiques, de sorte que les clients peuvent l'utiliser confortablement et en toute s\u00e9curit\u00e9. Sa texture l\u00e9g\u00e8re est facile \u00e0 travailler et \u00e0 modeler, ce qui le rend appropri\u00e9 m\u00eame pour les nouveaux utilisateurs.<\/li>\n\n\n\n<li><strong>Prix de gros avec remises sur volume<\/strong>: En tant que fournisseur professionnel de gel acrylique en gros, nous offrons des prix de gros comp\u00e9titifs pour les commandes en gros afin que les clients re\u00e7oivent des produits de qualit\u00e9 sup\u00e9rieure au prix le plus comp\u00e9titif pour aider les entreprises \u00e0 prosp\u00e9rer.<\/li>\n\n\n\n<li><strong>Emballage flexible Dimensions :<\/strong> Notre gel poly sous marque de distributeur est disponible dans une vari\u00e9t\u00e9 de tailles, y compris 30g et 60g, offrant une option flexible bas\u00e9e sur les besoins du client. Que vous soyez un utilisateur individuel ou un grossiste, il y a la taille d'emballage id\u00e9ale pour vous.<\/li>\n\n\n\n<li><strong>Service professionnel et livraison rapide<\/strong>: Nous visons \u00e0 fournir un service rapide et efficace. En tant que fournisseur de gel acrylique en gros, nous assurons une livraison rapide afin de garantir une livraison des produits dans les d\u00e9lais, r\u00e9pondant ainsi aux exigences de votre entreprise en mati\u00e8re de d\u00e9lais.<\/li>\n<\/ul>\n<\/div>\n\n\n\n<div class=\"wp-block-column is-layout-flow wp-block-column-is-layout-flow\">\n<figure class=\"wp-block-image size-full\"><img decoding=\"async\" width=\"1500\" height=\"1500\" src=\"https:\/\/www.fsyougel.com\/wp-content\/uploads\/2025\/08\/Private-label-Poly-Gel-3.webp\" alt=\"Label priv\u00e9 Poly Gel (3)\" class=\"wp-image-989\" srcset=\"https:\/\/www.fsyougel.com\/wp-content\/uploads\/2025\/08\/Private-label-Poly-Gel-3.webp 1500w, https:\/\/www.fsyougel.com\/wp-content\/uploads\/2025\/08\/Private-label-Poly-Gel-3-300x300.webp 300w, https:\/\/www.fsyougel.com\/wp-content\/uploads\/2025\/08\/Private-label-Poly-Gel-3-150x150.webp 150w, https:\/\/www.fsyougel.com\/wp-content\/uploads\/2025\/08\/Private-label-Poly-Gel-3-768x768.webp 768w, https:\/\/www.fsyougel.com\/wp-content\/uploads\/2025\/08\/Private-label-Poly-Gel-3-1200x1200.webp 1200w, https:\/\/www.fsyougel.com\/wp-content\/uploads\/2025\/08\/Private-label-Poly-Gel-3-600x600.webp 600w, https:\/\/www.fsyougel.com\/wp-content\/uploads\/2025\/08\/Private-label-Poly-Gel-3-100x100.webp 100w\" sizes=\"(max-width: 1500px) 100vw, 1500px\" \/><\/figure>\n<\/div>\n<\/div>\n\n\n\n<div class=\"wp-block-columns is-layout-flex wp-container-core-columns-is-layout-9d6595d7 wp-block-columns-is-layout-flex\">\n<div class=\"wp-block-column is-layout-flow wp-block-column-is-layout-flow\">\n<figure class=\"wp-block-image size-full\"><img decoding=\"async\" width=\"1500\" height=\"1500\" src=\"https:\/\/www.fsyougel.com\/wp-content\/uploads\/2025\/08\/Private-label-Poly-Gel-UVLED.webp\" alt=\"Marque de distributeur Poly Gel UVLED\" class=\"wp-image-992\" srcset=\"https:\/\/www.fsyougel.com\/wp-content\/uploads\/2025\/08\/Private-label-Poly-Gel-UVLED.webp 1500w, https:\/\/www.fsyougel.com\/wp-content\/uploads\/2025\/08\/Private-label-Poly-Gel-UVLED-300x300.webp 300w, https:\/\/www.fsyougel.com\/wp-content\/uploads\/2025\/08\/Private-label-Poly-Gel-UVLED-150x150.webp 150w, https:\/\/www.fsyougel.com\/wp-content\/uploads\/2025\/08\/Private-label-Poly-Gel-UVLED-768x768.webp 768w, https:\/\/www.fsyougel.com\/wp-content\/uploads\/2025\/08\/Private-label-Poly-Gel-UVLED-1200x1200.webp 1200w, https:\/\/www.fsyougel.com\/wp-content\/uploads\/2025\/08\/Private-label-Poly-Gel-UVLED-600x600.webp 600w, https:\/\/www.fsyougel.com\/wp-content\/uploads\/2025\/08\/Private-label-Poly-Gel-UVLED-100x100.webp 100w\" sizes=\"(max-width: 1500px) 100vw, 1500px\" \/><\/figure>\n<\/div>\n\n\n\n<div class=\"wp-block-column is-layout-flow wp-block-column-is-layout-flow\">\n<figure class=\"wp-block-image size-full\"><img decoding=\"async\" width=\"1500\" height=\"1500\" src=\"https:\/\/www.fsyougel.com\/wp-content\/uploads\/2025\/08\/Private-label-Poly-Gel-1.webp\" alt=\"Label priv\u00e9 Poly Gel (1)\" class=\"wp-image-988\" srcset=\"https:\/\/www.fsyougel.com\/wp-content\/uploads\/2025\/08\/Private-label-Poly-Gel-1.webp 1500w, https:\/\/www.fsyougel.com\/wp-content\/uploads\/2025\/08\/Private-label-Poly-Gel-1-300x300.webp 300w, https:\/\/www.fsyougel.com\/wp-content\/uploads\/2025\/08\/Private-label-Poly-Gel-1-150x150.webp 150w, https:\/\/www.fsyougel.com\/wp-content\/uploads\/2025\/08\/Private-label-Poly-Gel-1-768x768.webp 768w, https:\/\/www.fsyougel.com\/wp-content\/uploads\/2025\/08\/Private-label-Poly-Gel-1-1200x1200.webp 1200w, https:\/\/www.fsyougel.com\/wp-content\/uploads\/2025\/08\/Private-label-Poly-Gel-1-600x600.webp 600w, https:\/\/www.fsyougel.com\/wp-content\/uploads\/2025\/08\/Private-label-Poly-Gel-1-100x100.webp 100w\" sizes=\"(max-width: 1500px) 100vw, 1500px\" \/><\/figure>\n<\/div>\n<\/div>","protected":false},"excerpt":{"rendered":"<p>Bienvenue \u00e0 l'achat de la marque priv\u00e9e Poly Gel UV\/LED soak off en 30g\/60g. Parfait pour les extensions d'ongles et l'utilisation professionnelle, notre gel poly de haute qualit\u00e9 offre une durabilit\u00e9 et une application facile.<\/p>\n<table border=\"0\" width=\"854\" cellspacing=\"0\" cellpadding=\"0\">\n<tbody>\n<tr>\n<td width=\"257\" height=\"44\">Marque<\/td>\n<td width=\"597\">YouGel<\/td>\n<\/tr>\n<tr>\n<td width=\"257\" height=\"44\">Num\u00e9ro de mod\u00e8le<\/td>\n<td width=\"597\">AG01<\/td>\n<\/tr>\n<tr>\n<td width=\"257\" height=\"44\">Type de produit<\/td>\n<td width=\"597\">UV\/LED de trempage<\/td>\n<\/tr>\n<tr>\n<td width=\"257\" height=\"44\">Mat\u00e9riau<\/td>\n<td width=\"597\">R\u00e9sine<\/td>\n<\/tr>\n<tr>\n<td width=\"257\" height=\"44\">Couleur<\/td>\n<td width=\"597\">36 Couleurs<\/td>\n<\/tr>\n<tr>\n<td width=\"257\" height=\"44\">Volume<\/td>\n<td width=\"597\">30ml\/60ml<\/td>\n<\/tr>\n<tr>\n<td width=\"257\" height=\"44\">S\u00e9curit\u00e9<\/td>\n<td width=\"597\">Sans HEMA, sans TPO, non toxique, MSDS disponible<\/td>\n<\/tr>\n<tr>\n<td width=\"257\" height=\"44\">MOQ<\/td>\n<td width=\"597\">Faible MOQ<\/td>\n<\/tr>\n<tr>\n<td width=\"257\" height=\"44\">\u00c9chantillon gratuit<\/td>\n<td width=\"597\">Disponible<\/td>\n<\/tr>\n<tr>\n<td width=\"257\" height=\"82\">Option personnalis\u00e9e<\/td>\n<td width=\"597\">Services OEM\/ODM, prise en charge des logos, \u00e9tiquettes et emballages personnalis\u00e9s<\/td>\n<\/tr>\n<\/tbody>\n<\/table>\n<h3 class=\"brxe-heading\">Fabricant de vernis \u00e0 ongles en gel<\/h3>\n<p><a href=\"https:\/\/www.fsyougel.com\/fr\/\"><strong>YouGel<\/strong><\/a>\u00a0est un fabricant de vernis \u00e0 ongles en gel de haute technologie qui propose des services de vente en gros, de marque priv\u00e9e et d'OEM\/ODM. Plus de 10 000 couleurs sans HEMA, v\u00e9g\u00e9taliennes et sans cruaut\u00e9, avec une application douce, une longue tenue et un retrait facile.<\/p>","protected":false},"featured_media":991,"comment_status":"closed","ping_status":"closed","template":"","meta":{"_acf_changed":false},"product_brand":[],"product_cat":[21],"product_tag":[],"class_list":{"0":"post-987","1":"product","2":"type-product","3":"status-publish","4":"has-post-thumbnail","6":"product_cat-wholesale-acryl-gel","8":"first","9":"instock","10":"shipping-taxable","11":"product-type-simple"},"acf":[],"_links":{"self":[{"href":"https:\/\/www.fsyougel.com\/fr\/wp-json\/wp\/v2\/product\/987","targetHints":{"allow":["GET"]}}],"collection":[{"href":"https:\/\/www.fsyougel.com\/fr\/wp-json\/wp\/v2\/product"}],"about":[{"href":"https:\/\/www.fsyougel.com\/fr\/wp-json\/wp\/v2\/types\/product"}],"replies":[{"embeddable":true,"href":"https:\/\/www.fsyougel.com\/fr\/wp-json\/wp\/v2\/comments?post=987"}],"wp:featuredmedia":[{"embeddable":true,"href":"https:\/\/www.fsyougel.com\/fr\/wp-json\/wp\/v2\/media\/991"}],"wp:attachment":[{"href":"https:\/\/www.fsyougel.com\/fr\/wp-json\/wp\/v2\/media?parent=987"}],"wp:term":[{"taxonomy":"product_brand","embeddable":true,"href":"https:\/\/www.fsyougel.com\/fr\/wp-json\/wp\/v2\/product_brand?post=987"},{"taxonomy":"product_cat","embeddable":true,"href":"https:\/\/www.fsyougel.com\/fr\/wp-json\/wp\/v2\/product_cat?post=987"},{"taxonomy":"product_tag","embeddable":true,"href":"https:\/\/www.fsyougel.com\/fr\/wp-json\/wp\/v2\/product_tag?post=987"}],"curies":[{"name":"wp","href":"https:\/\/api.w.org\/{rel}","templated":true}]}}